{"id":123,"date":"2017-10-05T15:32:00","date_gmt":"2017-10-05T15:32:00","guid":{"rendered":"http:\/\/www.enriqueigoa.com\/prueba\/?page_id=123"},"modified":"2022-01-20T15:45:54","modified_gmt":"2022-01-20T15:45:54","slug":"colaboraciones-y-recesiones","status":"publish","type":"page","link":"https:\/\/www.enriqueigoa.com\/en\/colaboraciones-y-recesiones\/","title":{"rendered":"Colaboration and book reviews"},"content":{"rendered":"<div class=\"wpb-content-wrapper\"><p>[vc_row row_height_percent=\u00bb90&#8243; back_color=\u00bbcolor-lxmt\u00bb overlay_alpha=\u00bb50&#8243; gutter_size=\u00bb3&#8243; column_width_percent=\u00bb100&#8243; shift_y=\u00bb0&#8243; z_index=\u00bb0&#8243; uncode_shortcode_id=\u00bb106970&#8243; back_color_type=\u00bbuncode-palette\u00bb][vc_column column_width_percent=\u00bb100&#8243; position_vertical=\u00bbmiddle\u00bb align_horizontal=\u00bbalign_center\u00bb gutter_size=\u00bb3&#8243; overlay_alpha=\u00bb50&#8243; shift_x=\u00bb0&#8243; shift_y=\u00bb0&#8243; shift_y_down=\u00bb0&#8243; z_index=\u00bb0&#8243; medium_width=\u00bb0&#8243; mobile_width=\u00bb0&#8243; uncode_shortcode_id=\u00bb879426&#8243;][vc_row_inner][vc_column_inner width=\u00bb1\/2&#8243;][vc_column_text uncode_shortcode_id=\u00bb209128&#8243;]<\/p>\n<h4><span style=\"color: #bf2424;\">Colaborations<\/span><\/h4>\n<p><strong>Several collaborations<\/strong> (musical and record critics, interviews) for <em>Revista \u00d3pera Actual<\/em> (from Dec.1994 until Dec.1996).<\/p>\n<h4><span style=\"color: #bf2424;\">Book Reviews<\/span><\/h4>\n<p><strong>J.D. Garc\u00eda Bacca:<\/strong> <em>Filosof\u00eda de la m\u00fasica<\/em> (Revista Quodlibet n\u00ba 1, June 1995).<\/p>\n<p><strong>L. de Pablo:<\/strong> <em>Approche d\u2019une esth\u00e9tique de la musique contemporaine<\/em> (Revista Scherzo n\u00ba 115, June 1997).<\/p>\n<p><strong>Llanas\/Casanovas:<\/strong> <em>Joaquim Homs<\/em> (Revista Scherzo n\u00ba 120, December 1997).<\/p>\n<p><strong>X.Montsalvatge:<\/strong> <em>Fol\u00eda daliniana<\/em> (Revista Scherzo n\u00ba 130, December 1998).<\/p>\n<p><strong>Morgan, R.P.:<\/strong> <em>Antolog\u00eda de la m\u00fasica del siglo XX<\/em> (Revista Scherzo n\u00ba 133, April 1999).<\/p>\n<p><strong>Varios:<\/strong> <em>Obras para grupo de c\u00e1mara<\/em>. Partituras y disco Edit.Piles (Revista Scherzo n\u00ba 137, September 1999).<\/p>\n<p>Salzer,F.\/Schachter,C.: <em>El contrapunto en la composici\u00f3n<\/em> (Revista Scherzo n\u00ba 142, March 2000).<\/p>\n<p>Varios: <em>Obras para grupo de c\u00e1mara <\/em>(Estol del Master II). Partituras y disco (Revista Scherzo n\u00ba 156, July\/Aug. 2001).[\/vc_column_text][\/vc_column_inner][vc_column_inner width=\u00bb1\/2&#8243;][vc_column_text uncode_shortcode_id=\u00bb143311&#8243;]<strong>Howard, J. <\/strong><em>Aprendiendo a componer <\/em>(Revista Scherzo n\u00ba 157, September 2001).<\/p>\n<p><strong>Grabner, H.:<\/strong> <em>Teor\u00eda general de la m\u00fasica<\/em> (Revista Scherzo n\u00ba 165, June 2002).<\/p>\n<p><strong>Lerdahl\/Jackendoff:<\/strong> <em>Teor\u00eda generativa de la m\u00fasica tonal<\/em> (Revista Scherzo n\u00ba 182, January 2004).<\/p>\n<p><strong>Catal\u00e1n, T.:<\/strong> <em>Sistemas compositivos temperados<\/em> (Revista Scherzo n\u00ba 198, June 2005).<\/p>\n<p><strong>Rosen, Ch.:<\/strong> <em>Formas de sonata <\/em>(Revista Scherzo n\u00ba 205, February 2006).<\/p>\n<p><strong>Villa Rojo, J.:<\/strong> <em>Notaci\u00f3n y graf\u00eda musical en el siglo XX<\/em> (Revista Scherzo n\u00ba 206, March 2006).<\/p>\n<p><strong>Riemann, H.:<\/strong> <em>Reducci\u00f3n al piano de la partitura<\/em> * <em>Teor\u00eda general de la m\u00fasica<\/em> (Revista Doce Notas, June-Aug. 2005).<\/p>\n<p><strong>Sokolov, A.:<\/strong> <em>Composici\u00f3n musical en el siglo XX<\/em> (Revista Scherzo n\u00ba 225, ecember 2007).<\/p>\n<p><strong>Lester, J.:<\/strong> <em>Enfoques anal\u00edticos de la m\u00fasica del siglo XX<\/em> (Revista Doce Notas).<\/p>\n<p><strong>Gonz\u00e1lez, Nuria:<\/strong> <em>Complejo atonal. La atonalidad de Arnold Sch\u00f6nberg como paradigma est\u00e9tico del Expresionismo<\/em> (Revista Scherzo n\u00ba 260, February 2011).<\/p>\n<p><strong>Noya, Javier:<\/strong> <em>Armon\u00eda universal. M\u00fasica, globalizaci\u00f3n y pol\u00edtica internacional<\/em> (Revista Scherzo n\u00ba 279, November 2012).<\/p>\n<p><strong>Gonz\u00e1lez Lapuente, A.:<\/strong> <em>Historia de la m\u00fasica en Espa\u00f1a e Hispanoam\u00e9rica<\/em>. Vol. 7 <em>La m\u00fasica en el siglo XX<\/em>.\u00a0 <em>\u00a0\u00a0<\/em>[\/vc_column_text][\/vc_column_inner][\/vc_row_inner][\/vc_column][\/vc_row]<\/p>\n<\/div>","protected":false},"excerpt":{"rendered":"<p>[vc_row row_height_percent=\u00bb90&#8243; back_color=\u00bbcolor-lxmt\u00bb overlay_alpha=\u00bb50&#8243; gutter_size=\u00bb3&#8243; column_width_percent=\u00bb100&#8243; shift_y=\u00bb0&#8243; z_index=\u00bb0&#8243; uncode_shortcode_id=\u00bb106970&#8243; back_color_type=\u00bbuncode-palette\u00bb][vc_column column_width_percent=\u00bb100&#8243; position_vertical=\u00bbmiddle\u00bb align_horizontal=\u00bbalign_center\u00bb gutter_size=\u00bb3&#8243; overlay_alpha=\u00bb50&#8243; shift_x=\u00bb0&#8243; shift_y=\u00bb0&#8243; shift_y_down=\u00bb0&#8243; z_index=\u00bb0&#8243; medium_width=\u00bb0&#8243; [&hellip;]<\/p>\n","protected":false},"author":1,"featured_media":0,"parent":0,"menu_order":0,"comment_status":"closed","ping_status":"closed","template":"","meta":{"footnotes":""},"class_list":["post-123","page","type-page","status-publish","hentry"],"yoast_head":"<!-- This site is optimized with the Yoast SEO plugin v26.7 - https:\/\/yoast.com\/wordpress\/plugins\/seo\/ -->\n<title>Colaboration and book reviews - Enrique Igoa. Composer and teacher<\/title>\n<meta name=\"robots\" content=\"index, follow, max-snippet:-1, max-image-preview:large, max-video-preview:-1\" \/>\n<link rel=\"canonical\" href=\"https:\/\/www.enriqueigoa.com\/en\/colaboraciones-y-recesiones\/\" \/>\n<meta property=\"og:locale\" content=\"es_ES\" \/>\n<meta property=\"og:type\" content=\"article\" \/>\n<meta property=\"og:title\" content=\"Colaboration and book reviews - Enrique Igoa. Composer and teacher\" \/>\n<meta property=\"og:description\" content=\"[vc_row row_height_percent=\u00bb90&#8243; back_color=\u00bbcolor-lxmt\u00bb overlay_alpha=\u00bb50&#8243; gutter_size=\u00bb3&#8243; column_width_percent=\u00bb100&#8243; shift_y=\u00bb0&#8243; z_index=\u00bb0&#8243; uncode_shortcode_id=\u00bb106970&#8243; back_color_type=\u00bbuncode-palette\u00bb][vc_column column_width_percent=\u00bb100&#8243; position_vertical=\u00bbmiddle\u00bb align_horizontal=\u00bbalign_center\u00bb gutter_size=\u00bb3&#8243; overlay_alpha=\u00bb50&#8243; shift_x=\u00bb0&#8243; shift_y=\u00bb0&#8243; shift_y_down=\u00bb0&#8243; z_index=\u00bb0&#8243; medium_width=\u00bb0&#8243; [&hellip;]\" \/>\n<meta property=\"og:url\" content=\"https:\/\/www.enriqueigoa.com\/en\/colaboraciones-y-recesiones\/\" \/>\n<meta property=\"og:site_name\" content=\"Enrique Igoa. Composer and teacher\" \/>\n<meta property=\"article:modified_time\" content=\"2022-01-20T15:45:54+00:00\" \/>\n<meta name=\"twitter:card\" content=\"summary_large_image\" \/>\n<meta name=\"twitter:label1\" content=\"Tiempo de lectura\" \/>\n\t<meta name=\"twitter:data1\" content=\"2 minutos\" \/>\n<script type=\"application\/ld+json\" class=\"yoast-schema-graph\">{\"@context\":\"https:\/\/schema.org\",\"@graph\":[{\"@type\":\"WebPage\",\"@id\":\"https:\/\/www.enriqueigoa.com\/en\/colaboraciones-y-recesiones\/\",\"url\":\"https:\/\/www.enriqueigoa.com\/en\/colaboraciones-y-recesiones\/\",\"name\":\"Colaboration and book reviews - Enrique Igoa. Composer and teacher\",\"isPartOf\":{\"@id\":\"https:\/\/www.enriqueigoa.com\/en\/#website\"},\"datePublished\":\"2017-10-05T15:32:00+00:00\",\"dateModified\":\"2022-01-20T15:45:54+00:00\",\"breadcrumb\":{\"@id\":\"https:\/\/www.enriqueigoa.com\/en\/colaboraciones-y-recesiones\/#breadcrumb\"},\"inLanguage\":\"es\",\"potentialAction\":[{\"@type\":\"ReadAction\",\"target\":[\"https:\/\/www.enriqueigoa.com\/en\/colaboraciones-y-recesiones\/\"]}]},{\"@type\":\"BreadcrumbList\",\"@id\":\"https:\/\/www.enriqueigoa.com\/en\/colaboraciones-y-recesiones\/#breadcrumb\",\"itemListElement\":[{\"@type\":\"ListItem\",\"position\":1,\"name\":\"Portada\",\"item\":\"https:\/\/www.enriqueigoa.com\/en\/\"},{\"@type\":\"ListItem\",\"position\":2,\"name\":\"Colaboration and book reviews\"}]},{\"@type\":\"WebSite\",\"@id\":\"https:\/\/www.enriqueigoa.com\/en\/#website\",\"url\":\"https:\/\/www.enriqueigoa.com\/en\/\",\"name\":\"Enrique Igoa. Compositor y profesor\",\"description\":\"Composer, Professor of Musical Analysis and Musical researcher\",\"publisher\":{\"@id\":\"https:\/\/www.enriqueigoa.com\/en\/#organization\"},\"potentialAction\":[{\"@type\":\"SearchAction\",\"target\":{\"@type\":\"EntryPoint\",\"urlTemplate\":\"https:\/\/www.enriqueigoa.com\/en\/?s={search_term_string}\"},\"query-input\":{\"@type\":\"PropertyValueSpecification\",\"valueRequired\":true,\"valueName\":\"search_term_string\"}}],\"inLanguage\":\"es\"},{\"@type\":\"Organization\",\"@id\":\"https:\/\/www.enriqueigoa.com\/en\/#organization\",\"name\":\"Enrique Igoa\",\"url\":\"https:\/\/www.enriqueigoa.com\/en\/\",\"logo\":{\"@type\":\"ImageObject\",\"inLanguage\":\"es\",\"@id\":\"https:\/\/www.enriqueigoa.com\/en\/#\/schema\/logo\/image\/\",\"url\":\"https:\/\/www.enriqueigoa.com\/en\/wp-content\/uploads\/2017\/10\/bio0.jpg\",\"contentUrl\":\"https:\/\/www.enriqueigoa.com\/en\/wp-content\/uploads\/2017\/10\/bio0.jpg\",\"width\":400,\"height\":400,\"caption\":\"Enrique Igoa\"},\"image\":{\"@id\":\"https:\/\/www.enriqueigoa.com\/en\/#\/schema\/logo\/image\/\"},\"sameAs\":[\"https:\/\/www.linkedin.com\/in\/enriqueigoa\/?originalSubdomain=es\",\"https:\/\/www.youtube.com\/channel\/UCTHPGgP1YEFhpnnNbbRhrQg\/videos?view=0&amp;amp;amp;amp;sort=p&amp;amp;amp;amp;flow=grid\"]}]}<\/script>\n<!-- \/ Yoast SEO plugin. -->","yoast_head_json":{"title":"Colaboration and book reviews - Enrique Igoa. Composer and teacher","robots":{"index":"index","follow":"follow","max-snippet":"max-snippet:-1","max-image-preview":"max-image-preview:large","max-video-preview":"max-video-preview:-1"},"canonical":"https:\/\/www.enriqueigoa.com\/en\/colaboraciones-y-recesiones\/","og_locale":"es_ES","og_type":"article","og_title":"Colaboration and book reviews - Enrique Igoa. Composer and teacher","og_description":"[vc_row row_height_percent=\u00bb90&#8243; back_color=\u00bbcolor-lxmt\u00bb overlay_alpha=\u00bb50&#8243; gutter_size=\u00bb3&#8243; column_width_percent=\u00bb100&#8243; shift_y=\u00bb0&#8243; z_index=\u00bb0&#8243; uncode_shortcode_id=\u00bb106970&#8243; back_color_type=\u00bbuncode-palette\u00bb][vc_column column_width_percent=\u00bb100&#8243; position_vertical=\u00bbmiddle\u00bb align_horizontal=\u00bbalign_center\u00bb gutter_size=\u00bb3&#8243; overlay_alpha=\u00bb50&#8243; shift_x=\u00bb0&#8243; shift_y=\u00bb0&#8243; shift_y_down=\u00bb0&#8243; z_index=\u00bb0&#8243; medium_width=\u00bb0&#8243; [&hellip;]","og_url":"https:\/\/www.enriqueigoa.com\/en\/colaboraciones-y-recesiones\/","og_site_name":"Enrique Igoa. Composer and teacher","article_modified_time":"2022-01-20T15:45:54+00:00","twitter_card":"summary_large_image","twitter_misc":{"Tiempo de lectura":"2 minutos"},"schema":{"@context":"https:\/\/schema.org","@graph":[{"@type":"WebPage","@id":"https:\/\/www.enriqueigoa.com\/en\/colaboraciones-y-recesiones\/","url":"https:\/\/www.enriqueigoa.com\/en\/colaboraciones-y-recesiones\/","name":"Colaboration and book reviews - Enrique Igoa. Composer and teacher","isPartOf":{"@id":"https:\/\/www.enriqueigoa.com\/en\/#website"},"datePublished":"2017-10-05T15:32:00+00:00","dateModified":"2022-01-20T15:45:54+00:00","breadcrumb":{"@id":"https:\/\/www.enriqueigoa.com\/en\/colaboraciones-y-recesiones\/#breadcrumb"},"inLanguage":"es","potentialAction":[{"@type":"ReadAction","target":["https:\/\/www.enriqueigoa.com\/en\/colaboraciones-y-recesiones\/"]}]},{"@type":"BreadcrumbList","@id":"https:\/\/www.enriqueigoa.com\/en\/colaboraciones-y-recesiones\/#breadcrumb","itemListElement":[{"@type":"ListItem","position":1,"name":"Portada","item":"https:\/\/www.enriqueigoa.com\/en\/"},{"@type":"ListItem","position":2,"name":"Colaboration and book reviews"}]},{"@type":"WebSite","@id":"https:\/\/www.enriqueigoa.com\/en\/#website","url":"https:\/\/www.enriqueigoa.com\/en\/","name":"Enrique Igoa. Compositor y profesor","description":"Composer, Professor of Musical Analysis and Musical researcher","publisher":{"@id":"https:\/\/www.enriqueigoa.com\/en\/#organization"},"potentialAction":[{"@type":"SearchAction","target":{"@type":"EntryPoint","urlTemplate":"https:\/\/www.enriqueigoa.com\/en\/?s={search_term_string}"},"query-input":{"@type":"PropertyValueSpecification","valueRequired":true,"valueName":"search_term_string"}}],"inLanguage":"es"},{"@type":"Organization","@id":"https:\/\/www.enriqueigoa.com\/en\/#organization","name":"Enrique Igoa","url":"https:\/\/www.enriqueigoa.com\/en\/","logo":{"@type":"ImageObject","inLanguage":"es","@id":"https:\/\/www.enriqueigoa.com\/en\/#\/schema\/logo\/image\/","url":"https:\/\/www.enriqueigoa.com\/en\/wp-content\/uploads\/2017\/10\/bio0.jpg","contentUrl":"https:\/\/www.enriqueigoa.com\/en\/wp-content\/uploads\/2017\/10\/bio0.jpg","width":400,"height":400,"caption":"Enrique Igoa"},"image":{"@id":"https:\/\/www.enriqueigoa.com\/en\/#\/schema\/logo\/image\/"},"sameAs":["https:\/\/www.linkedin.com\/in\/enriqueigoa\/?originalSubdomain=es","https:\/\/www.youtube.com\/channel\/UCTHPGgP1YEFhpnnNbbRhrQg\/videos?view=0&amp;amp;amp;amp;sort=p&amp;amp;amp;amp;flow=grid"]}]}},"_links":{"self":[{"href":"https:\/\/www.enriqueigoa.com\/en\/wp-json\/wp\/v2\/pages\/123","targetHints":{"allow":["GET"]}}],"collection":[{"href":"https:\/\/www.enriqueigoa.com\/en\/wp-json\/wp\/v2\/pages"}],"about":[{"href":"https:\/\/www.enriqueigoa.com\/en\/wp-json\/wp\/v2\/types\/page"}],"author":[{"embeddable":true,"href":"https:\/\/www.enriqueigoa.com\/en\/wp-json\/wp\/v2\/users\/1"}],"replies":[{"embeddable":true,"href":"https:\/\/www.enriqueigoa.com\/en\/wp-json\/wp\/v2\/comments?post=123"}],"version-history":[{"count":7,"href":"https:\/\/www.enriqueigoa.com\/en\/wp-json\/wp\/v2\/pages\/123\/revisions"}],"predecessor-version":[{"id":954,"href":"https:\/\/www.enriqueigoa.com\/en\/wp-json\/wp\/v2\/pages\/123\/revisions\/954"}],"wp:attachment":[{"href":"https:\/\/www.enriqueigoa.com\/en\/wp-json\/wp\/v2\/media?parent=123"}],"curies":[{"name":"wp","href":"https:\/\/api.w.org\/{rel}","templated":true}]}}