{"id":148,"date":"2017-10-05T17:08:08","date_gmt":"2017-10-05T17:08:08","guid":{"rendered":"http:\/\/www.enriqueigoa.com\/prueba\/?page_id=148"},"modified":"2024-04-22T11:31:11","modified_gmt":"2024-04-22T11:31:11","slug":"obras-orquestales","status":"publish","type":"page","link":"https:\/\/www.enriqueigoa.com\/en\/obras-orquestales\/","title":{"rendered":"Orchestral Works"},"content":{"rendered":"<div class=\"wpb-content-wrapper\"><p>[vc_row row_height_percent=\u00bb0&#8243; overlay_alpha=\u00bb50&#8243; gutter_size=\u00bb3&#8243; column_width_percent=\u00bb100&#8243; shift_y=\u00bb0&#8243; z_index=\u00bb0&#8243; uncode_shortcode_id=\u00bb187841&#8243;][vc_column column_width_percent=\u00bb100&#8243; position_vertical=\u00bbmiddle\u00bb align_horizontal=\u00bbalign_center\u00bb gutter_size=\u00bb3&#8243; overlay_alpha=\u00bb50&#8243; shift_x=\u00bb0&#8243; shift_y=\u00bb0&#8243; shift_y_down=\u00bb0&#8243; z_index=\u00bb0&#8243; medium_width=\u00bb0&#8243; mobile_width=\u00bb0&#8243; uncode_shortcode_id=\u00bb879426&#8243;][vc_column_text uncode_shortcode_id=\u00bb192295&#8243;]<\/p>\n<p style=\"text-align: center;\"><em>Image: partiture ESTUDIO II <\/em><\/p>\n<p>&nbsp;<\/p>\n<div style=\"line-height: 140%; text-align: justify;\"><\/div>\n<p>[\/vc_column_text][vc_row_inner][vc_column_inner width=\u00bb1\/3&#8243;][vc_column_text uncode_shortcode_id=\u00bb211691&#8243;]<\/p>\n<h4><span style=\"color: #bf2424;\">Orchestra<\/span><\/h4>\n<p><span style=\"color: #000000;\">OP.2a <strong>PRELUDIO, BALADA Y FUGA<\/strong>\u00a0Big-Band with several organic (Versions: 1988, 1995, 2001)<\/span><\/p>\n<p><span style=\"color: #222222;\"><em>Organic: <\/em><strong>2 alto sax., 2 ten. sax., bar. sax., 4 tpt., 3 trb.,<\/strong> <strong>guitar, piano, <\/strong><\/span><strong><span style=\"color: #222222;\">double bass and drums<\/span><\/strong><br \/>\n<span style=\"color: #222222;\"> <em>Lasting time: <\/em><strong>10\u2019 28\u2019\u2019<\/strong><\/span><\/p>\n<p><span style=\"color: #222222;\">&#8230;&#8230;&#8230;&#8230;&#8230;&#8230;&#8230;&#8230;&#8230;&#8230;&#8230;<\/span><\/p>\n<p>OP.7\u00a0\u00a0 <strong>RECUERDOS DE MONTA\u00d1A<\/strong>\u00a0Symphonic orchestra\u00a0 (Madrid, 1981)<\/p>\n<p><span style=\"color: #222222;\"><em>Organic:<\/em> <strong>3 3 3 3 \u2013 2 2 1 0 \u2013 Perc. (3) \u2013 Pno. \u2013 12 10 8 6 4<\/strong><\/span><br \/>\n<span style=\"color: #222222;\"> <em>Lasting time: <\/em><strong>9\u2019 28\u2019\u2019<\/strong><\/span><\/p>\n<p><span style=\"color: #222222;\">&#8230;&#8230;&#8230;&#8230;&#8230;&#8230;&#8230;&#8230;&#8230;&#8230;&#8230;<\/span><\/p>\n<p><img decoding=\"async\" class=\"size-full wp-image-244 alignleft\" src=\"http:\/\/www.enriqueigoa.com\/wp-content\/uploads\/2017\/10\/op10-1w.jpg\" alt=\"\" width=\"100\" height=\"80\" \/>OP.10\u00a0 <strong>ADAGIO\u00a0<\/strong>String orchestra or string septet\u00a0 (Madrid, 1983)<\/p>\n<p><span style=\"color: #555555;\"><em><span style=\"color: #222222;\">Lasting time: <\/span><\/em><span style=\"color: #222222;\"><strong>6\u2019 40\u2019\u2019<br \/>\n<\/strong><em>First perform.: Orquesta Nacional do Porto &#8211; Cond.: Manuel Ivo Cruz \u2013 <\/em><em>Teatro Principal \u2013 XIV Festival Internacional de M\u00fasica <\/em><\/span><\/span><span style=\"color: #222222;\"><em>Contempor\u00e1nea de Alicante &#8211; 24.9.1998<br \/>\n<\/em><\/span><em><a href=\"http:\/\/www.editorialalpuerto.es\/libros\/adagio-op-10\/9790692120957\/\" target=\"_blank\" rel=\"noopener noreferrer\"><span style=\"color: #222222;\">Edition: Editorial Alpuerto (1999)<\/span><\/a><a href=\"http:\/\/www.editorialalpuerto.es\/libros\/adagio-op-10\/9790692120957\/\" target=\"_blank\" rel=\"noopener noreferrer\"><span style=\"color: #ff0000;\"><br \/>\n<\/span><\/a><\/em><span style=\"color: #222222;\"><span style=\"color: #555555;\"><em>Recording: Radio Cl\u00e1sica de RNE y TVE<br \/>\n<\/em><\/span><\/span><\/p>\n<p><iframe src=\"https:\/\/www.youtube.com\/embed\/UrEOJF5nyw8\" width=\"560\" height=\"315\" frameborder=\"0\" allowfullscreen=\"allowfullscreen\" data-mce-fragment=\"1\"><\/iframe>[\/vc_column_text][\/vc_column_inner][vc_column_inner width=\u00bb1\/3&#8243;][vc_column_text uncode_shortcode_id=\u00bb183548&#8243;]OP.21<strong> SONOR TEMPORIS<\/strong> Symphonic orchestra (Madrid, 1991-93; revision 2005)<br \/>\n<em>Organic:<\/em> <strong>3 3 3 3 \u2013 4 3 3 1 \u2013 Perc. (4) \u2013 Pno. \u2013 16 14 12 10 8<\/strong><br \/>\n<em>Lasting time: <\/em><strong>14\u2019 56\u2019\u2019<\/strong><\/p>\n<p><span style=\"color: #222222;\">&#8230;&#8230;&#8230;&#8230;&#8230;&#8230;&#8230;&#8230;&#8230;&#8230;&#8230;<\/span><\/p>\n<p><img decoding=\"async\" class=\"size-full wp-image-265 alignleft\" src=\"https:\/\/www.enriqueigoa.com\/en\/wp-content\/uploads\/2017\/10\/op36-2-munch-el-gritow-1.jpg\" alt=\"\" width=\"100\" height=\"120\" \/> OP.36a <strong>MUNCH-LIGHT\u00a0<\/strong><span style=\"color: #000000;\">String orchestra (Madrid, 1999)<\/span><br \/>\n<span style=\"color: #222222;\"><em>Lasting time: <\/em><strong>10\u2019 34\u2019\u2019<br \/>\n<\/strong><em>First perform: Orquesta de C\u00e1mara SIC &#8211; Cond.: Sebasti\u00e1n Marin\u00e9 &#8211; III <\/em><em>Festival de M\u00fasica Contempor\u00e1nea de Madrid COMA\u201901- Casa de <\/em><em>Am\u00e9rica (Madrid) &#8211; 10.11.2001<br \/>\n<\/em><\/span><em style=\"color: #555555;\"><span style=\"color: #222222;\">Recording: Radio Cl\u00e1sica de RNE \u2013 TVE<\/span><br \/>\n<\/em><span style=\"color: #222222;\"><span style=\"color: #555555;\"><a href=\"https:\/\/soundcloud.com\/user-820058208\/wav-m-op36-munch-lightwav\" target=\"_blank\" rel=\"noopener noreferrer\"><span style=\"color: #bf2424;\"><em>Soundcloud<\/em><\/span><\/a><\/span><\/span><\/p>\n<p><a href=\"https:\/\/www.rtve.es\/play\/videos\/musica-en-el-archivo-de-rtve\/20-7-2003\/15951246\/\" target=\"_blank\" rel=\"noopener\"><em>Premiere of the work Munch-light op. 36a by the RTVE Orchestra and previous interview with Enrique Igoa<\/em><\/a><\/p>\n<p><span style=\"color: #222222;\">&#8230;&#8230;&#8230;&#8230;&#8230;&#8230;&#8230;&#8230;&#8230;&#8230;&#8230;<\/span><\/p>\n<p>OP. 42b <strong>DOS FANTAS\u00cdAS COREOGR\u00c1FICAS<\/strong> Classical orchestra (Madrid, 2019)<br \/>\nOrchestration of no. I and IV from <em>Calypso &amp; Ulises op. 42a<\/em><br \/>\n<em>Lasting time:<\/em> <strong>9\u2019 28\u2019\u2019<br \/>\n<\/strong><em>Commission: Sebasti\u00e1n Marin\u00e9 for the RCSMM Classical Orchestra<\/em><br \/>\n<em>First perform: Orquesta Cl\u00e1sica \u201cMariana Mart\u00ednez\u201d del RCSMM \u2013 Dir.: Sebasti\u00e1n Marin\u00e9 \u2013 Auditorio Nacional de M\u00fasica \u2013 14.6.2021<\/em><br \/>\n<a href=\"http:\/\/www.edquiroga.es\/index.php\/es\/venta-de-obras\/papel\/dos-fantas%C3%ADas-coreogr%C3%A1fias-op.-42b-detail.html\" target=\"_blank\" rel=\"noopener noreferrer\"><em>Edition: EMEC (2021)<\/em><\/a><\/p>\n<p><span style=\"color: #222222;\">&#8230;&#8230;&#8230;&#8230;&#8230;&#8230;&#8230;&#8230;&#8230;&#8230;&#8230;<\/span><\/p>\n<p><img decoding=\"async\" class=\"size-full wp-image-266 alignleft\" src=\"http:\/\/www.enriqueigoa.com\/wp-content\/uploads\/2017\/10\/op45-1w.jpg\" alt=\"\" width=\"100\" height=\"120\" \/>OP.45 <strong>EL SUE\u00d1O DE AMAD\u00cdS\u00a0<\/strong>String orchestra\u00a0 (Mallorca &#8211; Madrid, 2004)<\/p>\n<p><span style=\"color: #222222;\"><em>Lasting time: <\/em><strong>8\u2019 12\u2019\u2019<br \/>\n<\/strong><em>Commission: Orquesta de C\u00e1mara Reina Sof\u00eda<br \/>\n<\/em><em>First perform.: Orquesta de C\u00e1mara Reina Sof\u00eda \u2013 Cond.: Nicol\u00e1s <\/em><em>Chumachenco XXVI Festival Internacional de Ayamonte \u2013 Teatro <\/em><em>Cardenio Ayamonte (Huelva) \u2013 13.8.2008<\/em><\/span><\/p>\n<p><span style=\"color: #222222;\">&#8230;&#8230;&#8230;&#8230;&#8230;&#8230;&#8230;&#8230;&#8230;&#8230;&#8230;<\/span><\/p>\n<p><strong>MEMORIAS DE LA ILUSTRACI\u00d3N <\/strong>Transcription of the Sonatas 87 y 42 from Antonio Soler for string Orchestra or string quintet (Madrid, 2021)<br \/>\n<em>Lasting time: <\/em><strong>6\u2019 16\u2019\u2019<\/strong><\/p>\n<h4><span style=\"color: #bf2424;\">\u00a0Solo Instrument and Orchestra<\/span><\/h4>\n<p>OP.23a\u00a0 <strong>TRANS-EGREDI (RAPSODIA)\u00a0<\/strong>Violin and orchestra\u00a0 (Madrid, 1992-94)<\/p>\n<p><span style=\"color: #222222;\"><em>Organic:<\/em> <strong>3 3 3 3 \u2013 4 3 3 1 \u2013 Perc. (3) \u2013 Pno. &#8211; Vl. solista \u2013 12 10 8 6 4<\/strong><\/span><br \/>\n<span style=\"color: #222222;\"> <em>Lasting time:<\/em> <strong>16\u2019 10\u2019\u2019<\/strong><\/span><\/p>\n<p><span style=\"color: #222222;\">&#8230;&#8230;&#8230;&#8230;&#8230;&#8230;&#8230;&#8230;&#8230;&#8230;&#8230;<\/span><\/p>\n<p>OP.23c\u00a0 <strong>RAPSODIA CONCISA <\/strong>Violin and instrumental ensemble (Madrid, 2018)<br \/>\n\u00abTrailer\u00bb from <em>Trans-egredi <\/em>op. 23a<\/p>\n<p><em>Organic:<\/em> <strong>solo vl., fl., cl., alto sax, vc., p.<\/strong><br \/>\n<em>Lasting time:<\/em> <strong>2\u2019 40\u2019\u2019<br \/>\n<\/strong><em>First perf.: Emilio S\u00e1nchez (vl.), Grupo Cosmos 21 \u2013 Cond.: Carlos Gal\u00e1n\u00a0<\/em><em>XXVII Festival Internacional de Primavera &#8211; M\u00fasica de los siglos <\/em><em>XX y XXI \u2013 Conservatorio Superior de Salamanca \u2013 23.3.2018<\/em>[\/vc_column_text][\/vc_column_inner][vc_column_inner width=\u00bb1\/3&#8243;][vc_column_text uncode_shortcode_id=\u00bb100227&#8243;]<span style=\"color: #000000;\"><img decoding=\"async\" class=\"size-full wp-image-657 alignleft\" src=\"https:\/\/www.enriqueigoa.com\/en\/wp-content\/uploads\/2017\/12\/op06-1w.png\" alt=\"\" width=\"100\" height=\"80\" \/>OP.28\u00a0 <strong>JAN MAYEN (RAPSODIA)<\/strong>\u00a0<\/span>\u00a0Guitar and small orchestra (Madrid, 1996)<\/p>\n<p><span style=\"color: #222222;\"><em>Organic:<\/em> <strong>1 1 1 1 \u2013 0 0 0 0 \u2013 Perc. (2) \u2013\u00a0 Guit. \u2013 6 6 4 2 1<\/strong><\/span><br \/>\n<span style=\"color: #222222;\"> <em>Lasting time: <\/em><strong>12\u2019 30\u2019\u2019<br \/>\n<\/strong><em>Commission: Festival Internacional de Primavera Andr\u00e9s Segovia (Madrid)<br \/>\n<\/em><em>First perform.: Pablo de la Cruz (guit.) &#8211; Orquesta de la Guildhall School of <\/em><em>Music &#8211; Cond.: Sarah Loannides &#8211; Auditorio Nacional de M\u00fasica \u2013 X <\/em><em>Festival Internacional de Primavera Andr\u00e9s Segovia &#8211; 7.5.1996<br \/>\n<\/em><span style=\"color: #555555;\"><em>Recording: Pablo de la Cruz (guit.) &#8211; Orquesta Sinf\u00f3nica de Czestochowa \u2013 <\/em><em>Dir.: Tom\u00e1s Garrido \u2013 CD \u201cM\u00fasica para un paisaje &#8211; Cuentos de la\u00a0<\/em><em>Atl\u00e1ntida\u201d \u2013 Acte Pr\u00e9alable \u2013 AP0041 \u2013 Czestochowa (Polonia), 1999<br \/>\n<a href=\"http:\/\/acteprealable.com\/albums\/ap0041.html\" target=\"_blank\" rel=\"noopener noreferrer\"><span style=\"color: #bf2424;\">See<\/span><br \/>\n<\/a><\/em><span style=\"color: #bf2424;\"><a href=\"https:\/\/soundcloud.com\/user-820058208\/wav-m-op28-jan-mayenwav\" target=\"_blank\" rel=\"noopener noreferrer\"><em>Soundcloud<\/em><\/a><\/span><\/span><\/span><\/p>\n<p><span style=\"color: #222222;\">&#8230;&#8230;&#8230;&#8230;&#8230;&#8230;&#8230;&#8230;&#8230;&#8230;&#8230;<\/span><\/p>\n<h4><span style=\"color: #bf2424;\">Voice (Solo &#8211; Choir) and Orchestra<\/span><\/h4>\n<p><span style=\"color: #000000;\">OP.9\u00a0\u00a0 <strong>MISSA DE ANGELIS<\/strong>\u00a0<\/span>Choir and orchestra or choir and organ\u00a0 (Madrid, 1982)<\/p>\n<p><span style=\"color: #222222;\"><em>Organic: <\/em><strong>choir and orchestra [3 3 3 3 \u2013 4 3 3 1 \u2013 Perc. (4) \u2013 Pno. \u2013 12 10 8 6 4] or choir and organ<\/strong><\/span><br \/>\n<span style=\"color: #222222;\"> <em>Lasting time: <\/em><strong>21\u2019 30\u2019\u2019<\/strong><\/span><\/p>\n<p><span style=\"color: #222222;\">&#8230;&#8230;&#8230;&#8230;&#8230;&#8230;&#8230;&#8230;&#8230;&#8230;&#8230;<\/span><\/p>\n<p><span style=\"color: #000000;\"><img decoding=\"async\" class=\"size-full wp-image-251 alignleft\" src=\"http:\/\/www.enriqueigoa.com\/wp-content\/uploads\/2017\/10\/op50.jpg\" alt=\"\" width=\"100\" height=\"80\" \/>OP.50 <strong>P\u00d3RTICO DE LA QUIMERA <\/strong><\/span>Choir, chamber choir, solo choir and orchestra (Santorini [Greece] \u2013 Madrid, 2009)<\/p>\n<p><span style=\"color: #222222;\"><em>Organic: <\/em><strong>choir and orchestra [4 3 4 3 \u2013 4 3 3 1 \u2013 Perc. (4) \u2013 Pno. \u201314 12 10 8 6]\u00a0<\/strong><\/span><br \/>\n<span style=\"color: #222222;\"> <em>Lasting time:<\/em> <strong>13\u2019 40\u2019\u2019<br \/>\n<\/strong><em>Commission: Fundaci\u00f3n Autor y AEOS para la Orquesta y Coro de la <\/em><em>Comunidad de Madrid<br \/>\n<\/em><em>First perform.: Coro y Orquesta de la Comunidad de Madrid \u2013 Cond.: Jos\u00e9 <\/em><em>Ram\u00f3n Encinar \u2013 Auditorio Nacional de M\u00fasica \u2013 Temporada 2009-<\/em><em>2010 de la ORCAM (Orquesta de la Comunidad de Madrid) \u2013 <\/em><em>7.6.2010.<br \/>\n<\/em><span style=\"color: #555555;\"><em>Recording: Radio Cl\u00e1sica de Radio Nacional de Espa\u00f1a * CD Nueva <\/em><em>\u00a0Creaci\u00f3n Sinf\u00f3nica 5 \u2013 Fundaci\u00f3n Autor &amp; AEOS, 2011<br \/>\n<\/em><a href=\"https:\/\/soundcloud.com\/user-820058208\/wav-m-op50-portico-de-la-quimera-wav\" target=\"_blank\" rel=\"noopener noreferrer\"><span style=\"color: #bf2424;\"><em>Soundcloud<\/em><\/span><\/a><\/span><\/span>[\/vc_column_text][\/vc_column_inner][\/vc_row_inner][\/vc_column][\/vc_row]<\/p>\n<\/div>","protected":false},"excerpt":{"rendered":"<p>[vc_row row_height_percent=\u00bb0&#8243; overlay_alpha=\u00bb50&#8243; gutter_size=\u00bb3&#8243; column_width_percent=\u00bb100&#8243; shift_y=\u00bb0&#8243; z_index=\u00bb0&#8243; uncode_shortcode_id=\u00bb187841&#8243;][vc_column column_width_percent=\u00bb100&#8243; position_vertical=\u00bbmiddle\u00bb align_horizontal=\u00bbalign_center\u00bb gutter_size=\u00bb3&#8243; overlay_alpha=\u00bb50&#8243; shift_x=\u00bb0&#8243; shift_y=\u00bb0&#8243; shift_y_down=\u00bb0&#8243; z_index=\u00bb0&#8243; medium_width=\u00bb0&#8243; mobile_width=\u00bb0&#8243; uncode_shortcode_id=\u00bb879426&#8243;][vc_column_text [&hellip;]<\/p>\n","protected":false},"author":1,"featured_media":197,"parent":0,"menu_order":0,"comment_status":"closed","ping_status":"closed","template":"","meta":{"footnotes":""},"class_list":["post-148","page","type-page","status-publish","has-post-thumbnail","hentry"],"yoast_head":"<!-- This site is optimized with the Yoast SEO plugin v26.7 - https:\/\/yoast.com\/wordpress\/plugins\/seo\/ -->\n<title>Orchestral Works - Enrique Igoa. Composer and teacher<\/title>\n<meta name=\"robots\" content=\"index, follow, max-snippet:-1, max-image-preview:large, max-video-preview:-1\" \/>\n<link rel=\"canonical\" href=\"https:\/\/www.enriqueigoa.com\/en\/obras-orquestales\/\" \/>\n<meta property=\"og:locale\" content=\"es_ES\" \/>\n<meta property=\"og:type\" content=\"article\" \/>\n<meta property=\"og:title\" content=\"Orchestral Works - Enrique Igoa. Composer and teacher\" \/>\n<meta property=\"og:description\" content=\"[vc_row row_height_percent=\u00bb0&#8243; overlay_alpha=\u00bb50&#8243; gutter_size=\u00bb3&#8243; column_width_percent=\u00bb100&#8243; shift_y=\u00bb0&#8243; z_index=\u00bb0&#8243; uncode_shortcode_id=\u00bb187841&#8243;][vc_column column_width_percent=\u00bb100&#8243; position_vertical=\u00bbmiddle\u00bb align_horizontal=\u00bbalign_center\u00bb gutter_size=\u00bb3&#8243; overlay_alpha=\u00bb50&#8243; shift_x=\u00bb0&#8243; shift_y=\u00bb0&#8243; shift_y_down=\u00bb0&#8243; z_index=\u00bb0&#8243; medium_width=\u00bb0&#8243; mobile_width=\u00bb0&#8243; uncode_shortcode_id=\u00bb879426&#8243;][vc_column_text [&hellip;]\" \/>\n<meta property=\"og:url\" content=\"https:\/\/www.enriqueigoa.com\/en\/obras-orquestales\/\" \/>\n<meta property=\"og:site_name\" content=\"Enrique Igoa. Composer and teacher\" \/>\n<meta property=\"article:modified_time\" content=\"2024-04-22T11:31:11+00:00\" \/>\n<meta property=\"og:image\" content=\"https:\/\/www.enriqueigoa.com\/en\/wp-content\/uploads\/2017\/10\/partitura.jpg\" \/>\n\t<meta property=\"og:image:width\" content=\"2000\" \/>\n\t<meta property=\"og:image:height\" content=\"934\" \/>\n\t<meta property=\"og:image:type\" content=\"image\/jpeg\" \/>\n<meta name=\"twitter:card\" content=\"summary_large_image\" \/>\n<meta name=\"twitter:label1\" content=\"Tiempo de lectura\" \/>\n\t<meta name=\"twitter:data1\" content=\"5 minutos\" \/>\n<script type=\"application\/ld+json\" class=\"yoast-schema-graph\">{\"@context\":\"https:\/\/schema.org\",\"@graph\":[{\"@type\":\"WebPage\",\"@id\":\"https:\/\/www.enriqueigoa.com\/en\/obras-orquestales\/\",\"url\":\"https:\/\/www.enriqueigoa.com\/en\/obras-orquestales\/\",\"name\":\"Orchestral Works - Enrique Igoa. Composer and teacher\",\"isPartOf\":{\"@id\":\"https:\/\/www.enriqueigoa.com\/en\/#website\"},\"primaryImageOfPage\":{\"@id\":\"https:\/\/www.enriqueigoa.com\/en\/obras-orquestales\/#primaryimage\"},\"image\":{\"@id\":\"https:\/\/www.enriqueigoa.com\/en\/obras-orquestales\/#primaryimage\"},\"thumbnailUrl\":\"https:\/\/www.enriqueigoa.com\/en\/wp-content\/uploads\/2017\/10\/partitura.jpg\",\"datePublished\":\"2017-10-05T17:08:08+00:00\",\"dateModified\":\"2024-04-22T11:31:11+00:00\",\"breadcrumb\":{\"@id\":\"https:\/\/www.enriqueigoa.com\/en\/obras-orquestales\/#breadcrumb\"},\"inLanguage\":\"es\",\"potentialAction\":[{\"@type\":\"ReadAction\",\"target\":[\"https:\/\/www.enriqueigoa.com\/en\/obras-orquestales\/\"]}]},{\"@type\":\"ImageObject\",\"inLanguage\":\"es\",\"@id\":\"https:\/\/www.enriqueigoa.com\/en\/obras-orquestales\/#primaryimage\",\"url\":\"https:\/\/www.enriqueigoa.com\/en\/wp-content\/uploads\/2017\/10\/partitura.jpg\",\"contentUrl\":\"https:\/\/www.enriqueigoa.com\/en\/wp-content\/uploads\/2017\/10\/partitura.jpg\",\"width\":2000,\"height\":934},{\"@type\":\"BreadcrumbList\",\"@id\":\"https:\/\/www.enriqueigoa.com\/en\/obras-orquestales\/#breadcrumb\",\"itemListElement\":[{\"@type\":\"ListItem\",\"position\":1,\"name\":\"Portada\",\"item\":\"https:\/\/www.enriqueigoa.com\/en\/\"},{\"@type\":\"ListItem\",\"position\":2,\"name\":\"Orchestral Works\"}]},{\"@type\":\"WebSite\",\"@id\":\"https:\/\/www.enriqueigoa.com\/en\/#website\",\"url\":\"https:\/\/www.enriqueigoa.com\/en\/\",\"name\":\"Enrique Igoa. Compositor y profesor\",\"description\":\"Composer, Professor of Musical Analysis and Musical researcher\",\"publisher\":{\"@id\":\"https:\/\/www.enriqueigoa.com\/en\/#organization\"},\"potentialAction\":[{\"@type\":\"SearchAction\",\"target\":{\"@type\":\"EntryPoint\",\"urlTemplate\":\"https:\/\/www.enriqueigoa.com\/en\/?s={search_term_string}\"},\"query-input\":{\"@type\":\"PropertyValueSpecification\",\"valueRequired\":true,\"valueName\":\"search_term_string\"}}],\"inLanguage\":\"es\"},{\"@type\":\"Organization\",\"@id\":\"https:\/\/www.enriqueigoa.com\/en\/#organization\",\"name\":\"Enrique Igoa\",\"url\":\"https:\/\/www.enriqueigoa.com\/en\/\",\"logo\":{\"@type\":\"ImageObject\",\"inLanguage\":\"es\",\"@id\":\"https:\/\/www.enriqueigoa.com\/en\/#\/schema\/logo\/image\/\",\"url\":\"https:\/\/www.enriqueigoa.com\/en\/wp-content\/uploads\/2017\/10\/bio0.jpg\",\"contentUrl\":\"https:\/\/www.enriqueigoa.com\/en\/wp-content\/uploads\/2017\/10\/bio0.jpg\",\"width\":400,\"height\":400,\"caption\":\"Enrique Igoa\"},\"image\":{\"@id\":\"https:\/\/www.enriqueigoa.com\/en\/#\/schema\/logo\/image\/\"},\"sameAs\":[\"https:\/\/www.linkedin.com\/in\/enriqueigoa\/?originalSubdomain=es\",\"https:\/\/www.youtube.com\/channel\/UCTHPGgP1YEFhpnnNbbRhrQg\/videos?view=0&amp;amp;amp;amp;sort=p&amp;amp;amp;amp;flow=grid\"]}]}<\/script>\n<!-- \/ Yoast SEO plugin. -->","yoast_head_json":{"title":"Orchestral Works - Enrique Igoa. Composer and teacher","robots":{"index":"index","follow":"follow","max-snippet":"max-snippet:-1","max-image-preview":"max-image-preview:large","max-video-preview":"max-video-preview:-1"},"canonical":"https:\/\/www.enriqueigoa.com\/en\/obras-orquestales\/","og_locale":"es_ES","og_type":"article","og_title":"Orchestral Works - Enrique Igoa. Composer and teacher","og_description":"[vc_row row_height_percent=\u00bb0&#8243; overlay_alpha=\u00bb50&#8243; gutter_size=\u00bb3&#8243; column_width_percent=\u00bb100&#8243; shift_y=\u00bb0&#8243; z_index=\u00bb0&#8243; uncode_shortcode_id=\u00bb187841&#8243;][vc_column column_width_percent=\u00bb100&#8243; position_vertical=\u00bbmiddle\u00bb align_horizontal=\u00bbalign_center\u00bb gutter_size=\u00bb3&#8243; overlay_alpha=\u00bb50&#8243; shift_x=\u00bb0&#8243; shift_y=\u00bb0&#8243; shift_y_down=\u00bb0&#8243; z_index=\u00bb0&#8243; medium_width=\u00bb0&#8243; mobile_width=\u00bb0&#8243; uncode_shortcode_id=\u00bb879426&#8243;][vc_column_text [&hellip;]","og_url":"https:\/\/www.enriqueigoa.com\/en\/obras-orquestales\/","og_site_name":"Enrique Igoa. Composer and teacher","article_modified_time":"2024-04-22T11:31:11+00:00","og_image":[{"width":2000,"height":934,"url":"https:\/\/www.enriqueigoa.com\/en\/wp-content\/uploads\/2017\/10\/partitura.jpg","type":"image\/jpeg"}],"twitter_card":"summary_large_image","twitter_misc":{"Tiempo de lectura":"5 minutos"},"schema":{"@context":"https:\/\/schema.org","@graph":[{"@type":"WebPage","@id":"https:\/\/www.enriqueigoa.com\/en\/obras-orquestales\/","url":"https:\/\/www.enriqueigoa.com\/en\/obras-orquestales\/","name":"Orchestral Works - Enrique Igoa. Composer and teacher","isPartOf":{"@id":"https:\/\/www.enriqueigoa.com\/en\/#website"},"primaryImageOfPage":{"@id":"https:\/\/www.enriqueigoa.com\/en\/obras-orquestales\/#primaryimage"},"image":{"@id":"https:\/\/www.enriqueigoa.com\/en\/obras-orquestales\/#primaryimage"},"thumbnailUrl":"https:\/\/www.enriqueigoa.com\/en\/wp-content\/uploads\/2017\/10\/partitura.jpg","datePublished":"2017-10-05T17:08:08+00:00","dateModified":"2024-04-22T11:31:11+00:00","breadcrumb":{"@id":"https:\/\/www.enriqueigoa.com\/en\/obras-orquestales\/#breadcrumb"},"inLanguage":"es","potentialAction":[{"@type":"ReadAction","target":["https:\/\/www.enriqueigoa.com\/en\/obras-orquestales\/"]}]},{"@type":"ImageObject","inLanguage":"es","@id":"https:\/\/www.enriqueigoa.com\/en\/obras-orquestales\/#primaryimage","url":"https:\/\/www.enriqueigoa.com\/en\/wp-content\/uploads\/2017\/10\/partitura.jpg","contentUrl":"https:\/\/www.enriqueigoa.com\/en\/wp-content\/uploads\/2017\/10\/partitura.jpg","width":2000,"height":934},{"@type":"BreadcrumbList","@id":"https:\/\/www.enriqueigoa.com\/en\/obras-orquestales\/#breadcrumb","itemListElement":[{"@type":"ListItem","position":1,"name":"Portada","item":"https:\/\/www.enriqueigoa.com\/en\/"},{"@type":"ListItem","position":2,"name":"Orchestral Works"}]},{"@type":"WebSite","@id":"https:\/\/www.enriqueigoa.com\/en\/#website","url":"https:\/\/www.enriqueigoa.com\/en\/","name":"Enrique Igoa. Compositor y profesor","description":"Composer, Professor of Musical Analysis and Musical researcher","publisher":{"@id":"https:\/\/www.enriqueigoa.com\/en\/#organization"},"potentialAction":[{"@type":"SearchAction","target":{"@type":"EntryPoint","urlTemplate":"https:\/\/www.enriqueigoa.com\/en\/?s={search_term_string}"},"query-input":{"@type":"PropertyValueSpecification","valueRequired":true,"valueName":"search_term_string"}}],"inLanguage":"es"},{"@type":"Organization","@id":"https:\/\/www.enriqueigoa.com\/en\/#organization","name":"Enrique Igoa","url":"https:\/\/www.enriqueigoa.com\/en\/","logo":{"@type":"ImageObject","inLanguage":"es","@id":"https:\/\/www.enriqueigoa.com\/en\/#\/schema\/logo\/image\/","url":"https:\/\/www.enriqueigoa.com\/en\/wp-content\/uploads\/2017\/10\/bio0.jpg","contentUrl":"https:\/\/www.enriqueigoa.com\/en\/wp-content\/uploads\/2017\/10\/bio0.jpg","width":400,"height":400,"caption":"Enrique Igoa"},"image":{"@id":"https:\/\/www.enriqueigoa.com\/en\/#\/schema\/logo\/image\/"},"sameAs":["https:\/\/www.linkedin.com\/in\/enriqueigoa\/?originalSubdomain=es","https:\/\/www.youtube.com\/channel\/UCTHPGgP1YEFhpnnNbbRhrQg\/videos?view=0&amp;amp;amp;amp;sort=p&amp;amp;amp;amp;flow=grid"]}]}},"_links":{"self":[{"href":"https:\/\/www.enriqueigoa.com\/en\/wp-json\/wp\/v2\/pages\/148","targetHints":{"allow":["GET"]}}],"collection":[{"href":"https:\/\/www.enriqueigoa.com\/en\/wp-json\/wp\/v2\/pages"}],"about":[{"href":"https:\/\/www.enriqueigoa.com\/en\/wp-json\/wp\/v2\/types\/page"}],"author":[{"embeddable":true,"href":"https:\/\/www.enriqueigoa.com\/en\/wp-json\/wp\/v2\/users\/1"}],"replies":[{"embeddable":true,"href":"https:\/\/www.enriqueigoa.com\/en\/wp-json\/wp\/v2\/comments?post=148"}],"version-history":[{"count":61,"href":"https:\/\/www.enriqueigoa.com\/en\/wp-json\/wp\/v2\/pages\/148\/revisions"}],"predecessor-version":[{"id":1055,"href":"https:\/\/www.enriqueigoa.com\/en\/wp-json\/wp\/v2\/pages\/148\/revisions\/1055"}],"wp:featuredmedia":[{"embeddable":true,"href":"https:\/\/www.enriqueigoa.com\/en\/wp-json\/wp\/v2\/media\/197"}],"wp:attachment":[{"href":"https:\/\/www.enriqueigoa.com\/en\/wp-json\/wp\/v2\/media?parent=148"}],"curies":[{"name":"wp","href":"https:\/\/api.w.org\/{rel}","templated":true}]}}