{"id":150,"date":"2017-10-05T17:09:16","date_gmt":"2017-10-05T17:09:16","guid":{"rendered":"http:\/\/www.enriqueigoa.com\/prueba\/?page_id=150"},"modified":"2026-01-07T16:55:49","modified_gmt":"2026-01-07T16:55:49","slug":"obras-para-conjunto-vocal","status":"publish","type":"page","link":"https:\/\/www.enriqueigoa.com\/en\/obras-para-conjunto-vocal\/","title":{"rendered":"Works for vocal ensemble"},"content":{"rendered":"<div class=\"wpb-content-wrapper\"><p>[vc_row row_height_percent=\u00bb0&#8243; overlay_alpha=\u00bb50&#8243; gutter_size=\u00bb3&#8243; column_width_percent=\u00bb100&#8243; shift_y=\u00bb0&#8243; z_index=\u00bb0&#8243; uncode_shortcode_id=\u00bb187841&#8243;][vc_column column_width_percent=\u00bb100&#8243; position_vertical=\u00bbmiddle\u00bb align_horizontal=\u00bbalign_center\u00bb gutter_size=\u00bb3&#8243; overlay_alpha=\u00bb50&#8243; shift_x=\u00bb0&#8243; shift_y=\u00bb0&#8243; shift_y_down=\u00bb0&#8243; z_index=\u00bb0&#8243; medium_width=\u00bb0&#8243; mobile_width=\u00bb0&#8243; uncode_shortcode_id=\u00bb879426&#8243;][vc_column_text uncode_shortcode_id=\u00bb898819&#8243;]<\/p>\n<p style=\"text-align: center;\"><em>Image: partiture OP.39 VOCES DE PIEDRA<\/em><\/p>\n<p>&nbsp;<\/p>\n<div style=\"line-height: 140%; text-align: justify;\"><\/div>\n<p>[\/vc_column_text][vc_row_inner][vc_column_inner width=\u00bb1\/3&#8243;][vc_column_text uncode_shortcode_id=\u00bb114832&#8243;]<\/p>\n<h4><span style=\"color: #bf2424;\"><strong>Choir a capella<\/strong><\/span><\/h4>\n<p><img decoding=\"async\" class=\"size-full wp-image-253 alignleft\" src=\"http:\/\/www.enriqueigoa.com\/wp-content\/uploads\/2017\/10\/op24.jpg\" alt=\"\" width=\"100\" height=\"80\" \/>OP.24\u00a0 <strong>ANT\u00cdFONA DE ADVIENTO\u00a0<\/strong>Mixed choir\u00a0 (Madrid, 1994)<br \/>\n<strong>2nd Prize <\/strong>in <em>International Composer\u2019s Competition \u201cJihlava 1998\u201d\u00a0<\/em><em>(Czech Republic).<\/em><\/p>\n<p><span style=\"color: #222222;\"><em>Lasting time: <\/em><strong>3\u2019 30\u2019\u2019 \u2013 3\u2019 50\u2019\u2019<br \/>\n<\/strong><em>Commission: Coro San Jorge (Madrid)<br \/>\n<\/em><em>First perform.: Bath Camerata &#8211; Cond.: Nigel Perrin &#8211; Culture House in <\/em><em>Jihlava (Czech Republic) &#8211; 41 Festival of Choral Music &#8211; 27.6.1998<\/em><strong><em><br \/>\n<\/em><\/strong><\/span><span style=\"color: #999999;\"><span style=\"color: #222222;\"><em>Edition: FSU &#8211; IPOS ARTAMA (Jihlava\/Praha, Rep\u00fablica Checa).<\/em><\/span><em><br \/>\n<\/em><\/span><em>Recording: Radio Checa en Jihlava<br \/>\n<\/em><\/p>\n<p><iframe src=\"https:\/\/www.youtube.com\/embed\/jMbWH-c8Q9w\" width=\"560\" height=\"315\" frameborder=\"0\" allowfullscreen=\"allowfullscreen\" data-mce-fragment=\"1\"><\/iframe><\/p>\n<p><span style=\"color: #999999;\">&#8230;&#8230;&#8230;&#8230;&#8230;&#8230;&#8230;&#8230;&#8230;&#8230;&#8230;&#8230;&#8230;&#8230;&#8230;<\/span><\/p>\n<p><img decoding=\"async\" class=\"size-full wp-image-255 alignleft\" src=\"http:\/\/www.enriqueigoa.com\/wp-content\/uploads\/2017\/10\/op34.jpg\" alt=\"\" width=\"100\" height=\"80\" \/>OP.34 <strong>ANT\u00cdFONA DE NAVIDAD\u00a0<\/strong>Mixed choir (Madrid, 1998)<br \/>\n<strong>1\u00ba Prize <\/strong>Juan Bautista Comes of musical composition of XVI Festival de M\u00fasica Coral de Segorbe 1999 (Castell\u00f3n)<\/p>\n<p><span style=\"color: #000000;\"><em>Lasting time: <\/em><strong>6\u2019 02\u2019\u2019<br \/>\n<\/strong><em>First perform.: Coro de Juventudes Musicales de Segorbe &#8211; Cond.: M\u00aa <\/em><em>Dolores P\u00e9rez &#8211; Catedral de Segorbe &#8211; XVII Festival de M\u00fasica Coral <\/em><\/span><em><span style=\"color: #000000;\">de Segorbe &#8211; 5.8.2000<\/span><br \/>\n<a href=\"https:\/\/pilesmusic.com\/es\/libros-de-texto\/56734-PIL0573.html?search_query=Enrique+IGoa&amp;results=5\" target=\"_blank\" rel=\"noopener noreferrer\">Edition: Editorial Jaime Piles &#8211; Valencia (2000)<\/a><\/em><em><a href=\"https:\/\/pilesmusic.com\/index.php?id_product=56734&amp;controller=product&amp;id_lang=1\" target=\"_blank\" rel=\"noopener noreferrer\"><span style=\"color: #bf2424;\"><br \/>\n<\/span><\/a><\/em><span style=\"color: #000000;\"><em>Recording: CD Ixter CD49220223 &#8211; Coro Magerit &#8211; Dir.: J.M. L\u00f3pez<\/em><em>\u00a0Blanco &#8211; Madrid, 2004.<\/em><\/span><\/p>\n<p><iframe src=\"https:\/\/www.youtube.com\/embed\/npv8UCr7I3Q\" width=\"560\" height=\"315\" frameborder=\"0\" allowfullscreen=\"allowfullscreen\" data-mce-fragment=\"1\"><\/iframe>[\/vc_column_text][\/vc_column_inner][vc_column_inner width=\u00bb1\/3&#8243;][vc_column_text uncode_shortcode_id=\u00bb289750&#8243;]<img decoding=\"async\" class=\"size-full wp-image-256 alignleft\" src=\"http:\/\/www.enriqueigoa.com\/wp-content\/uploads\/2017\/10\/op39.jpg\" alt=\"\" width=\"100\" height=\"80\" \/>OP.39 <strong>VOCES DE PIEDRA\u00a0<\/strong>Female choir\u00a0 (Madrid, 2002)<\/p>\n<p><span style=\"color: #000000;\"><em>Lasting time: <\/em><strong>5\u2019 48\u2019\u2019<br \/>\n<\/strong><em>Commission: Centro para la Difusi\u00f3n de la M\u00fasica Contempor\u00e1nea<br \/>\n<\/em>\u00a0<em>First perform.: Taller de M\u00fasica Contempor\u00e1nea, Escuela de Tres Cantos &#8211; <\/em><em>Elena Monta\u00f1a &#8211; C\u00edrculo de Bellas Artes de Madrid &#8211; 6.6.2002<br \/>\n<\/em><em>Recording: Radio Cl\u00e1sica de RNE<\/em><\/span><\/p>\n<p><span style=\"color: #555555;\">&#8230;&#8230;&#8230;&#8230;&#8230;&#8230;&#8230;&#8230;&#8230;&#8230;&#8230;&#8230;&#8230;&#8230;&#8230;<\/span><\/p>\n<p><strong>\u00a0<\/strong>OP.44 <strong>ANT\u00cdFONA DE CUARESMA\u00a0<\/strong>Mixed choir (Madrid, 2004; revision: 2014)<\/p>\n<p><span style=\"color: #000000;\"><em>Lasting time: <\/em><strong>3\u2019 56\u2019\u2019<br \/>\n<\/strong><em>First perform.: Coro Nur \u2013 Cond.: Jos\u00e9 Manuel L\u00f3pez Blanco \u2013 Iglesia de\u00a0<\/em><em>los PP. Escolapios de Getafe \u2013 XXIV Festival de M\u00fasica antigua y <\/em><em>sacra Ciudad de Getafe &#8211; 8.3.2015<\/em><\/span><\/p>\n<p><span style=\"color: #222222;\">&#8230;&#8230;&#8230;&#8230;&#8230;&#8230;&#8230;&#8230;&#8230;&#8230;&#8230;&#8230;&#8230;&#8230;&#8230;<\/span><\/p>\n<p>OP. 54 <strong>ANT\u00cdFONA DE PASCUA<\/strong> Mixed choir (Sombreu-Mi\u00f1o, Madrid, 2016\/2022)<\/p>\n<p><span style=\"color: #000000;\"><em>Lasting time:<\/em> <strong>7\u2019 40\u2019\u2019<br \/>\n<\/strong><em>First perform.: Coro Nur \u2013 Cond.: Alfonso Mart\u00edn \u2013 Auditorio Caja de M\u00fasica CentroCentro \u2013 Festival Internacional de M\u00fasica Contempor\u00e1nea COMA\u201923 \u2013 19.11.2023<\/em><\/span><\/p>\n<p>&nbsp;<\/p>\n<h4><span style=\"color: #bf2424;\">Choir and Instrument<\/span><\/h4>\n<p><img decoding=\"async\" class=\"size-full wp-image-236 alignleft\" src=\"http:\/\/www.enriqueigoa.com\/wp-content\/uploads\/2017\/10\/op06-1w.jpg\" alt=\"\" width=\"100\" height=\"80\" \/>OP.6\u00a0\u00a0 <strong>MISSA BREVIS\u00a0<\/strong>Mixed choir and organ\u00a0 \u00a0(Boston, 1981)<\/p>\n<p><span style=\"color: #222222;\"><em>L<span style=\"color: #000000;\">asting time: <\/span><\/em><span style=\"color: #000000;\"><strong>3\u2019 50\u2019\u2019<br \/>\n<\/strong><em>First perform.: Coro de Alumnas del Colegio de las Hermanas de la\u00a0<\/em><em>Cruz de Aldaya (Valencia) &#8211; Cond.: Elena Igoa Mateos &#8211; 3.6.1994<br \/>\n<\/em><em>First perform. (polyphonic version): Coro Stella splendens y Coro de la <\/em><em>Catedral de la Almudena (Madrid) &#8211; Catedral de la Almudena \u2013 <\/em><em>Organ: Enrique Igoa &#8211; Cond.: F\u00e9lix Castedo &#8211; 25.5.2002<\/em><\/span><\/span><span style=\"color: #999999;\"><span style=\"color: #bf2424;\"><a href=\"https:\/\/imslp.org\/wiki\/Missa_brevis%2C_Op.6_(Igoa%2C_Enrique)\" target=\"_blank\" rel=\"noopener noreferrer\"><em><br \/>\nEdition: <\/em>IMSLP<br \/>\n<\/a><a href=\"http:\/\/www0.cpdl.org\/wiki\/index.php\/Missa_brevis_(Enrique_Igoa)\" target=\"_blank\" rel=\"noopener noreferrer\"><em>Edition: CPDL (ChoralWiki)<\/em><\/a><br \/>\n<\/span><\/span><span style=\"color: #000000;\"><em>Recording: Coro Stella splendens and Coro Columbae \u2013 \u00d3rgano:\u00a0\u00a0<\/em><em>Presentaci\u00f3n R\u00edos \u2013 Cond.: Asunci\u00f3n Paniagua y Enrique Igoa<\/em><\/span>[\/vc_column_text][\/vc_column_inner][vc_column_inner width=\u00bb1\/3&#8243;][vc_column_text uncode_shortcode_id=\u00bb148018&#8243;]OP.8b <strong>IN PARADISUM<\/strong>\u00a06-voice choir with organ ad lib. (Boston, 1981)<br \/>\n<strong>Finalist <\/strong>in I Composition Competition Krom\u00e1tika 2015 (Spain)<\/p>\n<p><span style=\"color: #222222;\"><em>Lasting time: <\/em><strong>5\u2019 10\u2019\u2019<\/strong><\/span><\/p>\n<p><span style=\"color: #222222;\">&#8230;&#8230;&#8230;&#8230;&#8230;&#8230;&#8230;&#8230;&#8230;&#8230;&#8230;&#8230;&#8230;&#8230;..<\/span><\/p>\n<p>OP.9\u00a0\u00a0 <strong>MISSA DE ANGELIS<\/strong>\u00a0Choir and orchestra or choir and organ\u00a0 (Madrid, 1982)<\/p>\n<p><span style=\"color: #222222;\"><em>Organic: <\/em>choir and orchestra [3 3 3 3 \u2013 4 3 3 1 \u2013 Perc. (4) \u2013 Pno. \u201312 10 8 6 4] or choir and organ<\/span><br \/>\n<span style=\"color: #222222;\"> <em>Lasting time: <\/em><strong>21\u2019 30\u2019\u2019<\/strong><\/span><\/p>\n<p><span style=\"color: #222222;\">\u00a0&#8230;&#8230;&#8230;&#8230;&#8230;&#8230;&#8230;&#8230;&#8230;&#8230;&#8230;&#8230;&#8230;&#8230;&#8230;<\/span><\/p>\n<p>OP.46 <strong>COMING TO CUMMINGS <\/strong>Mixed choir, recorder and small percussion (Madrid, 2008)<\/p>\n<p><span style=\"color: #222222;\"><em>Lasting time: <\/em><strong>2\u2019 30\u2019\u2019<br \/>\n<\/strong><em>Commission: Revista M\u00fasica y Educaci\u00f3n<br \/>\n<\/em><em>Edition: \u00c1lbum de M\u00fasica y Educaci\u00f3n \u2013 Composiciones actuales para el <\/em><em>aula XX Aniversario de la Revista M\u00fasica y Educaci\u00f3n<\/em><\/span><\/p>\n<p><span style=\"color: #222222;\">\u00a0&#8230;&#8230;&#8230;&#8230;&#8230;&#8230;&#8230;&#8230;&#8230;&#8230;&#8230;&#8230;&#8230;&#8230;&#8230;<\/span><\/p>\n<p><strong>AVE MAR\u00cdA\u00a0<\/strong>(Bach &#8211; Gounod) Arrangement for 3-voice choir &amp; organ (Madrid, 2008)<\/p>\n<p><span style=\"color: #000000;\"><em>Lasting time: <\/em><strong>3\u2019 15\u2019\u2019<br \/>\n<\/strong><em>First perform.: Coro Stella splendens \u2013 Cond. and organ : Enrique Igoa \u2013 <\/em><em>Iglesia de San Jorge <\/em><em>(Madrid) \u2013 21.6.2008<\/em><\/span><span style=\"color: #222222;\"><span style=\"color: #bf2424;\"><br \/>\n<em><a class=\"cursor-init\" href=\"https:\/\/imslp.org\/wiki\/Special:ReverseLookup\/59497\" target=\"_blank\" rel=\"noopener noreferrer\">Edition: IMSLP\u00a0<\/a><\/em><br \/>\n<em><a class=\"cursor-init\" href=\"https:\/\/imslp.org\/wiki\/Special:ReverseLookup\/555427\" target=\"_blank\" rel=\"noopener noreferrer\">Edition: IMSLP (vocal parts)<\/a><\/em><br \/>\n<\/span><\/span>[\/vc_column_text][vc_single_image media=\u00bb1039&#8243; media_width_percent=\u00bb100&#8243; uncode_shortcode_id=\u00bb184113&#8243;][vc_column_text uncode_shortcode_id=\u00bb205704&#8243;]<span style=\"color: #222222;\">&#8230;&#8230;&#8230;&#8230;&#8230;&#8230;&#8230;&#8230;&#8230;&#8230;&#8230;&#8230;&#8230;&#8230;&#8230;<\/span><\/p>\n<p><strong>ABIDE WITH ME\u00a0<\/strong>(W.H. Monk) Arrangement for mixed choir and organ (Madrid, 2016)<\/p>\n<p><span style=\"color: #000000;\"><em>Lasting time: <\/em><strong>3\u2019 27\u2019&#8217;<\/strong><\/span><br \/>\n<a class=\"cursor-init\" href=\"https:\/\/imslp.org\/wiki\/Special:ReverseLookup\/467616\" target=\"_blank\" rel=\"noopener noreferrer\"><em>Edition: <\/em>IMSLP<\/a>[\/vc_column_text][vc_single_image media=\u00bb1172&#8243; media_width_percent=\u00bb100&#8243; uncode_shortcode_id=\u00bb665947&#8243;][vc_column_text uncode_shortcode_id=\u00bb109463&#8243;]&#8230;&#8230;&#8230;&#8230;&#8230;&#8230;&#8230;&#8230;&#8230;&#8230;&#8230;&#8230;&#8230;&#8230;&#8230;&#8230;&#8230;..<\/p>\n<p><strong>AMAZING GRACE <\/strong>Coro a cuatro voces y \u00f3rgano (2025)<\/p>\n<p><span style=\"color: #000000;\">Duraci\u00f3n: <strong>3\u2019 48\u2019\u2019<br \/>\n<\/strong><a href=\"https:\/\/imslp.org\/wiki\/Amazing_grace_(Igoa%2C_Enrique)\" target=\"_blank\" rel=\"noopener\">Edici\u00f3n IMSLP<\/a><\/span>[\/vc_column_text][vc_single_image media=\u00bb1158&#8243; media_width_percent=\u00bb100&#8243; uncode_shortcode_id=\u00bb154693&#8243;][\/vc_column_inner][\/vc_row_inner][\/vc_column][\/vc_row]<\/p>\n<\/div>","protected":false},"excerpt":{"rendered":"<p>[vc_row row_height_percent=\u00bb0&#8243; overlay_alpha=\u00bb50&#8243; gutter_size=\u00bb3&#8243; column_width_percent=\u00bb100&#8243; shift_y=\u00bb0&#8243; z_index=\u00bb0&#8243; uncode_shortcode_id=\u00bb187841&#8243;][vc_column column_width_percent=\u00bb100&#8243; position_vertical=\u00bbmiddle\u00bb align_horizontal=\u00bbalign_center\u00bb gutter_size=\u00bb3&#8243; overlay_alpha=\u00bb50&#8243; shift_x=\u00bb0&#8243; shift_y=\u00bb0&#8243; shift_y_down=\u00bb0&#8243; z_index=\u00bb0&#8243; medium_width=\u00bb0&#8243; mobile_width=\u00bb0&#8243; uncode_shortcode_id=\u00bb879426&#8243;][vc_column_text [&hellip;]<\/p>\n","protected":false},"author":1,"featured_media":409,"parent":0,"menu_order":0,"comment_status":"closed","ping_status":"closed","template":"","meta":{"footnotes":""},"class_list":["post-150","page","type-page","status-publish","has-post-thumbnail","hentry"],"yoast_head":"<!-- This site is optimized with the Yoast SEO plugin v26.7 - https:\/\/yoast.com\/wordpress\/plugins\/seo\/ -->\n<title>Works for vocal ensemble - Enrique Igoa. Composer and teacher<\/title>\n<meta name=\"robots\" content=\"index, follow, max-snippet:-1, max-image-preview:large, max-video-preview:-1\" \/>\n<link rel=\"canonical\" href=\"https:\/\/www.enriqueigoa.com\/en\/obras-para-conjunto-vocal\/\" \/>\n<meta property=\"og:locale\" content=\"es_ES\" \/>\n<meta property=\"og:type\" content=\"article\" \/>\n<meta property=\"og:title\" content=\"Works for vocal ensemble - Enrique Igoa. Composer and teacher\" \/>\n<meta property=\"og:description\" content=\"[vc_row row_height_percent=\u00bb0&#8243; overlay_alpha=\u00bb50&#8243; gutter_size=\u00bb3&#8243; column_width_percent=\u00bb100&#8243; shift_y=\u00bb0&#8243; z_index=\u00bb0&#8243; uncode_shortcode_id=\u00bb187841&#8243;][vc_column column_width_percent=\u00bb100&#8243; position_vertical=\u00bbmiddle\u00bb align_horizontal=\u00bbalign_center\u00bb gutter_size=\u00bb3&#8243; overlay_alpha=\u00bb50&#8243; shift_x=\u00bb0&#8243; shift_y=\u00bb0&#8243; shift_y_down=\u00bb0&#8243; z_index=\u00bb0&#8243; medium_width=\u00bb0&#8243; mobile_width=\u00bb0&#8243; uncode_shortcode_id=\u00bb879426&#8243;][vc_column_text [&hellip;]\" \/>\n<meta property=\"og:url\" content=\"https:\/\/www.enriqueigoa.com\/en\/obras-para-conjunto-vocal\/\" \/>\n<meta property=\"og:site_name\" content=\"Enrique Igoa. Composer and teacher\" \/>\n<meta property=\"article:modified_time\" content=\"2026-01-07T16:55:49+00:00\" \/>\n<meta property=\"og:image\" content=\"https:\/\/www.enriqueigoa.com\/en\/wp-content\/uploads\/2017\/10\/cabecera_voces-de-piedra-op.jpg\" \/>\n\t<meta property=\"og:image:width\" content=\"2000\" \/>\n\t<meta property=\"og:image:height\" content=\"990\" \/>\n\t<meta property=\"og:image:type\" content=\"image\/jpeg\" \/>\n<meta name=\"twitter:card\" content=\"summary_large_image\" \/>\n<meta name=\"twitter:label1\" content=\"Tiempo de lectura\" \/>\n\t<meta name=\"twitter:data1\" content=\"4 minutos\" \/>\n<script type=\"application\/ld+json\" class=\"yoast-schema-graph\">{\"@context\":\"https:\/\/schema.org\",\"@graph\":[{\"@type\":\"WebPage\",\"@id\":\"https:\/\/www.enriqueigoa.com\/en\/obras-para-conjunto-vocal\/\",\"url\":\"https:\/\/www.enriqueigoa.com\/en\/obras-para-conjunto-vocal\/\",\"name\":\"Works for vocal ensemble - Enrique Igoa. Composer and teacher\",\"isPartOf\":{\"@id\":\"https:\/\/www.enriqueigoa.com\/en\/#website\"},\"primaryImageOfPage\":{\"@id\":\"https:\/\/www.enriqueigoa.com\/en\/obras-para-conjunto-vocal\/#primaryimage\"},\"image\":{\"@id\":\"https:\/\/www.enriqueigoa.com\/en\/obras-para-conjunto-vocal\/#primaryimage\"},\"thumbnailUrl\":\"https:\/\/www.enriqueigoa.com\/en\/wp-content\/uploads\/2017\/10\/cabecera_voces-de-piedra-op.jpg\",\"datePublished\":\"2017-10-05T17:09:16+00:00\",\"dateModified\":\"2026-01-07T16:55:49+00:00\",\"breadcrumb\":{\"@id\":\"https:\/\/www.enriqueigoa.com\/en\/obras-para-conjunto-vocal\/#breadcrumb\"},\"inLanguage\":\"es\",\"potentialAction\":[{\"@type\":\"ReadAction\",\"target\":[\"https:\/\/www.enriqueigoa.com\/en\/obras-para-conjunto-vocal\/\"]}]},{\"@type\":\"ImageObject\",\"inLanguage\":\"es\",\"@id\":\"https:\/\/www.enriqueigoa.com\/en\/obras-para-conjunto-vocal\/#primaryimage\",\"url\":\"https:\/\/www.enriqueigoa.com\/en\/wp-content\/uploads\/2017\/10\/cabecera_voces-de-piedra-op.jpg\",\"contentUrl\":\"https:\/\/www.enriqueigoa.com\/en\/wp-content\/uploads\/2017\/10\/cabecera_voces-de-piedra-op.jpg\",\"width\":2000,\"height\":990,\"caption\":\"Voces de Piedra\"},{\"@type\":\"BreadcrumbList\",\"@id\":\"https:\/\/www.enriqueigoa.com\/en\/obras-para-conjunto-vocal\/#breadcrumb\",\"itemListElement\":[{\"@type\":\"ListItem\",\"position\":1,\"name\":\"Portada\",\"item\":\"https:\/\/www.enriqueigoa.com\/en\/\"},{\"@type\":\"ListItem\",\"position\":2,\"name\":\"Works for vocal ensemble\"}]},{\"@type\":\"WebSite\",\"@id\":\"https:\/\/www.enriqueigoa.com\/en\/#website\",\"url\":\"https:\/\/www.enriqueigoa.com\/en\/\",\"name\":\"Enrique Igoa. Compositor y profesor\",\"description\":\"Composer, Professor of Musical Analysis and Musical researcher\",\"publisher\":{\"@id\":\"https:\/\/www.enriqueigoa.com\/en\/#organization\"},\"potentialAction\":[{\"@type\":\"SearchAction\",\"target\":{\"@type\":\"EntryPoint\",\"urlTemplate\":\"https:\/\/www.enriqueigoa.com\/en\/?s={search_term_string}\"},\"query-input\":{\"@type\":\"PropertyValueSpecification\",\"valueRequired\":true,\"valueName\":\"search_term_string\"}}],\"inLanguage\":\"es\"},{\"@type\":\"Organization\",\"@id\":\"https:\/\/www.enriqueigoa.com\/en\/#organization\",\"name\":\"Enrique Igoa\",\"url\":\"https:\/\/www.enriqueigoa.com\/en\/\",\"logo\":{\"@type\":\"ImageObject\",\"inLanguage\":\"es\",\"@id\":\"https:\/\/www.enriqueigoa.com\/en\/#\/schema\/logo\/image\/\",\"url\":\"https:\/\/www.enriqueigoa.com\/en\/wp-content\/uploads\/2017\/10\/bio0.jpg\",\"contentUrl\":\"https:\/\/www.enriqueigoa.com\/en\/wp-content\/uploads\/2017\/10\/bio0.jpg\",\"width\":400,\"height\":400,\"caption\":\"Enrique Igoa\"},\"image\":{\"@id\":\"https:\/\/www.enriqueigoa.com\/en\/#\/schema\/logo\/image\/\"},\"sameAs\":[\"https:\/\/www.linkedin.com\/in\/enriqueigoa\/?originalSubdomain=es\",\"https:\/\/www.youtube.com\/channel\/UCTHPGgP1YEFhpnnNbbRhrQg\/videos?view=0&amp;amp;amp;amp;sort=p&amp;amp;amp;amp;flow=grid\"]}]}<\/script>\n<!-- \/ Yoast SEO plugin. -->","yoast_head_json":{"title":"Works for vocal ensemble - Enrique Igoa. Composer and teacher","robots":{"index":"index","follow":"follow","max-snippet":"max-snippet:-1","max-image-preview":"max-image-preview:large","max-video-preview":"max-video-preview:-1"},"canonical":"https:\/\/www.enriqueigoa.com\/en\/obras-para-conjunto-vocal\/","og_locale":"es_ES","og_type":"article","og_title":"Works for vocal ensemble - Enrique Igoa. Composer and teacher","og_description":"[vc_row row_height_percent=\u00bb0&#8243; overlay_alpha=\u00bb50&#8243; gutter_size=\u00bb3&#8243; column_width_percent=\u00bb100&#8243; shift_y=\u00bb0&#8243; z_index=\u00bb0&#8243; uncode_shortcode_id=\u00bb187841&#8243;][vc_column column_width_percent=\u00bb100&#8243; position_vertical=\u00bbmiddle\u00bb align_horizontal=\u00bbalign_center\u00bb gutter_size=\u00bb3&#8243; overlay_alpha=\u00bb50&#8243; shift_x=\u00bb0&#8243; shift_y=\u00bb0&#8243; shift_y_down=\u00bb0&#8243; z_index=\u00bb0&#8243; medium_width=\u00bb0&#8243; mobile_width=\u00bb0&#8243; uncode_shortcode_id=\u00bb879426&#8243;][vc_column_text [&hellip;]","og_url":"https:\/\/www.enriqueigoa.com\/en\/obras-para-conjunto-vocal\/","og_site_name":"Enrique Igoa. Composer and teacher","article_modified_time":"2026-01-07T16:55:49+00:00","og_image":[{"width":2000,"height":990,"url":"https:\/\/www.enriqueigoa.com\/en\/wp-content\/uploads\/2017\/10\/cabecera_voces-de-piedra-op.jpg","type":"image\/jpeg"}],"twitter_card":"summary_large_image","twitter_misc":{"Tiempo de lectura":"4 minutos"},"schema":{"@context":"https:\/\/schema.org","@graph":[{"@type":"WebPage","@id":"https:\/\/www.enriqueigoa.com\/en\/obras-para-conjunto-vocal\/","url":"https:\/\/www.enriqueigoa.com\/en\/obras-para-conjunto-vocal\/","name":"Works for vocal ensemble - Enrique Igoa. Composer and teacher","isPartOf":{"@id":"https:\/\/www.enriqueigoa.com\/en\/#website"},"primaryImageOfPage":{"@id":"https:\/\/www.enriqueigoa.com\/en\/obras-para-conjunto-vocal\/#primaryimage"},"image":{"@id":"https:\/\/www.enriqueigoa.com\/en\/obras-para-conjunto-vocal\/#primaryimage"},"thumbnailUrl":"https:\/\/www.enriqueigoa.com\/en\/wp-content\/uploads\/2017\/10\/cabecera_voces-de-piedra-op.jpg","datePublished":"2017-10-05T17:09:16+00:00","dateModified":"2026-01-07T16:55:49+00:00","breadcrumb":{"@id":"https:\/\/www.enriqueigoa.com\/en\/obras-para-conjunto-vocal\/#breadcrumb"},"inLanguage":"es","potentialAction":[{"@type":"ReadAction","target":["https:\/\/www.enriqueigoa.com\/en\/obras-para-conjunto-vocal\/"]}]},{"@type":"ImageObject","inLanguage":"es","@id":"https:\/\/www.enriqueigoa.com\/en\/obras-para-conjunto-vocal\/#primaryimage","url":"https:\/\/www.enriqueigoa.com\/en\/wp-content\/uploads\/2017\/10\/cabecera_voces-de-piedra-op.jpg","contentUrl":"https:\/\/www.enriqueigoa.com\/en\/wp-content\/uploads\/2017\/10\/cabecera_voces-de-piedra-op.jpg","width":2000,"height":990,"caption":"Voces de Piedra"},{"@type":"BreadcrumbList","@id":"https:\/\/www.enriqueigoa.com\/en\/obras-para-conjunto-vocal\/#breadcrumb","itemListElement":[{"@type":"ListItem","position":1,"name":"Portada","item":"https:\/\/www.enriqueigoa.com\/en\/"},{"@type":"ListItem","position":2,"name":"Works for vocal ensemble"}]},{"@type":"WebSite","@id":"https:\/\/www.enriqueigoa.com\/en\/#website","url":"https:\/\/www.enriqueigoa.com\/en\/","name":"Enrique Igoa. Compositor y profesor","description":"Composer, Professor of Musical Analysis and Musical researcher","publisher":{"@id":"https:\/\/www.enriqueigoa.com\/en\/#organization"},"potentialAction":[{"@type":"SearchAction","target":{"@type":"EntryPoint","urlTemplate":"https:\/\/www.enriqueigoa.com\/en\/?s={search_term_string}"},"query-input":{"@type":"PropertyValueSpecification","valueRequired":true,"valueName":"search_term_string"}}],"inLanguage":"es"},{"@type":"Organization","@id":"https:\/\/www.enriqueigoa.com\/en\/#organization","name":"Enrique Igoa","url":"https:\/\/www.enriqueigoa.com\/en\/","logo":{"@type":"ImageObject","inLanguage":"es","@id":"https:\/\/www.enriqueigoa.com\/en\/#\/schema\/logo\/image\/","url":"https:\/\/www.enriqueigoa.com\/en\/wp-content\/uploads\/2017\/10\/bio0.jpg","contentUrl":"https:\/\/www.enriqueigoa.com\/en\/wp-content\/uploads\/2017\/10\/bio0.jpg","width":400,"height":400,"caption":"Enrique Igoa"},"image":{"@id":"https:\/\/www.enriqueigoa.com\/en\/#\/schema\/logo\/image\/"},"sameAs":["https:\/\/www.linkedin.com\/in\/enriqueigoa\/?originalSubdomain=es","https:\/\/www.youtube.com\/channel\/UCTHPGgP1YEFhpnnNbbRhrQg\/videos?view=0&amp;amp;amp;amp;sort=p&amp;amp;amp;amp;flow=grid"]}]}},"_links":{"self":[{"href":"https:\/\/www.enriqueigoa.com\/en\/wp-json\/wp\/v2\/pages\/150","targetHints":{"allow":["GET"]}}],"collection":[{"href":"https:\/\/www.enriqueigoa.com\/en\/wp-json\/wp\/v2\/pages"}],"about":[{"href":"https:\/\/www.enriqueigoa.com\/en\/wp-json\/wp\/v2\/types\/page"}],"author":[{"embeddable":true,"href":"https:\/\/www.enriqueigoa.com\/en\/wp-json\/wp\/v2\/users\/1"}],"replies":[{"embeddable":true,"href":"https:\/\/www.enriqueigoa.com\/en\/wp-json\/wp\/v2\/comments?post=150"}],"version-history":[{"count":54,"href":"https:\/\/www.enriqueigoa.com\/en\/wp-json\/wp\/v2\/pages\/150\/revisions"}],"predecessor-version":[{"id":1174,"href":"https:\/\/www.enriqueigoa.com\/en\/wp-json\/wp\/v2\/pages\/150\/revisions\/1174"}],"wp:featuredmedia":[{"embeddable":true,"href":"https:\/\/www.enriqueigoa.com\/en\/wp-json\/wp\/v2\/media\/409"}],"wp:attachment":[{"href":"https:\/\/www.enriqueigoa.com\/en\/wp-json\/wp\/v2\/media?parent=150"}],"curies":[{"name":"wp","href":"https:\/\/api.w.org\/{rel}","templated":true}]}}