{"id":20,"date":"2017-10-03T10:06:45","date_gmt":"2017-10-03T10:06:45","guid":{"rendered":"http:\/\/www.enriqueigoa.com\/prueba\/?page_id=20"},"modified":"2026-01-14T16:44:47","modified_gmt":"2026-01-14T16:44:47","slug":"biografia","status":"publish","type":"page","link":"https:\/\/www.enriqueigoa.com\/en\/biografia\/","title":{"rendered":"Biography"},"content":{"rendered":"<div class=\"wpb-content-wrapper\"><p>[vc_row][vc_column width=\u00bb1\/3&#8243;][vc_gallery el_id=\u00bbgallery-148237&#8243; type=\u00bbcarousel\u00bb medias=\u00bb61,34,27,30,29,1182,580,575,616,617,797,794,795,796,1186&#8243; carousel_lg=\u00bb1&#8243; carousel_md=\u00bb1&#8243; carousel_sm=\u00bb1&#8243; thumb_size=\u00bbone-one\u00bb gutter_size=\u00bb3&#8243; carousel_type=\u00bbfade\u00bb carousel_interval=\u00bb5000&#8243; carousel_navspeed=\u00bb700&#8243; carousel_loop=\u00bbyes\u00bb stage_padding=\u00bb0&#8243; single_overlay_color=\u00bbcolor-rgdb\u00bb single_overlay_opacity=\u00bb50&#8243; single_padding=\u00bb2&#8243; lbox_title=\u00bbyes\u00bb uncode_shortcode_id=\u00bb430268&#8243;][vc_column_text uncode_shortcode_id=\u00bb212968&#8243;]<\/p>\n<div style=\"line-height: 140%; text-align: justify;\">\n<p>Images:<br \/>\n<em>1. Enrique Igoa \u00a9Isabel Munuera<\/em>.<br \/>\n<em>2. Enrique Igoa \u00a9Isabel Munuera<\/em>.<br \/>\n<em>3. <span lang=\"EN-US\">With Adrian Leaper after the performance of\u00a0<\/span><span lang=\"EN-US\">Munch-light\u00a0<\/span><span lang=\"EN-US\">(Teatro Monumental, 14.3.2003).<\/span><br \/>\n4. <span lang=\"EN-US\">With N. Chumachenco after the first performance of\u00a0<\/span><span lang=\"EN-US\">El sue\u00f1o de Amad\u00eds\u00a0<\/span><span lang=\"EN-US\">(Teatro Cardenio, 13.8.2008).<\/span><br \/>\n5. With Luis de Pablo in the rehearsal of\u00a0P\u00f3rtico de la quimera\u00a0(Auditorio Nacional, 7.6.2010).<br \/>\n6. <span lang=\"EN-US\">With his wife Paloma and composer Ant\u00f3n Garc\u00eda Abril (28.1.2015).<\/span><br \/>\n7. <span lang=\"EN-US\">With his wife Paloma and his sons Mar\u00eda and Pablo (New York, August 2010).<\/span><br \/>\n8. <span lang=\"EN-US\">With D\u00fao Barile-Verna after the rehearsal of\u00a0<\/span><span lang=\"EN-US\">Suite al estilo barroco\u00a0<\/span><span lang=\"EN-US\">(15.10.2015).<br \/>\n9. With his parents and his sister Elena (Algeciras, 1963)<br \/>\n10. First recital: School La Salle \u2013 San Rafael (Madrid, 1973)<br \/>\n<\/span><\/em><em>11. Jos\u00e9 Luis Turina, Marisa Manchado, Enrique Igoa, Mercedes Zavala, Jos\u00e9 Luis Carles and Juan Pag\u00e1n. AMCC Board of Directors. Photo by Elena Mart\u00edn (Caf\u00e9 Suecia. 1998)<br \/>\n12. With Cruz L\u00f3pez de Rego, Manuel Angulo, Alicia D\u00edaz de la Fuente, V\u00edctor Pliego and Ana Vega Toscano in the Summer courses. Universidad Aut\u00f3noma, (Campo de Criptana, 2015)<br \/>\n13. With Pedro Iturralde, (Sala Manuel de Falla, SGAE 2018)<br \/>\n14. With Carlos Gal\u00e1n, Manuel Angulo, Carlos Cruz de Castro and \u00c1ngel Botia (Salamanca 2018)<br \/>\n15. With Kaija Saariaho and RCSMM Teachers (2018)<br \/>\n<a href=\"http:\/\/www.enriqueigoa.com\/documents\/images_bio_en.pdf\" target=\"_blank\" rel=\"noopener noreferrer\"><span style=\"color: #bf2424;\">Download images.pdf<\/span><\/a><\/em><\/p>\n<p><span style=\"color: #bf2424;\"><a href=\"http:\/\/www.enriqueigoa.com\/documents\/English_full.pdf\" target=\"_blank\" rel=\"noopener noreferrer\">Download curriculum full.pdf<\/a><\/span><br \/>\n<span style=\"color: #bf2424;\"> <a href=\"http:\/\/www.enriqueigoa.com\/documents\/English_750.pdf\" target=\"_blank\" rel=\"noopener noreferrer\">Download curriculum 750 words.pdf<\/a><\/span><br \/>\n<span style=\"color: #bf2424;\"> <a href=\"http:\/\/www.enriqueigoa.com\/documents\/English_500.pdf\" target=\"_blank\" rel=\"noopener noreferrer\">Download curriculum 500 words.pdf<\/a><\/span><br \/>\n<span style=\"color: #bf2424;\"> <a href=\"http:\/\/www.enriqueigoa.com\/documents\/English_250.pdf\" target=\"_blank\" rel=\"noopener noreferrer\">Download curriculum 250 words.pdf<\/a><\/span><br \/>\n<span style=\"color: #bf2424;\"> <a href=\"http:\/\/www.enriqueigoa.com\/documents\/English_100.pdf\" target=\"_blank\" rel=\"noopener noreferrer\">Download curriculum 100 words.pdf<\/a><\/span><a href=\"http:\/\/www.enriqueigoa.com\/images\/Enrique_Igoa.pdf\" target=\"_blank\" rel=\"noopener noreferrer\"><span style=\"color: #bf2424;\"><br \/>\n<\/span><\/a><a href=\"http:\/\/www.enriqueigoa.com\/documents\/ENRIQUE_IGOA_References.pdf\" target=\"_blank\" rel=\"noopener noreferrer\"><span style=\"color: #bf2424;\">References.pdf<\/span><\/a><\/p>\n<\/div>\n<p>[\/vc_column_text][\/vc_column][vc_column width=\u00bb1\/3&#8243;][vc_column_text uncode_shortcode_id=\u00bb213840&#8243;]<\/p>\n<div style=\"line-height: 140%; text-align: justify;\">\n<p><strong>Enrique Igoa Mateos<br \/>\n<\/strong>Composer, Professor of Musical Analysis and Musical researcher<br \/>\nHe studied piano, percussion and composition at the Royal Conservatory of Music in Madrid, later on with a Fulbright scholarship at the Berklee College of Music and the New England Conservatory of Music, both in Boston (USA).<\/p>\n<p>He has also attended the International Course of Contemporary Music in Darmstadt (Germany), with professors such as B. Ferneyhough, H. Halbreich, M. Feldmann and W. Rihm; to a jazz course with Pedro Iturralde; to several courses of analysis of contemporary music with conductor Arturo Tamayo; to a course of structure and function in Classicism with Prof. W. Caplin at the University of Alcal\u00e1 de Henares; and to an algorithmic composition course with Clarence Barlow in C.D.M.C.<\/p>\n<p>He holds the Title of Professor of Piano and the Title of Higher Professor of Composition, by the Madrid Royal Conservatory; a Bachelor&#8217;s Degree in Geography and History, a Diploma in Advanced Studies and a Doctorate in Hispanic Music from the Universidad Complutense de Madrid <em>(see Details of Education in Full CV).<\/em><\/p>\n<p><span lang=\"EN-US\">He has been professor of Acoustics and Accompaniment at the Professional Conservatory of Le\u00f3n (1984-86). Between 1986 and 1993 he was professor of Musical Analysis at the Royal Conservatory of Madrid; during eight years he has been professor of Harmony, Counterpoint, Musical Analysis and Composition of the Professional Conservatory Arturo Soria. From October of 2001 has been professor of Musical Analysis of the Real Superior Conservatory of Music of Madrid. During the academic year 2018-19 he was professor of Composition, Orchestration and Extended Techniques. From September 2019 is Emeritus Professor of Composition and Musical Analysis.<\/span> (see Full CV).<\/p>\n<p>As a visiting professor, he has taught courses, lectures and presentations on musical analysis and related topics at major conservatories in Spain, at the Universidad Complutense de Madrid, Universidad de Alcal\u00e1 de Henares, Fundaci\u00f3n Universidades de Castilla y Le\u00f3n, Beethovenshaus (Bonn) and Hochschule f\u00fcr Musik (K\u00f6ln) in Germany, at the Conservatorio Superior de M\u00fasica in Bari and at the Istituto Superiore di Studi Musicali \u00abVincenzo Bellini\u00bb in Caltanissetta, both in Italy <em>(see section COURSES AND LECTURES and Full CV).<\/em><\/p>\n<\/div>\n<p>[\/vc_column_text][\/vc_column][vc_column width=\u00bb1\/3&#8243;][vc_column_text uncode_shortcode_id=\u00bb120617&#8243;]<\/p>\n<div style=\"line-height: 140%; text-align: justify;\">\n<p>He has published almost 50 papers on topics related to the analysis, theory and history of music in specialized reviews; several dossiers around the opera for the courses of the Universidad de Alcal\u00e1 de Henares; twenty book reviews; a book dedicated to the instrumental work of \u00c1ngel Barja and another (his doctoral thesis) focused on the analysis of sonatas by Antonio Soler, along with an edition of his unpublished sonatas <em>(see section PUBLICATIONS and Full CV).<\/em><\/p>\n<p>In his creative aspect, Enrique Igoa is the author of works for piano, guitar, organ, harmonica and accordion; voice and piano, flute and piano, flute and guitar, flute and harpsichord, violin and marimba, violoncello and piano, viola and piano, guitar and accordion, piano and accordion; trio with piano; string quartet, guitar quartet; ensembles with several instrumental combinations; voice, piano and electronics; video and electronics; percussion group; a capella choir, choir and organ, choir and orchestra; big-band; string orchestra; chamber orchestra; symphony orchestra; violin and orchestra, guitar and orchestra, as well as a ballet and a stage play for three singers, three instrumentalists and electronics <em>(see WORK CATALOGS and Full CV).<\/em><\/p>\n<p>He has received numerous commissions from soloists, chamber groups, choirs, orchestras, festivals and institutions in Spain and in other countries. He has won several prizes for composition and mentions in contests in Spain, Switzerland, Czech Republic, France and the United States.<\/p>\n<p>He was a founding member of the AMCC (Madrid Association of Composers) in 1998 and its vice-president until 2000, as well as a member of the Board of Directors (2016-2024). He has also been a member of the Scientific Committee of the journal S\u00famula (Musical Theory and Analysis) of the SATMUS (Society for Musical Analysis and Theory) since May 2021.<\/p>\n<p>His works have been premiered and performed in Spain, Germany, Austria, Belgium, Denmark, Finland, France, Holland, England, Italy, Poland, Czech Republic, Sweden, Switzerland, Israel, Cuba, Mexico, Venezuela,\u00a0South Korea, China and the United States.<\/p>\n<\/div>\n<p>[\/vc_column_text][\/vc_column][\/vc_row][vc_row][vc_column column_width_percent=\u00bb100&#8243; position_vertical=\u00bbmiddle\u00bb align_horizontal=\u00bbalign_center\u00bb gutter_size=\u00bb3&#8243; overlay_alpha=\u00bb50&#8243; shift_x=\u00bb0&#8243; shift_y=\u00bb0&#8243; shift_y_down=\u00bb0&#8243; z_index=\u00bb0&#8243; medium_width=\u00bb0&#8243; mobile_width=\u00bb0&#8243; uncode_shortcode_id=\u00bb149755&#8243;][vc_custom_heading text_color=\u00bbcolor-942038&#8243; text_font=\u00bbfont-148125&#8243; text_weight=\u00bb500&#8243; text_transform=\u00bbuppercase\u00bb separator=\u00bbyes\u00bb uncode_shortcode_id=\u00bb617684&#8243; text_color_type=\u00bbuncode-palette\u00bb]AWARDS AND HONORS[\/vc_custom_heading][\/vc_column][\/vc_row][vc_row][vc_column width=\u00bb1\/3&#8243;][vc_column_text uncode_shortcode_id=\u00bb982019&#8243;]<\/p>\n<div style=\"line-height: 140%; text-align: justify;\">\n<p><u>First Prize<\/u> in the <em>Composition Competition of the Festival de Musique Sacr\u00e9e de Fribourg (Suisse) in 1989,<\/em> for the <strong>Estudio III \u201cAscensi\u00f3n\u201d op.14<\/strong> for organ, premiered by Werner Jacob in the Cathedral of St. Nicholas de Fribourg in 1990.7.8.<\/p>\n<p><u>Finalist<\/u> in the 1st <em>Composition Compettiion<\/em> of the Fundaci\u00f3n Plat\u00f3 with the work <strong>Preludio, Balada y Fuga op.2 <\/strong>for jazz big-band.<\/p>\n<p><u>First Prize<\/u> of the <em>Marimolin 8th Annual Composition Contest of Princeton, New Jersey (USA) in 1995<\/em>, for the <strong>Estudio VI \u201cSecuencias\u201d op.22b for<\/strong> violin and marimba, premiered by Marimolin Duo in the Miller Theatre of University of Columbia in New York in 1996.10.26.<\/p>\n<p><u>First Prize<\/u> of the <em>X Composition Competition of Classic Guitar \u201cAndr\u00e9s Segovia\u201d (La Herradura, Granada &#8211; Jan 1997)<\/em>, for the <strong>Estudio VII \u201cRegreso a Jan Mayen\u201d op.29<\/strong> for guitar, premiered by Pablo de la Cruz in the Auditory of Cultural Center Conde Duque in Madrid in 1997.11.24.<\/p>\n<\/div>\n<p>[\/vc_column_text][\/vc_column][vc_column width=\u00bb1\/3&#8243;][vc_column_text uncode_shortcode_id=\u00bb187867&#8243;]<\/p>\n<div style=\"line-height: 140%; text-align: justify;\">\n<p><u>Second Prize<\/u> of <em>International Composers Competition \u201cJihlava 1998\u201d <\/em>(Czech Republic), for the <strong>Ant\u00edfona de Adviento op.24<\/strong>, premiered by Bath Camerata in the House of Culture of Jihlava (Czech Republic) in 1998.6.27.<\/p>\n<p><u>First Prize<\/u> <em>Juan Bautista Comes<\/em> of <em>Composition <\/em>of <em>XVI Festival de M\u00fasica Coral de Segorbe 1999<\/em> (Castell\u00f3n), for the <strong>Ant\u00edfona de Navidad op.34<\/strong>, premiered by the Choir of Music Youth of Segorbe in the Cathedral of Segorbe in 2000.8.5.<\/p>\n<p><strong>Munch-light op.36<\/strong>, <u>work selected<\/u> by the <em>Concours International de Composition de la Ville de Nice et des Alpes Maritimes<\/em> (France).<\/p>\n<p><strong>Obertura para un paisaje urbano op.38a<\/strong>, <u>work selected<\/u> by <em>XII Festival de M\u00fasica Electroac\u00fastica \u201cPunto de encuentro\u201d (2003) <\/em>and by the <em>XX and XXI Festival Internacional de M\u00fasica Contempor\u00e1nea de Alicante (2004, 2005)<\/em>. It has been also awarded prices by <em>Laboratorio del Espacio 2011 <\/em>of LIEM-CDMC. The work has been also selected for a project of the Department of Music of IES Jorge Guill\u00e9n and for the Department of Biology at the Universidad Complutense (2013-14), by Sociedad Espa\u00f1ola de Ac\u00fastica for the World Day of Sound 2013 and by Universidad de Oviedo for the subject \u201cMultimedia musical creation\u201d in the degree of Musicology (2014).<\/p>\n<\/div>\n<p>[\/vc_column_text][\/vc_column][vc_column width=\u00bb1\/3&#8243;][vc_column_text uncode_shortcode_id=\u00bb632650&#8243;]<\/p>\n<div style=\"line-height: 140%; text-align: justify;\">\n<p><u>Mention of honour<\/u> of <em>Concours de Composition pour Orgue de la Ville de Nice 2005 <\/em>(France) for the work <strong>Invocationes tempore belli op.47 <\/strong>for organ.<\/p>\n<p><u>Finalist<\/u> in the I Composition Competition Krom\u00e1tika 2015 with the work <strong>In paradisum op. 8<\/strong> for chorus a capella.<\/p>\n<p><em>Danza<\/em> (<strong>Cuaderno de campo<\/strong>), <u>work selected<\/u> for the Festive Piano Works Concerto 2018 in Dallas, Texas (USA)<\/p>\n<p><strong>Ave Maria<\/strong> (version for clarinet, violin, cello and piano), work selected by the\u00a0Ensemble Sound Riot (2019). Nashville, Tennessee (USA).<\/p>\n<p><strong>Member<\/strong> of Yearbook <em>Who&#8217;s who in the World <\/em>from 2009.<\/p>\n<p><strong>Member<\/strong> of <em>2000 Outstanding Intellectuals of the 21st Century <\/em>from 2010, edited by <em>International Biographical Centre<\/em>, Cambridge, England.<\/p>\n<\/div>\n<p>[\/vc_column_text][\/vc_column][\/vc_row]<\/p>\n<\/div>","protected":false},"excerpt":{"rendered":"<p>[vc_row][vc_column width=\u00bb1\/3&#8243;][vc_gallery el_id=\u00bbgallery-148237&#8243; type=\u00bbcarousel\u00bb medias=\u00bb61,34,27,30,29,1182,580,575,616,617,797,794,795,796,1186&#8243; carousel_lg=\u00bb1&#8243; carousel_md=\u00bb1&#8243; carousel_sm=\u00bb1&#8243; thumb_size=\u00bbone-one\u00bb gutter_size=\u00bb3&#8243; carousel_type=\u00bbfade\u00bb carousel_interval=\u00bb5000&#8243; carousel_navspeed=\u00bb700&#8243; carousel_loop=\u00bbyes\u00bb stage_padding=\u00bb0&#8243; single_overlay_color=\u00bbcolor-rgdb\u00bb single_overlay_opacity=\u00bb50&#8243; single_padding=\u00bb2&#8243; lbox_title=\u00bbyes\u00bb uncode_shortcode_id=\u00bb430268&#8243;][vc_column_text [&hellip;]<\/p>\n","protected":false},"author":1,"featured_media":0,"parent":0,"menu_order":0,"comment_status":"closed","ping_status":"closed","template":"","meta":{"footnotes":""},"class_list":["post-20","page","type-page","status-publish","hentry"],"yoast_head":"<!-- This site is optimized with the Yoast SEO plugin v26.7 - https:\/\/yoast.com\/wordpress\/plugins\/seo\/ -->\n<title>Biography - Enrique Igoa. Composer and teacher<\/title>\n<meta name=\"robots\" content=\"index, follow, max-snippet:-1, max-image-preview:large, max-video-preview:-1\" \/>\n<link rel=\"canonical\" href=\"https:\/\/www.enriqueigoa.com\/en\/biografia\/\" \/>\n<meta property=\"og:locale\" content=\"es_ES\" \/>\n<meta property=\"og:type\" content=\"article\" \/>\n<meta property=\"og:title\" content=\"Biography - Enrique Igoa. Composer and teacher\" \/>\n<meta property=\"og:description\" content=\"[vc_row][vc_column width=\u00bb1\/3&#8243;][vc_gallery el_id=\u00bbgallery-148237&#8243; type=\u00bbcarousel\u00bb medias=\u00bb61,34,27,30,29,1182,580,575,616,617,797,794,795,796,1186&#8243; carousel_lg=\u00bb1&#8243; carousel_md=\u00bb1&#8243; carousel_sm=\u00bb1&#8243; thumb_size=\u00bbone-one\u00bb gutter_size=\u00bb3&#8243; carousel_type=\u00bbfade\u00bb carousel_interval=\u00bb5000&#8243; carousel_navspeed=\u00bb700&#8243; carousel_loop=\u00bbyes\u00bb stage_padding=\u00bb0&#8243; single_overlay_color=\u00bbcolor-rgdb\u00bb single_overlay_opacity=\u00bb50&#8243; single_padding=\u00bb2&#8243; lbox_title=\u00bbyes\u00bb uncode_shortcode_id=\u00bb430268&#8243;][vc_column_text [&hellip;]\" \/>\n<meta property=\"og:url\" content=\"https:\/\/www.enriqueigoa.com\/en\/biografia\/\" \/>\n<meta property=\"og:site_name\" content=\"Enrique Igoa. Composer and teacher\" \/>\n<meta property=\"article:modified_time\" content=\"2026-01-14T16:44:47+00:00\" \/>\n<meta name=\"twitter:card\" content=\"summary_large_image\" \/>\n<meta name=\"twitter:label1\" content=\"Tiempo de lectura\" \/>\n\t<meta name=\"twitter:data1\" content=\"7 minutos\" \/>\n<script type=\"application\/ld+json\" class=\"yoast-schema-graph\">{\"@context\":\"https:\/\/schema.org\",\"@graph\":[{\"@type\":\"WebPage\",\"@id\":\"https:\/\/www.enriqueigoa.com\/en\/biografia\/\",\"url\":\"https:\/\/www.enriqueigoa.com\/en\/biografia\/\",\"name\":\"Biography - Enrique Igoa. Composer and teacher\",\"isPartOf\":{\"@id\":\"https:\/\/www.enriqueigoa.com\/en\/#website\"},\"datePublished\":\"2017-10-03T10:06:45+00:00\",\"dateModified\":\"2026-01-14T16:44:47+00:00\",\"breadcrumb\":{\"@id\":\"https:\/\/www.enriqueigoa.com\/en\/biografia\/#breadcrumb\"},\"inLanguage\":\"es\",\"potentialAction\":[{\"@type\":\"ReadAction\",\"target\":[\"https:\/\/www.enriqueigoa.com\/en\/biografia\/\"]}]},{\"@type\":\"BreadcrumbList\",\"@id\":\"https:\/\/www.enriqueigoa.com\/en\/biografia\/#breadcrumb\",\"itemListElement\":[{\"@type\":\"ListItem\",\"position\":1,\"name\":\"Portada\",\"item\":\"https:\/\/www.enriqueigoa.com\/en\/\"},{\"@type\":\"ListItem\",\"position\":2,\"name\":\"Biography\"}]},{\"@type\":\"WebSite\",\"@id\":\"https:\/\/www.enriqueigoa.com\/en\/#website\",\"url\":\"https:\/\/www.enriqueigoa.com\/en\/\",\"name\":\"Enrique Igoa. Compositor y profesor\",\"description\":\"Composer, Professor of Musical Analysis and Musical researcher\",\"publisher\":{\"@id\":\"https:\/\/www.enriqueigoa.com\/en\/#organization\"},\"potentialAction\":[{\"@type\":\"SearchAction\",\"target\":{\"@type\":\"EntryPoint\",\"urlTemplate\":\"https:\/\/www.enriqueigoa.com\/en\/?s={search_term_string}\"},\"query-input\":{\"@type\":\"PropertyValueSpecification\",\"valueRequired\":true,\"valueName\":\"search_term_string\"}}],\"inLanguage\":\"es\"},{\"@type\":\"Organization\",\"@id\":\"https:\/\/www.enriqueigoa.com\/en\/#organization\",\"name\":\"Enrique Igoa\",\"url\":\"https:\/\/www.enriqueigoa.com\/en\/\",\"logo\":{\"@type\":\"ImageObject\",\"inLanguage\":\"es\",\"@id\":\"https:\/\/www.enriqueigoa.com\/en\/#\/schema\/logo\/image\/\",\"url\":\"https:\/\/www.enriqueigoa.com\/en\/wp-content\/uploads\/2017\/10\/bio0.jpg\",\"contentUrl\":\"https:\/\/www.enriqueigoa.com\/en\/wp-content\/uploads\/2017\/10\/bio0.jpg\",\"width\":400,\"height\":400,\"caption\":\"Enrique Igoa\"},\"image\":{\"@id\":\"https:\/\/www.enriqueigoa.com\/en\/#\/schema\/logo\/image\/\"},\"sameAs\":[\"https:\/\/www.linkedin.com\/in\/enriqueigoa\/?originalSubdomain=es\",\"https:\/\/www.youtube.com\/channel\/UCTHPGgP1YEFhpnnNbbRhrQg\/videos?view=0&amp;amp;amp;amp;sort=p&amp;amp;amp;amp;flow=grid\"]}]}<\/script>\n<!-- \/ Yoast SEO plugin. -->","yoast_head_json":{"title":"Biography - Enrique Igoa. Composer and teacher","robots":{"index":"index","follow":"follow","max-snippet":"max-snippet:-1","max-image-preview":"max-image-preview:large","max-video-preview":"max-video-preview:-1"},"canonical":"https:\/\/www.enriqueigoa.com\/en\/biografia\/","og_locale":"es_ES","og_type":"article","og_title":"Biography - Enrique Igoa. Composer and teacher","og_description":"[vc_row][vc_column width=\u00bb1\/3&#8243;][vc_gallery el_id=\u00bbgallery-148237&#8243; type=\u00bbcarousel\u00bb medias=\u00bb61,34,27,30,29,1182,580,575,616,617,797,794,795,796,1186&#8243; carousel_lg=\u00bb1&#8243; carousel_md=\u00bb1&#8243; carousel_sm=\u00bb1&#8243; thumb_size=\u00bbone-one\u00bb gutter_size=\u00bb3&#8243; carousel_type=\u00bbfade\u00bb carousel_interval=\u00bb5000&#8243; carousel_navspeed=\u00bb700&#8243; carousel_loop=\u00bbyes\u00bb stage_padding=\u00bb0&#8243; single_overlay_color=\u00bbcolor-rgdb\u00bb single_overlay_opacity=\u00bb50&#8243; single_padding=\u00bb2&#8243; lbox_title=\u00bbyes\u00bb uncode_shortcode_id=\u00bb430268&#8243;][vc_column_text [&hellip;]","og_url":"https:\/\/www.enriqueigoa.com\/en\/biografia\/","og_site_name":"Enrique Igoa. Composer and teacher","article_modified_time":"2026-01-14T16:44:47+00:00","twitter_card":"summary_large_image","twitter_misc":{"Tiempo de lectura":"7 minutos"},"schema":{"@context":"https:\/\/schema.org","@graph":[{"@type":"WebPage","@id":"https:\/\/www.enriqueigoa.com\/en\/biografia\/","url":"https:\/\/www.enriqueigoa.com\/en\/biografia\/","name":"Biography - Enrique Igoa. Composer and teacher","isPartOf":{"@id":"https:\/\/www.enriqueigoa.com\/en\/#website"},"datePublished":"2017-10-03T10:06:45+00:00","dateModified":"2026-01-14T16:44:47+00:00","breadcrumb":{"@id":"https:\/\/www.enriqueigoa.com\/en\/biografia\/#breadcrumb"},"inLanguage":"es","potentialAction":[{"@type":"ReadAction","target":["https:\/\/www.enriqueigoa.com\/en\/biografia\/"]}]},{"@type":"BreadcrumbList","@id":"https:\/\/www.enriqueigoa.com\/en\/biografia\/#breadcrumb","itemListElement":[{"@type":"ListItem","position":1,"name":"Portada","item":"https:\/\/www.enriqueigoa.com\/en\/"},{"@type":"ListItem","position":2,"name":"Biography"}]},{"@type":"WebSite","@id":"https:\/\/www.enriqueigoa.com\/en\/#website","url":"https:\/\/www.enriqueigoa.com\/en\/","name":"Enrique Igoa. Compositor y profesor","description":"Composer, Professor of Musical Analysis and Musical researcher","publisher":{"@id":"https:\/\/www.enriqueigoa.com\/en\/#organization"},"potentialAction":[{"@type":"SearchAction","target":{"@type":"EntryPoint","urlTemplate":"https:\/\/www.enriqueigoa.com\/en\/?s={search_term_string}"},"query-input":{"@type":"PropertyValueSpecification","valueRequired":true,"valueName":"search_term_string"}}],"inLanguage":"es"},{"@type":"Organization","@id":"https:\/\/www.enriqueigoa.com\/en\/#organization","name":"Enrique Igoa","url":"https:\/\/www.enriqueigoa.com\/en\/","logo":{"@type":"ImageObject","inLanguage":"es","@id":"https:\/\/www.enriqueigoa.com\/en\/#\/schema\/logo\/image\/","url":"https:\/\/www.enriqueigoa.com\/en\/wp-content\/uploads\/2017\/10\/bio0.jpg","contentUrl":"https:\/\/www.enriqueigoa.com\/en\/wp-content\/uploads\/2017\/10\/bio0.jpg","width":400,"height":400,"caption":"Enrique Igoa"},"image":{"@id":"https:\/\/www.enriqueigoa.com\/en\/#\/schema\/logo\/image\/"},"sameAs":["https:\/\/www.linkedin.com\/in\/enriqueigoa\/?originalSubdomain=es","https:\/\/www.youtube.com\/channel\/UCTHPGgP1YEFhpnnNbbRhrQg\/videos?view=0&amp;amp;amp;amp;sort=p&amp;amp;amp;amp;flow=grid"]}]}},"_links":{"self":[{"href":"https:\/\/www.enriqueigoa.com\/en\/wp-json\/wp\/v2\/pages\/20","targetHints":{"allow":["GET"]}}],"collection":[{"href":"https:\/\/www.enriqueigoa.com\/en\/wp-json\/wp\/v2\/pages"}],"about":[{"href":"https:\/\/www.enriqueigoa.com\/en\/wp-json\/wp\/v2\/types\/page"}],"author":[{"embeddable":true,"href":"https:\/\/www.enriqueigoa.com\/en\/wp-json\/wp\/v2\/users\/1"}],"replies":[{"embeddable":true,"href":"https:\/\/www.enriqueigoa.com\/en\/wp-json\/wp\/v2\/comments?post=20"}],"version-history":[{"count":103,"href":"https:\/\/www.enriqueigoa.com\/en\/wp-json\/wp\/v2\/pages\/20\/revisions"}],"predecessor-version":[{"id":1187,"href":"https:\/\/www.enriqueigoa.com\/en\/wp-json\/wp\/v2\/pages\/20\/revisions\/1187"}],"wp:attachment":[{"href":"https:\/\/www.enriqueigoa.com\/en\/wp-json\/wp\/v2\/media?parent=20"}],"curies":[{"name":"wp","href":"https:\/\/api.w.org\/{rel}","templated":true}]}}