{"id":202,"date":"2017-10-06T08:53:33","date_gmt":"2017-10-06T08:53:33","guid":{"rendered":"http:\/\/www.enriqueigoa.com\/prueba\/?page_id=202"},"modified":"2022-01-18T19:16:09","modified_gmt":"2022-01-18T19:16:09","slug":"dossiers","status":"publish","type":"page","link":"https:\/\/www.enriqueigoa.com\/en\/dossiers\/","title":{"rendered":"Dossiers"},"content":{"rendered":"<div class=\"wpb-content-wrapper\"><p>[vc_row row_height_percent=\u00bb0&#8243; override_padding=\u00bbyes\u00bb h_padding=\u00bb2&#8243; top_padding=\u00bb2&#8243; bottom_padding=\u00bb3&#8243; back_color=\u00bbcolor-lxmt\u00bb overlay_alpha=\u00bb50&#8243; gutter_size=\u00bb3&#8243; column_width_percent=\u00bb100&#8243; shift_y=\u00bb0&#8243; z_index=\u00bb0&#8243; uncode_shortcode_id=\u00bb218171&#8243; back_color_type=\u00bbuncode-palette\u00bb shape_dividers=\u00bb\u00bb][vc_column column_width_percent=\u00bb100&#8243; position_vertical=\u00bbmiddle\u00bb align_horizontal=\u00bbalign_center\u00bb gutter_size=\u00bb3&#8243; overlay_alpha=\u00bb50&#8243; shift_x=\u00bb0&#8243; shift_y=\u00bb0&#8243; shift_y_down=\u00bb0&#8243; z_index=\u00bb0&#8243; medium_width=\u00bb0&#8243; mobile_width=\u00bb0&#8243; uncode_shortcode_id=\u00bb879426&#8243;][vc_row_inner][vc_column_inner width=\u00bb1\/2&#8243;][vc_column_text uncode_shortcode_id=\u00bb154544&#8243;]<strong>Dossier sobre las \u00f3peras de las Temporadas de \u00d3pera 1995, 1996 y 1997<\/strong> (comentarios hist\u00f3ricos, estil\u00edsticos, est\u00e9ticos, anal\u00edticos, etc.), para la Asociaci\u00f3n de Amigos de la \u00d3pera de Madrid.<\/p>\n<p><strong>Dossier para el curso <em>La \u00f3pera del Teatro Real<\/em> (1997-98):<\/strong> comentarios y argumentos de 30 \u00f3peras, incluyendo las programadas por el Teatro Real.<\/p>\n<p><strong>Dossier para el curso <em>Cuatro siglos de \u00f3pera<\/em> (1998-99):<\/strong> comentarios y argumentos de 30 \u00f3peras, incluyendo las programadas por el Teatro Real.<\/p>\n<p><strong>Dossier para el curso <em>La \u00f3pera en su tiempo<\/em> (1999-2000):<\/strong> comentarios y argumentos de 12 \u00f3peras, incluyendo las programadas por el Teatro Real, y de sus 12 momentos hist\u00f3ricos (m\u00fasica sinf\u00f3nica y de c\u00e1mara).[\/vc_column_text][\/vc_column_inner][vc_column_inner width=\u00bb1\/2&#8243;][vc_column_text uncode_shortcode_id=\u00bb167389&#8243;]<strong>Dossier para el curso <em>M\u00fasica en escena I: \u00f3pera y cine<\/em> (2000-2001):<\/strong> comentarios y argumentos de 12 \u00f3peras, incluyendo las programadas por el Teatro Real, y de 7 pel\u00edculas.<\/p>\n<p><strong>Dossier para el curso <em>M\u00fasica en escena II: \u00f3pera y cine<\/em> (2001-2002):<\/strong> comentarios y argumentos de 10 \u00f3peras, incluyendo las programadas por el Teatro Real, y de 2 pel\u00edculas.<\/p>\n<p><strong>Dossier para el curso <em>M\u00fasica en escena III: \u00f3pera y cine<\/em> (2002-2003):<\/strong> comentarios y argumentos de 10 \u00f3peras (incluyendo las programadas por el Teatro Real), de 1 pel\u00edcula y varios documentales musicales.[\/vc_column_text][\/vc_column_inner][\/vc_row_inner][\/vc_column][\/vc_row]<\/p>\n<\/div>","protected":false},"excerpt":{"rendered":"<p>[vc_row row_height_percent=\u00bb0&#8243; override_padding=\u00bbyes\u00bb h_padding=\u00bb2&#8243; top_padding=\u00bb2&#8243; bottom_padding=\u00bb3&#8243; back_color=\u00bbcolor-lxmt\u00bb overlay_alpha=\u00bb50&#8243; gutter_size=\u00bb3&#8243; column_width_percent=\u00bb100&#8243; shift_y=\u00bb0&#8243; z_index=\u00bb0&#8243; uncode_shortcode_id=\u00bb218171&#8243; back_color_type=\u00bbuncode-palette\u00bb shape_dividers=\u00bb\u00bb][vc_column column_width_percent=\u00bb100&#8243; position_vertical=\u00bbmiddle\u00bb align_horizontal=\u00bbalign_center\u00bb gutter_size=\u00bb3&#8243; overlay_alpha=\u00bb50&#8243; [&hellip;]<\/p>\n","protected":false},"author":1,"featured_media":0,"parent":0,"menu_order":0,"comment_status":"closed","ping_status":"closed","template":"","meta":{"footnotes":""},"class_list":["post-202","page","type-page","status-publish","hentry"],"yoast_head":"<!-- This site is optimized with the Yoast SEO plugin v26.7 - https:\/\/yoast.com\/wordpress\/plugins\/seo\/ -->\n<title>Dossiers - Enrique Igoa. Composer and teacher<\/title>\n<meta name=\"robots\" content=\"index, follow, max-snippet:-1, max-image-preview:large, max-video-preview:-1\" \/>\n<link rel=\"canonical\" href=\"https:\/\/www.enriqueigoa.com\/en\/dossiers\/\" \/>\n<meta property=\"og:locale\" content=\"es_ES\" \/>\n<meta property=\"og:type\" content=\"article\" \/>\n<meta property=\"og:title\" content=\"Dossiers - Enrique Igoa. Composer and teacher\" \/>\n<meta property=\"og:description\" content=\"[vc_row row_height_percent=\u00bb0&#8243; override_padding=\u00bbyes\u00bb h_padding=\u00bb2&#8243; top_padding=\u00bb2&#8243; bottom_padding=\u00bb3&#8243; back_color=\u00bbcolor-lxmt\u00bb overlay_alpha=\u00bb50&#8243; gutter_size=\u00bb3&#8243; column_width_percent=\u00bb100&#8243; shift_y=\u00bb0&#8243; z_index=\u00bb0&#8243; uncode_shortcode_id=\u00bb218171&#8243; back_color_type=\u00bbuncode-palette\u00bb shape_dividers=\u00bb\u00bb][vc_column column_width_percent=\u00bb100&#8243; position_vertical=\u00bbmiddle\u00bb align_horizontal=\u00bbalign_center\u00bb gutter_size=\u00bb3&#8243; overlay_alpha=\u00bb50&#8243; [&hellip;]\" \/>\n<meta property=\"og:url\" content=\"https:\/\/www.enriqueigoa.com\/en\/dossiers\/\" \/>\n<meta property=\"og:site_name\" content=\"Enrique Igoa. Composer and teacher\" \/>\n<meta property=\"article:modified_time\" content=\"2022-01-18T19:16:09+00:00\" \/>\n<meta name=\"twitter:card\" content=\"summary_large_image\" \/>\n<meta name=\"twitter:label1\" content=\"Tiempo de lectura\" \/>\n\t<meta name=\"twitter:data1\" content=\"2 minutos\" \/>\n<script type=\"application\/ld+json\" class=\"yoast-schema-graph\">{\"@context\":\"https:\/\/schema.org\",\"@graph\":[{\"@type\":\"WebPage\",\"@id\":\"https:\/\/www.enriqueigoa.com\/en\/dossiers\/\",\"url\":\"https:\/\/www.enriqueigoa.com\/en\/dossiers\/\",\"name\":\"Dossiers - Enrique Igoa. Composer and teacher\",\"isPartOf\":{\"@id\":\"https:\/\/www.enriqueigoa.com\/en\/#website\"},\"datePublished\":\"2017-10-06T08:53:33+00:00\",\"dateModified\":\"2022-01-18T19:16:09+00:00\",\"breadcrumb\":{\"@id\":\"https:\/\/www.enriqueigoa.com\/en\/dossiers\/#breadcrumb\"},\"inLanguage\":\"es\",\"potentialAction\":[{\"@type\":\"ReadAction\",\"target\":[\"https:\/\/www.enriqueigoa.com\/en\/dossiers\/\"]}]},{\"@type\":\"BreadcrumbList\",\"@id\":\"https:\/\/www.enriqueigoa.com\/en\/dossiers\/#breadcrumb\",\"itemListElement\":[{\"@type\":\"ListItem\",\"position\":1,\"name\":\"Portada\",\"item\":\"https:\/\/www.enriqueigoa.com\/en\/\"},{\"@type\":\"ListItem\",\"position\":2,\"name\":\"Dossiers\"}]},{\"@type\":\"WebSite\",\"@id\":\"https:\/\/www.enriqueigoa.com\/en\/#website\",\"url\":\"https:\/\/www.enriqueigoa.com\/en\/\",\"name\":\"Enrique Igoa. Compositor y profesor\",\"description\":\"Composer, Professor of Musical Analysis and Musical researcher\",\"publisher\":{\"@id\":\"https:\/\/www.enriqueigoa.com\/en\/#organization\"},\"potentialAction\":[{\"@type\":\"SearchAction\",\"target\":{\"@type\":\"EntryPoint\",\"urlTemplate\":\"https:\/\/www.enriqueigoa.com\/en\/?s={search_term_string}\"},\"query-input\":{\"@type\":\"PropertyValueSpecification\",\"valueRequired\":true,\"valueName\":\"search_term_string\"}}],\"inLanguage\":\"es\"},{\"@type\":\"Organization\",\"@id\":\"https:\/\/www.enriqueigoa.com\/en\/#organization\",\"name\":\"Enrique Igoa\",\"url\":\"https:\/\/www.enriqueigoa.com\/en\/\",\"logo\":{\"@type\":\"ImageObject\",\"inLanguage\":\"es\",\"@id\":\"https:\/\/www.enriqueigoa.com\/en\/#\/schema\/logo\/image\/\",\"url\":\"https:\/\/www.enriqueigoa.com\/en\/wp-content\/uploads\/2017\/10\/bio0.jpg\",\"contentUrl\":\"https:\/\/www.enriqueigoa.com\/en\/wp-content\/uploads\/2017\/10\/bio0.jpg\",\"width\":400,\"height\":400,\"caption\":\"Enrique Igoa\"},\"image\":{\"@id\":\"https:\/\/www.enriqueigoa.com\/en\/#\/schema\/logo\/image\/\"},\"sameAs\":[\"https:\/\/www.linkedin.com\/in\/enriqueigoa\/?originalSubdomain=es\",\"https:\/\/www.youtube.com\/channel\/UCTHPGgP1YEFhpnnNbbRhrQg\/videos?view=0&amp;amp;amp;amp;sort=p&amp;amp;amp;amp;flow=grid\"]}]}<\/script>\n<!-- \/ Yoast SEO plugin. -->","yoast_head_json":{"title":"Dossiers - Enrique Igoa. Composer and teacher","robots":{"index":"index","follow":"follow","max-snippet":"max-snippet:-1","max-image-preview":"max-image-preview:large","max-video-preview":"max-video-preview:-1"},"canonical":"https:\/\/www.enriqueigoa.com\/en\/dossiers\/","og_locale":"es_ES","og_type":"article","og_title":"Dossiers - Enrique Igoa. Composer and teacher","og_description":"[vc_row row_height_percent=\u00bb0&#8243; override_padding=\u00bbyes\u00bb h_padding=\u00bb2&#8243; top_padding=\u00bb2&#8243; bottom_padding=\u00bb3&#8243; back_color=\u00bbcolor-lxmt\u00bb overlay_alpha=\u00bb50&#8243; gutter_size=\u00bb3&#8243; column_width_percent=\u00bb100&#8243; shift_y=\u00bb0&#8243; z_index=\u00bb0&#8243; uncode_shortcode_id=\u00bb218171&#8243; back_color_type=\u00bbuncode-palette\u00bb shape_dividers=\u00bb\u00bb][vc_column column_width_percent=\u00bb100&#8243; position_vertical=\u00bbmiddle\u00bb align_horizontal=\u00bbalign_center\u00bb gutter_size=\u00bb3&#8243; overlay_alpha=\u00bb50&#8243; [&hellip;]","og_url":"https:\/\/www.enriqueigoa.com\/en\/dossiers\/","og_site_name":"Enrique Igoa. Composer and teacher","article_modified_time":"2022-01-18T19:16:09+00:00","twitter_card":"summary_large_image","twitter_misc":{"Tiempo de lectura":"2 minutos"},"schema":{"@context":"https:\/\/schema.org","@graph":[{"@type":"WebPage","@id":"https:\/\/www.enriqueigoa.com\/en\/dossiers\/","url":"https:\/\/www.enriqueigoa.com\/en\/dossiers\/","name":"Dossiers - Enrique Igoa. Composer and teacher","isPartOf":{"@id":"https:\/\/www.enriqueigoa.com\/en\/#website"},"datePublished":"2017-10-06T08:53:33+00:00","dateModified":"2022-01-18T19:16:09+00:00","breadcrumb":{"@id":"https:\/\/www.enriqueigoa.com\/en\/dossiers\/#breadcrumb"},"inLanguage":"es","potentialAction":[{"@type":"ReadAction","target":["https:\/\/www.enriqueigoa.com\/en\/dossiers\/"]}]},{"@type":"BreadcrumbList","@id":"https:\/\/www.enriqueigoa.com\/en\/dossiers\/#breadcrumb","itemListElement":[{"@type":"ListItem","position":1,"name":"Portada","item":"https:\/\/www.enriqueigoa.com\/en\/"},{"@type":"ListItem","position":2,"name":"Dossiers"}]},{"@type":"WebSite","@id":"https:\/\/www.enriqueigoa.com\/en\/#website","url":"https:\/\/www.enriqueigoa.com\/en\/","name":"Enrique Igoa. Compositor y profesor","description":"Composer, Professor of Musical Analysis and Musical researcher","publisher":{"@id":"https:\/\/www.enriqueigoa.com\/en\/#organization"},"potentialAction":[{"@type":"SearchAction","target":{"@type":"EntryPoint","urlTemplate":"https:\/\/www.enriqueigoa.com\/en\/?s={search_term_string}"},"query-input":{"@type":"PropertyValueSpecification","valueRequired":true,"valueName":"search_term_string"}}],"inLanguage":"es"},{"@type":"Organization","@id":"https:\/\/www.enriqueigoa.com\/en\/#organization","name":"Enrique Igoa","url":"https:\/\/www.enriqueigoa.com\/en\/","logo":{"@type":"ImageObject","inLanguage":"es","@id":"https:\/\/www.enriqueigoa.com\/en\/#\/schema\/logo\/image\/","url":"https:\/\/www.enriqueigoa.com\/en\/wp-content\/uploads\/2017\/10\/bio0.jpg","contentUrl":"https:\/\/www.enriqueigoa.com\/en\/wp-content\/uploads\/2017\/10\/bio0.jpg","width":400,"height":400,"caption":"Enrique Igoa"},"image":{"@id":"https:\/\/www.enriqueigoa.com\/en\/#\/schema\/logo\/image\/"},"sameAs":["https:\/\/www.linkedin.com\/in\/enriqueigoa\/?originalSubdomain=es","https:\/\/www.youtube.com\/channel\/UCTHPGgP1YEFhpnnNbbRhrQg\/videos?view=0&amp;amp;amp;amp;sort=p&amp;amp;amp;amp;flow=grid"]}]}},"_links":{"self":[{"href":"https:\/\/www.enriqueigoa.com\/en\/wp-json\/wp\/v2\/pages\/202","targetHints":{"allow":["GET"]}}],"collection":[{"href":"https:\/\/www.enriqueigoa.com\/en\/wp-json\/wp\/v2\/pages"}],"about":[{"href":"https:\/\/www.enriqueigoa.com\/en\/wp-json\/wp\/v2\/types\/page"}],"author":[{"embeddable":true,"href":"https:\/\/www.enriqueigoa.com\/en\/wp-json\/wp\/v2\/users\/1"}],"replies":[{"embeddable":true,"href":"https:\/\/www.enriqueigoa.com\/en\/wp-json\/wp\/v2\/comments?post=202"}],"version-history":[{"count":6,"href":"https:\/\/www.enriqueigoa.com\/en\/wp-json\/wp\/v2\/pages\/202\/revisions"}],"predecessor-version":[{"id":899,"href":"https:\/\/www.enriqueigoa.com\/en\/wp-json\/wp\/v2\/pages\/202\/revisions\/899"}],"wp:attachment":[{"href":"https:\/\/www.enriqueigoa.com\/en\/wp-json\/wp\/v2\/media?parent=202"}],"curies":[{"name":"wp","href":"https:\/\/api.w.org\/{rel}","templated":true}]}}