{"id":204,"date":"2017-10-06T08:56:30","date_gmt":"2017-10-06T08:56:30","guid":{"rendered":"http:\/\/www.enriqueigoa.com\/prueba\/?page_id=204"},"modified":"2024-06-10T10:13:24","modified_gmt":"2024-06-10T10:13:24","slug":"libros-y-ediciones","status":"publish","type":"page","link":"https:\/\/www.enriqueigoa.com\/en\/libros-y-ediciones\/","title":{"rendered":"Books and Editions"},"content":{"rendered":"<div class=\"wpb-content-wrapper\"><p>[vc_row multiple_media=\u00bb\u00bb medias=\u00bb\u00bb bg_transition=\u00bb\u00bb bg_transition_time=\u00bb250&#8243; bg_carousel_time=\u00bb5000&#8243; bg_transition_pace_mouse=\u00bb200&#8243; multi_scroll_manually=\u00bb\u00bb bg_transition_pace=\u00bb20&#8243; bg_transition_threshold=\u00bb0&#8243; multi_random=\u00bb\u00bb mobile_slideshow=\u00bb\u00bb bg_carousel_time_mobile=\u00bb5000&#8243; bg_transition_threshold_mobile=\u00bb0&#8243; overlay_animated=\u00bb\u00bb overlay_animated_1_color=\u00bb\u00bb overlay_animated_2_color=\u00bb\u00bb overlay_animated_speed=\u00bb\u00bb overlay_animated_size=\u00bb\u00bb][vc_column column_width_percent=\u00bb80&#8243; gutter_size=\u00bb3&#8243; overlay_alpha=\u00bb50&#8243; shift_x=\u00bb0&#8243; shift_y=\u00bb0&#8243; shift_y_down=\u00bb0&#8243; z_index=\u00bb0&#8243; medium_width=\u00bb0&#8243; mobile_width=\u00bb0&#8243; multiple_media=\u00bb\u00bb medias=\u00bb\u00bb bg_transition=\u00bb\u00bb bg_transition_time=\u00bb250&#8243; bg_carousel_time=\u00bb5000&#8243; bg_transition_pace_mouse=\u00bb200&#8243; multi_scroll_manually=\u00bb\u00bb bg_transition_pace=\u00bb20&#8243; bg_transition_threshold=\u00bb0&#8243; multi_random=\u00bb\u00bb mobile_slideshow=\u00bb\u00bb bg_carousel_time_mobile=\u00bb5000&#8243; bg_transition_threshold_mobile=\u00bb0&#8243; overlay_animated=\u00bb\u00bb overlay_animated_1_color=\u00bb\u00bb overlay_animated_2_color=\u00bb\u00bb overlay_animated_speed=\u00bb\u00bb overlay_animated_size=\u00bb\u00bb toggle=\u00bb\u00bb max_height=\u00bb200&#8243; max_height_mobile=\u00bb\u00bb closed_txt=\u00bbOpen\u00bb icon_closed=\u00bb\u00bb btn_margin=\u00bb\u00bb open_txt=\u00bbClose\u00bb icon_open=\u00bb\u00bb btn_margin_open=\u00bb\u00bb icon_position=\u00bbleft\u00bb fade=\u00bb\u00bb btn_align=\u00bb\u00bb toggle_scroll=\u00bb\u00bb toggle_navbar=\u00bb\u00bb toggle_navbar_mobile=\u00bb\u00bb trigger_resize=\u00bb\u00bb width=\u00bb1\/2&#8243; uncode_shortcode_id=\u00bb795643&#8243;][vc_single_image media=\u00bb903&#8243; media_width_percent=\u00bb50&#8243; alignment=\u00bbcenter\u00bb lbox_skin=\u00bbwhite\u00bb uncode_shortcode_id=\u00bb713952&#8243;][vc_column_text uncode_shortcode_id=\u00bb137162&#8243;]<em>An\u00e1lisis Musical I.\u00a0<\/em>Enrique Igoa, profesor em\u00e9rito del Real Conservatorio Superior de M\u00fasica de Madrid. Academia 2020<br \/>\n<em><span style=\"color: #bf2424;\"><a style=\"color: #bf2424;\" href=\"https:\/\/www.enriqueigoa.com\/articulos_y_libros\/Libro_Analisis_musical_I.pdf\" target=\"_blank\" rel=\"noopener noreferrer\">Download<\/a><\/span><\/em>[\/vc_column_text][\/vc_column][vc_column column_width_percent=\u00bb80&#8243; gutter_size=\u00bb3&#8243; overlay_alpha=\u00bb50&#8243; shift_x=\u00bb0&#8243; shift_y=\u00bb0&#8243; shift_y_down=\u00bb0&#8243; z_index=\u00bb0&#8243; medium_width=\u00bb0&#8243; mobile_width=\u00bb0&#8243; multiple_media=\u00bb\u00bb medias=\u00bb\u00bb bg_transition=\u00bb\u00bb bg_transition_time=\u00bb250&#8243; bg_carousel_time=\u00bb5000&#8243; bg_transition_pace_mouse=\u00bb200&#8243; multi_scroll_manually=\u00bb\u00bb bg_transition_pace=\u00bb20&#8243; bg_transition_threshold=\u00bb0&#8243; multi_random=\u00bb\u00bb mobile_slideshow=\u00bb\u00bb bg_carousel_time_mobile=\u00bb5000&#8243; bg_transition_threshold_mobile=\u00bb0&#8243; overlay_animated=\u00bb\u00bb overlay_animated_1_color=\u00bb\u00bb overlay_animated_2_color=\u00bb\u00bb overlay_animated_speed=\u00bb\u00bb overlay_animated_size=\u00bb\u00bb toggle=\u00bb\u00bb max_height=\u00bb200&#8243; max_height_mobile=\u00bb\u00bb closed_txt=\u00bbOpen\u00bb icon_closed=\u00bb\u00bb btn_margin=\u00bb\u00bb open_txt=\u00bbClose\u00bb icon_open=\u00bb\u00bb btn_margin_open=\u00bb\u00bb icon_position=\u00bbleft\u00bb fade=\u00bb\u00bb btn_align=\u00bb\u00bb toggle_scroll=\u00bb\u00bb toggle_navbar=\u00bb\u00bb toggle_navbar_mobile=\u00bb\u00bb trigger_resize=\u00bb\u00bb width=\u00bb1\/2&#8243; uncode_shortcode_id=\u00bb562283&#8243;][vc_single_image media=\u00bb602&#8243; media_width_percent=\u00bb50&#8243; alignment=\u00bbcenter\u00bb lbox_skin=\u00bbwhite\u00bb uncode_shortcode_id=\u00bb208386&#8243;][vc_column_text uncode_shortcode_id=\u00bb401635&#8243;]<em>La cuesti\u00f3n de la forma en las sonatas de Antonio Soler<\/em>. Doctoral thesis, Doctorate in Hispanic Music, Universidad Complutense de Madrid, 2014.<br \/>\n<em><a href=\"http:\/\/eprints.ucm.es\/24593\/1\/T35203.pdf\" target=\"_blank\" rel=\"noopener noreferrer\"><span style=\"color: #bf2424;\">Digital edition in UCM<\/span><\/a><\/em>[\/vc_column_text][\/vc_column][\/vc_row][vc_row][vc_column column_width_percent=\u00bb80&#8243; gutter_size=\u00bb3&#8243; overlay_alpha=\u00bb50&#8243; shift_x=\u00bb0&#8243; shift_y=\u00bb0&#8243; shift_y_down=\u00bb0&#8243; z_index=\u00bb0&#8243; medium_width=\u00bb0&#8243; mobile_width=\u00bb0&#8243; width=\u00bb1\/2&#8243; uncode_shortcode_id=\u00bb562283&#8243;][vc_single_image media=\u00bb600&#8243; media_width_percent=\u00bb50&#8243; alignment=\u00bbcenter\u00bb lbox_skin=\u00bbwhite\u00bb uncode_shortcode_id=\u00bb867352&#8243;][vc_column_text uncode_shortcode_id=\u00bb176866&#8243;]Antonio Soler: <em>20 Sonatas<\/em>. Edition and transcription. Editorial Piles, Valencia 2012.<br \/>\n<em><span style=\"color: #bf2424;\"><a href=\"https:\/\/pilesmusic.com\/index.php?id_product=57427&amp;controller=product&amp;id_lang=1&amp;search_query=Enrique+Igoa&amp;results=5\" target=\"_blank\" rel=\"noopener noreferrer\">Buy now<\/a><\/span><\/em>[\/vc_column_text][\/vc_column][vc_column column_width_percent=\u00bb80&#8243; gutter_size=\u00bb3&#8243; overlay_alpha=\u00bb50&#8243; shift_x=\u00bb0&#8243; shift_y=\u00bb0&#8243; shift_y_down=\u00bb0&#8243; z_index=\u00bb0&#8243; medium_width=\u00bb0&#8243; mobile_width=\u00bb0&#8243; width=\u00bb1\/2&#8243; uncode_shortcode_id=\u00bb795643&#8243;][vc_single_image media=\u00bb601&#8243; media_width_percent=\u00bb50&#8243; alignment=\u00bbcenter\u00bb lbox_skin=\u00bbwhite\u00bb uncode_shortcode_id=\u00bb591250&#8243;][vc_column_text uncode_shortcode_id=\u00bb629268&#8243;]<em>El legado musical de \u00c1ngel Barja. <\/em><em>M\u00fasica instrumental<\/em>. Research paper for the Doctorate in Hispanic Music, Universidad Complutense de Madrid, course 2002-2003. Edition: Instituto Leon\u00e9s de Cultura. Diputaci\u00f3n de Le\u00f3n, 2006.<br \/>\n<span style=\"color: #bf2424;\"><em>To buy the book, please, contact:<\/em><\/span><br \/>\nINSTITUTO LEON\u00c9S DE CULTURA<br \/>\nDirecci\u00f3n: Puerta de la Reina 1. 24003 Le\u00f3n<br \/>\nTelf.: 987 206 598<br \/>\nEmail: publicacionesilc@dipuleon.es<\/p>\n<p><em>Fundamentos de An\u00e1lisis Musical<\/em>, written with the granting of a study license by the Ministerio de Educaci\u00f3n (academic course 1999-2000).[\/vc_column_text][\/vc_column][\/vc_row]<\/p>\n<\/div>","protected":false},"excerpt":{"rendered":"<p>[vc_row multiple_media=\u00bb\u00bb medias=\u00bb\u00bb bg_transition=\u00bb\u00bb bg_transition_time=\u00bb250&#8243; bg_carousel_time=\u00bb5000&#8243; bg_transition_pace_mouse=\u00bb200&#8243; multi_scroll_manually=\u00bb\u00bb bg_transition_pace=\u00bb20&#8243; bg_transition_threshold=\u00bb0&#8243; multi_random=\u00bb\u00bb mobile_slideshow=\u00bb\u00bb bg_carousel_time_mobile=\u00bb5000&#8243; bg_transition_threshold_mobile=\u00bb0&#8243; overlay_animated=\u00bb\u00bb overlay_animated_1_color=\u00bb\u00bb overlay_animated_2_color=\u00bb\u00bb overlay_animated_speed=\u00bb\u00bb overlay_animated_size=\u00bb\u00bb][vc_column column_width_percent=\u00bb80&#8243; [&hellip;]<\/p>\n","protected":false},"author":1,"featured_media":0,"parent":0,"menu_order":0,"comment_status":"closed","ping_status":"closed","template":"","meta":{"footnotes":""},"class_list":["post-204","page","type-page","status-publish","hentry"],"yoast_head":"<!-- This site is optimized with the Yoast SEO plugin v26.7 - https:\/\/yoast.com\/wordpress\/plugins\/seo\/ -->\n<title>Books and Editions - Enrique Igoa. Composer and teacher<\/title>\n<meta name=\"robots\" content=\"index, follow, max-snippet:-1, max-image-preview:large, max-video-preview:-1\" \/>\n<link rel=\"canonical\" href=\"https:\/\/www.enriqueigoa.com\/en\/libros-y-ediciones\/\" \/>\n<meta property=\"og:locale\" content=\"es_ES\" \/>\n<meta property=\"og:type\" content=\"article\" \/>\n<meta property=\"og:title\" content=\"Books and Editions - Enrique Igoa. Composer and teacher\" \/>\n<meta property=\"og:description\" content=\"[vc_row multiple_media=\u00bb\u00bb medias=\u00bb\u00bb bg_transition=\u00bb\u00bb bg_transition_time=\u00bb250&#8243; bg_carousel_time=\u00bb5000&#8243; bg_transition_pace_mouse=\u00bb200&#8243; multi_scroll_manually=\u00bb\u00bb bg_transition_pace=\u00bb20&#8243; bg_transition_threshold=\u00bb0&#8243; multi_random=\u00bb\u00bb mobile_slideshow=\u00bb\u00bb bg_carousel_time_mobile=\u00bb5000&#8243; bg_transition_threshold_mobile=\u00bb0&#8243; overlay_animated=\u00bb\u00bb overlay_animated_1_color=\u00bb\u00bb overlay_animated_2_color=\u00bb\u00bb overlay_animated_speed=\u00bb\u00bb overlay_animated_size=\u00bb\u00bb][vc_column column_width_percent=\u00bb80&#8243; [&hellip;]\" \/>\n<meta property=\"og:url\" content=\"https:\/\/www.enriqueigoa.com\/en\/libros-y-ediciones\/\" \/>\n<meta property=\"og:site_name\" content=\"Enrique Igoa. Composer and teacher\" \/>\n<meta property=\"article:modified_time\" content=\"2024-06-10T10:13:24+00:00\" \/>\n<meta name=\"twitter:card\" content=\"summary_large_image\" \/>\n<meta name=\"twitter:label1\" content=\"Tiempo de lectura\" \/>\n\t<meta name=\"twitter:data1\" content=\"2 minutos\" \/>\n<script type=\"application\/ld+json\" class=\"yoast-schema-graph\">{\"@context\":\"https:\/\/schema.org\",\"@graph\":[{\"@type\":\"WebPage\",\"@id\":\"https:\/\/www.enriqueigoa.com\/en\/libros-y-ediciones\/\",\"url\":\"https:\/\/www.enriqueigoa.com\/en\/libros-y-ediciones\/\",\"name\":\"Books and Editions - Enrique Igoa. Composer and teacher\",\"isPartOf\":{\"@id\":\"https:\/\/www.enriqueigoa.com\/en\/#website\"},\"datePublished\":\"2017-10-06T08:56:30+00:00\",\"dateModified\":\"2024-06-10T10:13:24+00:00\",\"breadcrumb\":{\"@id\":\"https:\/\/www.enriqueigoa.com\/en\/libros-y-ediciones\/#breadcrumb\"},\"inLanguage\":\"es\",\"potentialAction\":[{\"@type\":\"ReadAction\",\"target\":[\"https:\/\/www.enriqueigoa.com\/en\/libros-y-ediciones\/\"]}]},{\"@type\":\"BreadcrumbList\",\"@id\":\"https:\/\/www.enriqueigoa.com\/en\/libros-y-ediciones\/#breadcrumb\",\"itemListElement\":[{\"@type\":\"ListItem\",\"position\":1,\"name\":\"Portada\",\"item\":\"https:\/\/www.enriqueigoa.com\/en\/\"},{\"@type\":\"ListItem\",\"position\":2,\"name\":\"Books and Editions\"}]},{\"@type\":\"WebSite\",\"@id\":\"https:\/\/www.enriqueigoa.com\/en\/#website\",\"url\":\"https:\/\/www.enriqueigoa.com\/en\/\",\"name\":\"Enrique Igoa. Compositor y profesor\",\"description\":\"Composer, Professor of Musical Analysis and Musical researcher\",\"publisher\":{\"@id\":\"https:\/\/www.enriqueigoa.com\/en\/#organization\"},\"potentialAction\":[{\"@type\":\"SearchAction\",\"target\":{\"@type\":\"EntryPoint\",\"urlTemplate\":\"https:\/\/www.enriqueigoa.com\/en\/?s={search_term_string}\"},\"query-input\":{\"@type\":\"PropertyValueSpecification\",\"valueRequired\":true,\"valueName\":\"search_term_string\"}}],\"inLanguage\":\"es\"},{\"@type\":\"Organization\",\"@id\":\"https:\/\/www.enriqueigoa.com\/en\/#organization\",\"name\":\"Enrique Igoa\",\"url\":\"https:\/\/www.enriqueigoa.com\/en\/\",\"logo\":{\"@type\":\"ImageObject\",\"inLanguage\":\"es\",\"@id\":\"https:\/\/www.enriqueigoa.com\/en\/#\/schema\/logo\/image\/\",\"url\":\"https:\/\/www.enriqueigoa.com\/en\/wp-content\/uploads\/2017\/10\/bio0.jpg\",\"contentUrl\":\"https:\/\/www.enriqueigoa.com\/en\/wp-content\/uploads\/2017\/10\/bio0.jpg\",\"width\":400,\"height\":400,\"caption\":\"Enrique Igoa\"},\"image\":{\"@id\":\"https:\/\/www.enriqueigoa.com\/en\/#\/schema\/logo\/image\/\"},\"sameAs\":[\"https:\/\/www.linkedin.com\/in\/enriqueigoa\/?originalSubdomain=es\",\"https:\/\/www.youtube.com\/channel\/UCTHPGgP1YEFhpnnNbbRhrQg\/videos?view=0&amp;amp;amp;amp;sort=p&amp;amp;amp;amp;flow=grid\"]}]}<\/script>\n<!-- \/ Yoast SEO plugin. -->","yoast_head_json":{"title":"Books and Editions - Enrique Igoa. Composer and teacher","robots":{"index":"index","follow":"follow","max-snippet":"max-snippet:-1","max-image-preview":"max-image-preview:large","max-video-preview":"max-video-preview:-1"},"canonical":"https:\/\/www.enriqueigoa.com\/en\/libros-y-ediciones\/","og_locale":"es_ES","og_type":"article","og_title":"Books and Editions - Enrique Igoa. Composer and teacher","og_description":"[vc_row multiple_media=\u00bb\u00bb medias=\u00bb\u00bb bg_transition=\u00bb\u00bb bg_transition_time=\u00bb250&#8243; bg_carousel_time=\u00bb5000&#8243; bg_transition_pace_mouse=\u00bb200&#8243; multi_scroll_manually=\u00bb\u00bb bg_transition_pace=\u00bb20&#8243; bg_transition_threshold=\u00bb0&#8243; multi_random=\u00bb\u00bb mobile_slideshow=\u00bb\u00bb bg_carousel_time_mobile=\u00bb5000&#8243; bg_transition_threshold_mobile=\u00bb0&#8243; overlay_animated=\u00bb\u00bb overlay_animated_1_color=\u00bb\u00bb overlay_animated_2_color=\u00bb\u00bb overlay_animated_speed=\u00bb\u00bb overlay_animated_size=\u00bb\u00bb][vc_column column_width_percent=\u00bb80&#8243; [&hellip;]","og_url":"https:\/\/www.enriqueigoa.com\/en\/libros-y-ediciones\/","og_site_name":"Enrique Igoa. Composer and teacher","article_modified_time":"2024-06-10T10:13:24+00:00","twitter_card":"summary_large_image","twitter_misc":{"Tiempo de lectura":"2 minutos"},"schema":{"@context":"https:\/\/schema.org","@graph":[{"@type":"WebPage","@id":"https:\/\/www.enriqueigoa.com\/en\/libros-y-ediciones\/","url":"https:\/\/www.enriqueigoa.com\/en\/libros-y-ediciones\/","name":"Books and Editions - Enrique Igoa. Composer and teacher","isPartOf":{"@id":"https:\/\/www.enriqueigoa.com\/en\/#website"},"datePublished":"2017-10-06T08:56:30+00:00","dateModified":"2024-06-10T10:13:24+00:00","breadcrumb":{"@id":"https:\/\/www.enriqueigoa.com\/en\/libros-y-ediciones\/#breadcrumb"},"inLanguage":"es","potentialAction":[{"@type":"ReadAction","target":["https:\/\/www.enriqueigoa.com\/en\/libros-y-ediciones\/"]}]},{"@type":"BreadcrumbList","@id":"https:\/\/www.enriqueigoa.com\/en\/libros-y-ediciones\/#breadcrumb","itemListElement":[{"@type":"ListItem","position":1,"name":"Portada","item":"https:\/\/www.enriqueigoa.com\/en\/"},{"@type":"ListItem","position":2,"name":"Books and Editions"}]},{"@type":"WebSite","@id":"https:\/\/www.enriqueigoa.com\/en\/#website","url":"https:\/\/www.enriqueigoa.com\/en\/","name":"Enrique Igoa. Compositor y profesor","description":"Composer, Professor of Musical Analysis and Musical researcher","publisher":{"@id":"https:\/\/www.enriqueigoa.com\/en\/#organization"},"potentialAction":[{"@type":"SearchAction","target":{"@type":"EntryPoint","urlTemplate":"https:\/\/www.enriqueigoa.com\/en\/?s={search_term_string}"},"query-input":{"@type":"PropertyValueSpecification","valueRequired":true,"valueName":"search_term_string"}}],"inLanguage":"es"},{"@type":"Organization","@id":"https:\/\/www.enriqueigoa.com\/en\/#organization","name":"Enrique Igoa","url":"https:\/\/www.enriqueigoa.com\/en\/","logo":{"@type":"ImageObject","inLanguage":"es","@id":"https:\/\/www.enriqueigoa.com\/en\/#\/schema\/logo\/image\/","url":"https:\/\/www.enriqueigoa.com\/en\/wp-content\/uploads\/2017\/10\/bio0.jpg","contentUrl":"https:\/\/www.enriqueigoa.com\/en\/wp-content\/uploads\/2017\/10\/bio0.jpg","width":400,"height":400,"caption":"Enrique Igoa"},"image":{"@id":"https:\/\/www.enriqueigoa.com\/en\/#\/schema\/logo\/image\/"},"sameAs":["https:\/\/www.linkedin.com\/in\/enriqueigoa\/?originalSubdomain=es","https:\/\/www.youtube.com\/channel\/UCTHPGgP1YEFhpnnNbbRhrQg\/videos?view=0&amp;amp;amp;amp;sort=p&amp;amp;amp;amp;flow=grid"]}]}},"_links":{"self":[{"href":"https:\/\/www.enriqueigoa.com\/en\/wp-json\/wp\/v2\/pages\/204","targetHints":{"allow":["GET"]}}],"collection":[{"href":"https:\/\/www.enriqueigoa.com\/en\/wp-json\/wp\/v2\/pages"}],"about":[{"href":"https:\/\/www.enriqueigoa.com\/en\/wp-json\/wp\/v2\/types\/page"}],"author":[{"embeddable":true,"href":"https:\/\/www.enriqueigoa.com\/en\/wp-json\/wp\/v2\/users\/1"}],"replies":[{"embeddable":true,"href":"https:\/\/www.enriqueigoa.com\/en\/wp-json\/wp\/v2\/comments?post=204"}],"version-history":[{"count":28,"href":"https:\/\/www.enriqueigoa.com\/en\/wp-json\/wp\/v2\/pages\/204\/revisions"}],"predecessor-version":[{"id":1062,"href":"https:\/\/www.enriqueigoa.com\/en\/wp-json\/wp\/v2\/pages\/204\/revisions\/1062"}],"wp:attachment":[{"href":"https:\/\/www.enriqueigoa.com\/en\/wp-json\/wp\/v2\/media?parent=204"}],"curies":[{"name":"wp","href":"https:\/\/api.w.org\/{rel}","templated":true}]}}