{"id":397,"date":"2017-10-17T14:30:09","date_gmt":"2017-10-17T14:30:09","guid":{"rendered":"http:\/\/www.enriqueigoa.com\/prueba\/?page_id=397"},"modified":"2024-08-13T12:08:21","modified_gmt":"2024-08-13T12:08:21","slug":"obras-electroacusticas","status":"publish","type":"page","link":"https:\/\/www.enriqueigoa.com\/en\/obras-electroacusticas\/","title":{"rendered":"Electroacustic\/Electronic works"},"content":{"rendered":"<div class=\"wpb-content-wrapper\"><p>[vc_row row_height_percent=\u00bb0&#8243; overlay_alpha=\u00bb50&#8243; gutter_size=\u00bb3&#8243; column_width_percent=\u00bb100&#8243; shift_y=\u00bb0&#8243; z_index=\u00bb0&#8243; uncode_shortcode_id=\u00bb187841&#8243;][vc_column column_width_percent=\u00bb100&#8243; position_vertical=\u00bbmiddle\u00bb align_horizontal=\u00bbalign_center\u00bb gutter_size=\u00bb3&#8243; overlay_alpha=\u00bb50&#8243; shift_x=\u00bb0&#8243; shift_y=\u00bb0&#8243; shift_y_down=\u00bb0&#8243; z_index=\u00bb0&#8243; medium_width=\u00bb0&#8243; mobile_width=\u00bb0&#8243; uncode_shortcode_id=\u00bb879426&#8243;][vc_column_text uncode_shortcode_id=\u00bb365405&#8243;]<\/p>\n<p style=\"text-align: center;\"><em>Imagen: partitura OP.22a\u00a0ESTUDIO VI<\/em><\/p>\n<p>&nbsp;<\/p>\n<div style=\"line-height: 140%; text-align: justify;\"><\/div>\n<p>[\/vc_column_text][vc_row_inner][vc_column_inner width=\u00bb1\/3&#8243;][vc_column_text uncode_shortcode_id=\u00bb598216&#8243;]<img decoding=\"async\" class=\"size-full wp-image-261 alignleft\" src=\"http:\/\/www.enriqueigoa.com\/wp-content\/uploads\/2017\/10\/op25.jpg\" alt=\"\" width=\"100\" height=\"120\" \/>OP.25\u00a0 <strong>LOGOS ONEIRON\u00a0<\/strong>Sopran or actress, piano &amp; electronics\u00a0 (Madrid, 1995-97)<\/p>\n<p><span style=\"color: #555555;\"><em>Lasting time: <\/em><strong>15\u2019 28\u2019\u2019<br \/>\n<\/strong><em>First perform.: Bel\u00e9n Guti\u00e9rrez (actress), Gonzalo Manzanares (piano) \u2013 <\/em><em>Auditorio del Museo Nacional de Arte Contempor\u00e1neo Reina Sof\u00eda \u2013 <\/em><em>IV Jornadas de Inform\u00e1tica y Electr\u00f3nica Musical &#8211; 31.7.1997<br \/>\n<\/em><\/span><em><span style=\"color: #555555;\">Recording: Radio Cl\u00e1sica de RNE\/\/LIEM-CDMC<\/span><br \/>\n<\/em><span style=\"color: #bf2424;\"><a href=\"https:\/\/soundcloud.com\/user-820058208\/wav-m-op25-logos-oneironwav\" target=\"_blank\" rel=\"noopener noreferrer\"><em>Soundcloud<\/em><\/a><\/span><\/p>\n<p><span style=\"color: #222222;\">&#8230;&#8230;&#8230;&#8230;&#8230;&#8230;&#8230;&#8230;&#8230;&#8230;&#8230;&#8230;&#8230;&#8230;&#8230;&#8230;.<\/span><\/p>\n<p><img decoding=\"async\" class=\"size-full wp-image-239 alignleft\" src=\"http:\/\/www.enriqueigoa.com\/wp-content\/uploads\/2017\/10\/op38a-w.jpg\" alt=\"\" width=\"100\" height=\"80\" \/><\/p>\n<p>OP.38a <strong>OBERTURA PARA UN PAISAJE URBANO<\/strong>\u00a0Autonomous electronic music, or\/and with video or ballet (Madrid, 2002) &#8211; Overture of <strong>La profesi\u00f3n<\/strong><\/p>\n<p>The <strong>Overture for an urban landscape <\/strong>has been selected, after its first performance, by <em>XII Festival de M\u00fasica Electroac\u00fastica \u201cPunto de encuentro\u201d (2003) <\/em>and by the <em>XX and XXI Festival Internacional de M\u00fasica Contempor\u00e1nea de Alicante (2004, 2005)<\/em>. It has been also awarded prices by <em>Laboratorio del Espacio 2011 <\/em>of LIEM-CDMC (Laboratorio de Inform\u00e1tica y Electr\u00f3nica Musical del Centro para la Difusi\u00f3n de la M\u00fasica Contempor\u00e1nea). The work has been also selected for a didactic combined project of Departamento de M\u00fasica del IES Jorge Guill\u00e9n and Departamento de Biolog\u00eda de la Universidad Complutense (2013-14), by Sociedad Espa\u00f1ola de Ac\u00fastica for the World Day\u00a0 of Sound 2013 and by Universidad de Oviedo for the subject \u201cCreaci\u00f3n musical multimedia\u201d in the degree of Musicology (2014).<\/p>\n<p><em>Lasting time: <\/em><strong>13\u2019 06\u2019\u2019<br \/>\n<\/strong><em>First perform. <\/em><em>(version with video): X Jornadas de Inform\u00e1tica y <\/em><em>Electr\u00f3nica Musical &#8211; Museo Nacional Centro de Arte Reina Sof\u00eda \u2013 <\/em><em>30.6.2003 &#8211; Video: Juan Antonio Rom\u00e1n (JARom\u00e1n)<br \/>\n<\/em><em>Recording: Radio Cl\u00e1sica de RNE\/CD\/DVD<\/em>[\/vc_column_text][vc_single_image media=\u00bb1093&#8243; media_width_percent=\u00bb100&#8243; uncode_shortcode_id=\u00bb263718&#8243;][\/vc_column_inner][vc_column_inner width=\u00bb1\/3&#8243;][vc_column_text uncode_shortcode_id=\u00bb944420&#8243;]<span style=\"color: #000000;\">OP.<strong>42 CALYPSO &amp; ULISES<\/strong> Ballet in four scenes * Electronic elaboration (Madrid, 2003-2004)<br \/>\n<em>Lasting time: 22\u2019 58\u2019\u2019<\/em><br \/>\n<em>Pictures: Miguel Etayo<\/em><br \/>\n<em>Recording: CD LIEM-CDMC<br \/>\n<\/em><br \/>\n<em>Soundcloud:<\/em><\/span><\/p>\n<p><span style=\"color: #000000;\"><em><img decoding=\"async\" class=\"alignnone size-full wp-image-643\" src=\"https:\/\/www.enriqueigoa.com\/en\/wp-content\/uploads\/2017\/12\/op42_1.jpg\" alt=\"\" width=\"100\" height=\"80\" \/><\/em><\/span><\/p>\n<p><span style=\"color: #000000;\">I. The Assembly of Gods<br \/>\n<span style=\"color: #bf2424;\"><em><a href=\"https:\/\/soundcloud.com\/user-820058208\/igoa-enrique-calypso-ulises-ballet-in-four-scenes-2004-i-the-assembly-of-gods-excerpt\" target=\"_blank\" rel=\"noopener noreferrer\">Soundcloud (I)<\/a><\/em><\/span><br \/>\n<\/span><\/p>\n<p><span style=\"color: #000000;\"><img decoding=\"async\" class=\"size-full wp-image-240 alignnone\" src=\"http:\/\/www.enriqueigoa.com\/wp-content\/uploads\/2017\/10\/op42-2-isla-de-calipsow.jpg\" alt=\"\" width=\"100\" height=\"80\" \/><\/span><\/p>\n<p><span style=\"color: #000000;\">II. The Island of Calypso<\/span><span style=\"color: #000000;\"> <span style=\"color: #bf2424;\"><em><a href=\"https:\/\/soundcloud.com\/user-820058208\/igoa-enrique-calypso-ulises-ballet-in-four-scenes-2004-ii-the-island-of-calypso-excerpt\" target=\"_blank\" rel=\"noopener noreferrer\"><br \/>\nSoundcloud (II)<\/a><\/em><\/span><\/span><\/p>\n<p><span style=\"color: #000000;\"><img decoding=\"async\" class=\"alignnone size-full wp-image-645\" src=\"https:\/\/www.enriqueigoa.com\/en\/wp-content\/uploads\/2017\/12\/op43_3_lamento_de_ulises.jpg\" alt=\"\" width=\"100\" height=\"80\" \/><\/span><\/p>\n<p><span style=\"color: #000000;\">III. The Lament of Ulysses<br \/>\n<span style=\"color: #bf2424;\"><em><a href=\"https:\/\/soundcloud.com\/user-820058208\/igoa-enrique-calypso-ulises-ballet-in-four-scenes-2004-iii-the-lament-of-ulysses-excerpt\" target=\"_blank\" rel=\"noopener noreferrer\">Soundcloud (III)<\/a><\/em><\/span><\/span><\/p>\n<p><span style=\"color: #000000;\"><img decoding=\"async\" class=\"alignnone size-full wp-image-644\" src=\"https:\/\/www.enriqueigoa.com\/en\/wp-content\/uploads\/2017\/12\/op42_4.jpg\" alt=\"\" width=\"100\" height=\"80\" \/><\/span><\/p>\n<p><span style=\"color: #000000;\">IV. Hermes, the Messenger. Departure of Ulysses<br \/>\n<span style=\"color: #bf2424;\"><a href=\"https:\/\/soundcloud.com\/user-820058208\/igoa-enrique-calypso-ulises-ballet-in-four-scenes-2004-iv-hermes-the-messenger-departure-of-ulysses-excerpt\" target=\"_blank\" rel=\"noopener noreferrer\"><em>Soundcloud (IV)<\/em><\/a><\/span><\/span>[\/vc_column_text][\/vc_column_inner][vc_column_inner width=\u00bb1\/3&#8243;][vc_column_text uncode_shortcode_id=\u00bb163428&#8243;]<img decoding=\"async\" class=\"size-full wp-image-458 alignleft\" src=\"http:\/\/www.enriqueigoa.com\/wp-content\/uploads\/2017\/10\/op49.jpg\" alt=\"\" width=\"100\" height=\"80\" \/>OP.49 <strong>OTO\u00d1O AZUL\u00a0<\/strong>Electronic music with video (actor and\/or dance ad libitum) (Madrid, 2007) Video: Juan Antonio Rom\u00e1n (JARom\u00e1n)<\/p>\n<p><em>Lasting time:<\/em> <strong>12\u2019 40\u2019\u2019<br \/>\n<\/strong><em>First perform. (version with recorded voice): Auditorio 400 \u2013 Museo <\/em><em>Nacional Centro de Arte Reina Sof\u00eda \u2013 XIV Jornadas de Electr\u00f3nica e <\/em><em>Inform\u00e1tica Musical del Centro para la Difusi\u00f3n de la M\u00fasica <\/em><em>Contempor\u00e1nea \u2013 3.7.2007<br \/>\n<\/em><em>Recording: CD\/V\u00cdDEO\/DVD<\/em>[\/vc_column_text][vc_single_image media=\u00bb1094&#8243; media_width_percent=\u00bb100&#8243; uncode_shortcode_id=\u00bb212863&#8243;][\/vc_column_inner][\/vc_row_inner][\/vc_column][\/vc_row]<\/p>\n<\/div>","protected":false},"excerpt":{"rendered":"<p>[vc_row row_height_percent=\u00bb0&#8243; overlay_alpha=\u00bb50&#8243; gutter_size=\u00bb3&#8243; column_width_percent=\u00bb100&#8243; shift_y=\u00bb0&#8243; z_index=\u00bb0&#8243; uncode_shortcode_id=\u00bb187841&#8243;][vc_column column_width_percent=\u00bb100&#8243; position_vertical=\u00bbmiddle\u00bb align_horizontal=\u00bbalign_center\u00bb gutter_size=\u00bb3&#8243; overlay_alpha=\u00bb50&#8243; shift_x=\u00bb0&#8243; shift_y=\u00bb0&#8243; shift_y_down=\u00bb0&#8243; z_index=\u00bb0&#8243; medium_width=\u00bb0&#8243; mobile_width=\u00bb0&#8243; uncode_shortcode_id=\u00bb879426&#8243;][vc_column_text [&hellip;]<\/p>\n","protected":false},"author":1,"featured_media":431,"parent":0,"menu_order":0,"comment_status":"closed","ping_status":"closed","template":"","meta":{"footnotes":""},"class_list":["post-397","page","type-page","status-publish","has-post-thumbnail","hentry"],"yoast_head":"<!-- This site is optimized with the Yoast SEO plugin v26.7 - https:\/\/yoast.com\/wordpress\/plugins\/seo\/ -->\n<title>Electroacustic\/Electronic works - Enrique Igoa. Composer and teacher<\/title>\n<meta name=\"robots\" content=\"index, follow, max-snippet:-1, max-image-preview:large, max-video-preview:-1\" \/>\n<link rel=\"canonical\" href=\"https:\/\/www.enriqueigoa.com\/en\/obras-electroacusticas\/\" \/>\n<meta property=\"og:locale\" content=\"es_ES\" \/>\n<meta property=\"og:type\" content=\"article\" \/>\n<meta property=\"og:title\" content=\"Electroacustic\/Electronic works - Enrique Igoa. Composer and teacher\" \/>\n<meta property=\"og:description\" content=\"[vc_row row_height_percent=\u00bb0&#8243; overlay_alpha=\u00bb50&#8243; gutter_size=\u00bb3&#8243; column_width_percent=\u00bb100&#8243; shift_y=\u00bb0&#8243; z_index=\u00bb0&#8243; uncode_shortcode_id=\u00bb187841&#8243;][vc_column column_width_percent=\u00bb100&#8243; position_vertical=\u00bbmiddle\u00bb align_horizontal=\u00bbalign_center\u00bb gutter_size=\u00bb3&#8243; overlay_alpha=\u00bb50&#8243; shift_x=\u00bb0&#8243; shift_y=\u00bb0&#8243; shift_y_down=\u00bb0&#8243; z_index=\u00bb0&#8243; medium_width=\u00bb0&#8243; mobile_width=\u00bb0&#8243; uncode_shortcode_id=\u00bb879426&#8243;][vc_column_text [&hellip;]\" \/>\n<meta property=\"og:url\" content=\"https:\/\/www.enriqueigoa.com\/en\/obras-electroacusticas\/\" \/>\n<meta property=\"og:site_name\" content=\"Enrique Igoa. Composer and teacher\" \/>\n<meta property=\"article:modified_time\" content=\"2024-08-13T12:08:21+00:00\" \/>\n<meta property=\"og:image\" content=\"https:\/\/www.enriqueigoa.com\/en\/wp-content\/uploads\/2017\/10\/cabecera_estudio_6.jpg\" \/>\n\t<meta property=\"og:image:width\" content=\"2000\" \/>\n\t<meta property=\"og:image:height\" content=\"1093\" \/>\n\t<meta property=\"og:image:type\" content=\"image\/jpeg\" \/>\n<meta name=\"twitter:card\" content=\"summary_large_image\" \/>\n<meta name=\"twitter:label1\" content=\"Tiempo de lectura\" \/>\n\t<meta name=\"twitter:data1\" content=\"3 minutos\" \/>\n<script type=\"application\/ld+json\" class=\"yoast-schema-graph\">{\"@context\":\"https:\/\/schema.org\",\"@graph\":[{\"@type\":\"WebPage\",\"@id\":\"https:\/\/www.enriqueigoa.com\/en\/obras-electroacusticas\/\",\"url\":\"https:\/\/www.enriqueigoa.com\/en\/obras-electroacusticas\/\",\"name\":\"Electroacustic\/Electronic works - Enrique Igoa. Composer and teacher\",\"isPartOf\":{\"@id\":\"https:\/\/www.enriqueigoa.com\/en\/#website\"},\"primaryImageOfPage\":{\"@id\":\"https:\/\/www.enriqueigoa.com\/en\/obras-electroacusticas\/#primaryimage\"},\"image\":{\"@id\":\"https:\/\/www.enriqueigoa.com\/en\/obras-electroacusticas\/#primaryimage\"},\"thumbnailUrl\":\"https:\/\/www.enriqueigoa.com\/en\/wp-content\/uploads\/2017\/10\/cabecera_estudio_6.jpg\",\"datePublished\":\"2017-10-17T14:30:09+00:00\",\"dateModified\":\"2024-08-13T12:08:21+00:00\",\"breadcrumb\":{\"@id\":\"https:\/\/www.enriqueigoa.com\/en\/obras-electroacusticas\/#breadcrumb\"},\"inLanguage\":\"es\",\"potentialAction\":[{\"@type\":\"ReadAction\",\"target\":[\"https:\/\/www.enriqueigoa.com\/en\/obras-electroacusticas\/\"]}]},{\"@type\":\"ImageObject\",\"inLanguage\":\"es\",\"@id\":\"https:\/\/www.enriqueigoa.com\/en\/obras-electroacusticas\/#primaryimage\",\"url\":\"https:\/\/www.enriqueigoa.com\/en\/wp-content\/uploads\/2017\/10\/cabecera_estudio_6.jpg\",\"contentUrl\":\"https:\/\/www.enriqueigoa.com\/en\/wp-content\/uploads\/2017\/10\/cabecera_estudio_6.jpg\",\"width\":2000,\"height\":1093},{\"@type\":\"BreadcrumbList\",\"@id\":\"https:\/\/www.enriqueigoa.com\/en\/obras-electroacusticas\/#breadcrumb\",\"itemListElement\":[{\"@type\":\"ListItem\",\"position\":1,\"name\":\"Portada\",\"item\":\"https:\/\/www.enriqueigoa.com\/en\/\"},{\"@type\":\"ListItem\",\"position\":2,\"name\":\"Electroacustic\/Electronic works\"}]},{\"@type\":\"WebSite\",\"@id\":\"https:\/\/www.enriqueigoa.com\/en\/#website\",\"url\":\"https:\/\/www.enriqueigoa.com\/en\/\",\"name\":\"Enrique Igoa. Compositor y profesor\",\"description\":\"Composer, Professor of Musical Analysis and Musical researcher\",\"publisher\":{\"@id\":\"https:\/\/www.enriqueigoa.com\/en\/#organization\"},\"potentialAction\":[{\"@type\":\"SearchAction\",\"target\":{\"@type\":\"EntryPoint\",\"urlTemplate\":\"https:\/\/www.enriqueigoa.com\/en\/?s={search_term_string}\"},\"query-input\":{\"@type\":\"PropertyValueSpecification\",\"valueRequired\":true,\"valueName\":\"search_term_string\"}}],\"inLanguage\":\"es\"},{\"@type\":\"Organization\",\"@id\":\"https:\/\/www.enriqueigoa.com\/en\/#organization\",\"name\":\"Enrique Igoa\",\"url\":\"https:\/\/www.enriqueigoa.com\/en\/\",\"logo\":{\"@type\":\"ImageObject\",\"inLanguage\":\"es\",\"@id\":\"https:\/\/www.enriqueigoa.com\/en\/#\/schema\/logo\/image\/\",\"url\":\"https:\/\/www.enriqueigoa.com\/en\/wp-content\/uploads\/2017\/10\/bio0.jpg\",\"contentUrl\":\"https:\/\/www.enriqueigoa.com\/en\/wp-content\/uploads\/2017\/10\/bio0.jpg\",\"width\":400,\"height\":400,\"caption\":\"Enrique Igoa\"},\"image\":{\"@id\":\"https:\/\/www.enriqueigoa.com\/en\/#\/schema\/logo\/image\/\"},\"sameAs\":[\"https:\/\/www.linkedin.com\/in\/enriqueigoa\/?originalSubdomain=es\",\"https:\/\/www.youtube.com\/channel\/UCTHPGgP1YEFhpnnNbbRhrQg\/videos?view=0&amp;amp;amp;amp;sort=p&amp;amp;amp;amp;flow=grid\"]}]}<\/script>\n<!-- \/ Yoast SEO plugin. -->","yoast_head_json":{"title":"Electroacustic\/Electronic works - Enrique Igoa. Composer and teacher","robots":{"index":"index","follow":"follow","max-snippet":"max-snippet:-1","max-image-preview":"max-image-preview:large","max-video-preview":"max-video-preview:-1"},"canonical":"https:\/\/www.enriqueigoa.com\/en\/obras-electroacusticas\/","og_locale":"es_ES","og_type":"article","og_title":"Electroacustic\/Electronic works - Enrique Igoa. Composer and teacher","og_description":"[vc_row row_height_percent=\u00bb0&#8243; overlay_alpha=\u00bb50&#8243; gutter_size=\u00bb3&#8243; column_width_percent=\u00bb100&#8243; shift_y=\u00bb0&#8243; z_index=\u00bb0&#8243; uncode_shortcode_id=\u00bb187841&#8243;][vc_column column_width_percent=\u00bb100&#8243; position_vertical=\u00bbmiddle\u00bb align_horizontal=\u00bbalign_center\u00bb gutter_size=\u00bb3&#8243; overlay_alpha=\u00bb50&#8243; shift_x=\u00bb0&#8243; shift_y=\u00bb0&#8243; shift_y_down=\u00bb0&#8243; z_index=\u00bb0&#8243; medium_width=\u00bb0&#8243; mobile_width=\u00bb0&#8243; uncode_shortcode_id=\u00bb879426&#8243;][vc_column_text [&hellip;]","og_url":"https:\/\/www.enriqueigoa.com\/en\/obras-electroacusticas\/","og_site_name":"Enrique Igoa. Composer and teacher","article_modified_time":"2024-08-13T12:08:21+00:00","og_image":[{"width":2000,"height":1093,"url":"https:\/\/www.enriqueigoa.com\/en\/wp-content\/uploads\/2017\/10\/cabecera_estudio_6.jpg","type":"image\/jpeg"}],"twitter_card":"summary_large_image","twitter_misc":{"Tiempo de lectura":"3 minutos"},"schema":{"@context":"https:\/\/schema.org","@graph":[{"@type":"WebPage","@id":"https:\/\/www.enriqueigoa.com\/en\/obras-electroacusticas\/","url":"https:\/\/www.enriqueigoa.com\/en\/obras-electroacusticas\/","name":"Electroacustic\/Electronic works - Enrique Igoa. Composer and teacher","isPartOf":{"@id":"https:\/\/www.enriqueigoa.com\/en\/#website"},"primaryImageOfPage":{"@id":"https:\/\/www.enriqueigoa.com\/en\/obras-electroacusticas\/#primaryimage"},"image":{"@id":"https:\/\/www.enriqueigoa.com\/en\/obras-electroacusticas\/#primaryimage"},"thumbnailUrl":"https:\/\/www.enriqueigoa.com\/en\/wp-content\/uploads\/2017\/10\/cabecera_estudio_6.jpg","datePublished":"2017-10-17T14:30:09+00:00","dateModified":"2024-08-13T12:08:21+00:00","breadcrumb":{"@id":"https:\/\/www.enriqueigoa.com\/en\/obras-electroacusticas\/#breadcrumb"},"inLanguage":"es","potentialAction":[{"@type":"ReadAction","target":["https:\/\/www.enriqueigoa.com\/en\/obras-electroacusticas\/"]}]},{"@type":"ImageObject","inLanguage":"es","@id":"https:\/\/www.enriqueigoa.com\/en\/obras-electroacusticas\/#primaryimage","url":"https:\/\/www.enriqueigoa.com\/en\/wp-content\/uploads\/2017\/10\/cabecera_estudio_6.jpg","contentUrl":"https:\/\/www.enriqueigoa.com\/en\/wp-content\/uploads\/2017\/10\/cabecera_estudio_6.jpg","width":2000,"height":1093},{"@type":"BreadcrumbList","@id":"https:\/\/www.enriqueigoa.com\/en\/obras-electroacusticas\/#breadcrumb","itemListElement":[{"@type":"ListItem","position":1,"name":"Portada","item":"https:\/\/www.enriqueigoa.com\/en\/"},{"@type":"ListItem","position":2,"name":"Electroacustic\/Electronic works"}]},{"@type":"WebSite","@id":"https:\/\/www.enriqueigoa.com\/en\/#website","url":"https:\/\/www.enriqueigoa.com\/en\/","name":"Enrique Igoa. Compositor y profesor","description":"Composer, Professor of Musical Analysis and Musical researcher","publisher":{"@id":"https:\/\/www.enriqueigoa.com\/en\/#organization"},"potentialAction":[{"@type":"SearchAction","target":{"@type":"EntryPoint","urlTemplate":"https:\/\/www.enriqueigoa.com\/en\/?s={search_term_string}"},"query-input":{"@type":"PropertyValueSpecification","valueRequired":true,"valueName":"search_term_string"}}],"inLanguage":"es"},{"@type":"Organization","@id":"https:\/\/www.enriqueigoa.com\/en\/#organization","name":"Enrique Igoa","url":"https:\/\/www.enriqueigoa.com\/en\/","logo":{"@type":"ImageObject","inLanguage":"es","@id":"https:\/\/www.enriqueigoa.com\/en\/#\/schema\/logo\/image\/","url":"https:\/\/www.enriqueigoa.com\/en\/wp-content\/uploads\/2017\/10\/bio0.jpg","contentUrl":"https:\/\/www.enriqueigoa.com\/en\/wp-content\/uploads\/2017\/10\/bio0.jpg","width":400,"height":400,"caption":"Enrique Igoa"},"image":{"@id":"https:\/\/www.enriqueigoa.com\/en\/#\/schema\/logo\/image\/"},"sameAs":["https:\/\/www.linkedin.com\/in\/enriqueigoa\/?originalSubdomain=es","https:\/\/www.youtube.com\/channel\/UCTHPGgP1YEFhpnnNbbRhrQg\/videos?view=0&amp;amp;amp;amp;sort=p&amp;amp;amp;amp;flow=grid"]}]}},"_links":{"self":[{"href":"https:\/\/www.enriqueigoa.com\/en\/wp-json\/wp\/v2\/pages\/397","targetHints":{"allow":["GET"]}}],"collection":[{"href":"https:\/\/www.enriqueigoa.com\/en\/wp-json\/wp\/v2\/pages"}],"about":[{"href":"https:\/\/www.enriqueigoa.com\/en\/wp-json\/wp\/v2\/types\/page"}],"author":[{"embeddable":true,"href":"https:\/\/www.enriqueigoa.com\/en\/wp-json\/wp\/v2\/users\/1"}],"replies":[{"embeddable":true,"href":"https:\/\/www.enriqueigoa.com\/en\/wp-json\/wp\/v2\/comments?post=397"}],"version-history":[{"count":28,"href":"https:\/\/www.enriqueigoa.com\/en\/wp-json\/wp\/v2\/pages\/397\/revisions"}],"predecessor-version":[{"id":1096,"href":"https:\/\/www.enriqueigoa.com\/en\/wp-json\/wp\/v2\/pages\/397\/revisions\/1096"}],"wp:featuredmedia":[{"embeddable":true,"href":"https:\/\/www.enriqueigoa.com\/en\/wp-json\/wp\/v2\/media\/431"}],"wp:attachment":[{"href":"https:\/\/www.enriqueigoa.com\/en\/wp-json\/wp\/v2\/media?parent=397"}],"curies":[{"name":"wp","href":"https:\/\/api.w.org\/{rel}","templated":true}]}}