{"id":47,"date":"2017-10-03T10:54:33","date_gmt":"2017-10-03T10:54:33","guid":{"rendered":"http:\/\/www.enriqueigoa.com\/prueba\/?page_id=47"},"modified":"2022-01-19T10:41:27","modified_gmt":"2022-01-19T10:41:27","slug":"contacto","status":"publish","type":"page","link":"https:\/\/www.enriqueigoa.com\/en\/contacto\/","title":{"rendered":"Contact"},"content":{"rendered":"<div class=\"wpb-content-wrapper\"><p>[vc_row][vc_column width=\u00bb1\/2&#8243;][vc_column_text uncode_shortcode_id=\u00bb162986&#8243;]For orders, commisions or other information, please contact in:<\/p>\n<p>Email: <a href=\"mailto:enigoa@telefonica.net\" target=\"_blank\" rel=\"noopener noreferrer\">enigoa@telefonica.net<\/a><\/p>\n<p>Another contacts:<\/p>\n<p><span style=\"color: #bf2424;\">Academia:\u00a0<a href=\"https:\/\/albeniz.academia.edu\/EnriqueIgoa\" target=\"_blank\" rel=\"noopener noreferrer\">https:\/\/albeniz.academia.edu\/EnriqueIgoa<\/a><\/span>[\/vc_column_text][uncode_socials][vc_column_text uncode_shortcode_id=\u00bb692633&#8243;]<\/p>\n<h4><span style=\"color: #bf2424;\">PUBLISHER<\/span><\/h4>\n<p><strong>Ediciones Quiroga<\/strong> &#8211;<strong> Editorial de M\u00fasica Espa\u00f1ola Contempor\u00e1nea (EMEC)<br \/>\n<\/strong>c\/ Alcal\u00e1, 70 * E &#8211; 28009 Madrid<br \/>\nTfo.: 00 34 91 5770751<br \/>\n<span style=\"color: #222222;\">E-mail: <span style=\"color: #bf2424;\"><a style=\"color: #bf2424;\" href=\"mailto:editorialquiroga@edquiroga.es\">editori<span style=\"color: #bf2424;\">alquirog<\/span>a@edquiroga.es<\/a><\/span><\/span><br \/>\n<span style=\"color: #bf2424;\"><a style=\"color: #bf2424;\" href=\"http:\/\/www.edquiroga.es\">www.edquiroga.es<\/a>\u00a0<\/span><\/p>\n<p><strong>Editorial Alpuerto<\/strong><br \/>\nc\/ Fern\u00e1ndez de los R\u00edos, 50, * E &#8211; 28015 Madrid<br \/>\nTfo.: (34) 91 5470190<br \/>\n<span style=\"color: #bf2424;\"><a style=\"color: #bf2424;\" href=\"http:\/\/www.editorialalpuerto.es\" target=\"_blank\" rel=\"noopener noreferrer\"> www.editorialalpuerto.es<\/a><\/span><\/p>\n<p><strong>Editorial Piles<\/strong><br \/>\nc\/ Archena, 33 * E &#8211; 46080 Valencia<br \/>\nTfo.: (34) 96 3704027<br \/>\nE-mail: info@pilesmusic.com<br \/>\n<span style=\"color: #bf2424;\">www.pilesmusic.com<\/span>[\/vc_column_text][\/vc_column][vc_column width=\u00bb1\/2&#8243;][vc_column_text uncode_shortcode_id=\u00bb633921&#8243;]<\/p>\n<h4><span style=\"color: #bf2424;\"><strong>RECORD<\/strong><strong> PUBLISHERS<\/strong><\/span><\/h4>\n<p><strong>Several Records S.L.<\/strong><br \/>\n<span style=\"color: #222222;\">Calle Matilde Hern\u00e1ndez, 31 * E- 28019 Madrid<\/span><br \/>\n<span style=\"color: #222222;\"> Tfo.: (34) 91 4714613 * Fax: (34) 91 4714711<\/span><br \/>\n<span style=\"color: #222222;\"> E-mail: info@severalrecords.com<br \/>\n<span style=\"color: #bf2424;\"><a href=\"http:\/\/www.severalrecords.com\" target=\"_blank\" rel=\"noopener noreferrer\">www.severalrecords.com<\/a><\/span><br \/>\n<\/span><\/p>\n<p><strong><b>N\u00ceBIUS<\/b><br \/>\n<\/strong><span style=\"color: #222222;\">Tfo.: <\/span>00 34 666 155701<br \/>\n<span style=\"color: #222222;\"><a href=\"http:\/\/www.nibius.com\/\" target=\"_blank\" rel=\"noopener noreferrer\"><span style=\"color: #bf2424;\">www.nibius.com\u00a0<\/span><\/a><br \/>\nE-mail:\u00a0nibiuslabel@gmail.com<\/span><\/p>\n<p><strong>Acte Pr\u00e9alable<\/strong><br \/>\n<span style=\"color: #222222;\"> E-mail: actepre@polbox.com<br \/>\n<span style=\"color: #bf2424;\"><a href=\"http:\/\/www.kki.net.pl\/~actepre\" target=\"_blank\" rel=\"noopener noreferrer\">www.kki.net.pl\/~actepre<\/a><\/span><br \/>\n<\/span><\/p>\n<p><strong>Ixter<\/strong><br \/>\n<span style=\"color: #222222;\">Apdo.: 13274 * E &#8211; 28080 Madrid<\/span><br \/>\n<span style=\"color: #222222;\"> Tfo.: 91 3839248<\/span><br \/>\n<span style=\"color: #222222;\"> E-mail: artemsl@iies.es<\/span>[\/vc_column_text][\/vc_column][\/vc_row]<\/p>\n<\/div>","protected":false},"excerpt":{"rendered":"<p>[vc_row][vc_column width=\u00bb1\/2&#8243;][vc_column_text uncode_shortcode_id=\u00bb162986&#8243;]For orders, commisions or other information, please contact in: Email: enigoa@telefonica.net Another contacts: Academia:\u00a0https:\/\/albeniz.academia.edu\/EnriqueIgoa[\/vc_column_text][uncode_socials][vc_column_text uncode_shortcode_id=\u00bb692633&#8243;] PUBLISHER Ediciones Quiroga [&hellip;]<\/p>\n","protected":false},"author":1,"featured_media":0,"parent":0,"menu_order":0,"comment_status":"closed","ping_status":"closed","template":"","meta":{"footnotes":""},"class_list":["post-47","page","type-page","status-publish","hentry"],"yoast_head":"<!-- This site is optimized with the Yoast SEO plugin v26.7 - https:\/\/yoast.com\/wordpress\/plugins\/seo\/ -->\n<title>Contact - Enrique Igoa. Composer and teacher<\/title>\n<meta name=\"robots\" content=\"index, follow, max-snippet:-1, max-image-preview:large, max-video-preview:-1\" \/>\n<link rel=\"canonical\" href=\"https:\/\/www.enriqueigoa.com\/en\/contacto\/\" \/>\n<meta property=\"og:locale\" content=\"es_ES\" \/>\n<meta property=\"og:type\" content=\"article\" \/>\n<meta property=\"og:title\" content=\"Contact - Enrique Igoa. Composer and teacher\" \/>\n<meta property=\"og:description\" content=\"[vc_row][vc_column width=\u00bb1\/2&#8243;][vc_column_text uncode_shortcode_id=\u00bb162986&#8243;]For orders, commisions or other information, please contact in: Email: enigoa@telefonica.net Another contacts: Academia:\u00a0https:\/\/albeniz.academia.edu\/EnriqueIgoa[\/vc_column_text][uncode_socials][vc_column_text uncode_shortcode_id=\u00bb692633&#8243;] PUBLISHER Ediciones Quiroga [&hellip;]\" \/>\n<meta property=\"og:url\" content=\"https:\/\/www.enriqueigoa.com\/en\/contacto\/\" \/>\n<meta property=\"og:site_name\" content=\"Enrique Igoa. Composer and teacher\" \/>\n<meta property=\"article:modified_time\" content=\"2022-01-19T10:41:27+00:00\" \/>\n<meta name=\"twitter:card\" content=\"summary_large_image\" \/>\n<meta name=\"twitter:label1\" content=\"Tiempo de lectura\" \/>\n\t<meta name=\"twitter:data1\" content=\"1 minuto\" \/>\n<script type=\"application\/ld+json\" class=\"yoast-schema-graph\">{\"@context\":\"https:\/\/schema.org\",\"@graph\":[{\"@type\":\"WebPage\",\"@id\":\"https:\/\/www.enriqueigoa.com\/en\/contacto\/\",\"url\":\"https:\/\/www.enriqueigoa.com\/en\/contacto\/\",\"name\":\"Contact - Enrique Igoa. Composer and teacher\",\"isPartOf\":{\"@id\":\"https:\/\/www.enriqueigoa.com\/en\/#website\"},\"datePublished\":\"2017-10-03T10:54:33+00:00\",\"dateModified\":\"2022-01-19T10:41:27+00:00\",\"breadcrumb\":{\"@id\":\"https:\/\/www.enriqueigoa.com\/en\/contacto\/#breadcrumb\"},\"inLanguage\":\"es\",\"potentialAction\":[{\"@type\":\"ReadAction\",\"target\":[\"https:\/\/www.enriqueigoa.com\/en\/contacto\/\"]}]},{\"@type\":\"BreadcrumbList\",\"@id\":\"https:\/\/www.enriqueigoa.com\/en\/contacto\/#breadcrumb\",\"itemListElement\":[{\"@type\":\"ListItem\",\"position\":1,\"name\":\"Portada\",\"item\":\"https:\/\/www.enriqueigoa.com\/en\/\"},{\"@type\":\"ListItem\",\"position\":2,\"name\":\"Contact\"}]},{\"@type\":\"WebSite\",\"@id\":\"https:\/\/www.enriqueigoa.com\/en\/#website\",\"url\":\"https:\/\/www.enriqueigoa.com\/en\/\",\"name\":\"Enrique Igoa. Compositor y profesor\",\"description\":\"Composer, Professor of Musical Analysis and Musical researcher\",\"publisher\":{\"@id\":\"https:\/\/www.enriqueigoa.com\/en\/#organization\"},\"potentialAction\":[{\"@type\":\"SearchAction\",\"target\":{\"@type\":\"EntryPoint\",\"urlTemplate\":\"https:\/\/www.enriqueigoa.com\/en\/?s={search_term_string}\"},\"query-input\":{\"@type\":\"PropertyValueSpecification\",\"valueRequired\":true,\"valueName\":\"search_term_string\"}}],\"inLanguage\":\"es\"},{\"@type\":\"Organization\",\"@id\":\"https:\/\/www.enriqueigoa.com\/en\/#organization\",\"name\":\"Enrique Igoa\",\"url\":\"https:\/\/www.enriqueigoa.com\/en\/\",\"logo\":{\"@type\":\"ImageObject\",\"inLanguage\":\"es\",\"@id\":\"https:\/\/www.enriqueigoa.com\/en\/#\/schema\/logo\/image\/\",\"url\":\"https:\/\/www.enriqueigoa.com\/en\/wp-content\/uploads\/2017\/10\/bio0.jpg\",\"contentUrl\":\"https:\/\/www.enriqueigoa.com\/en\/wp-content\/uploads\/2017\/10\/bio0.jpg\",\"width\":400,\"height\":400,\"caption\":\"Enrique Igoa\"},\"image\":{\"@id\":\"https:\/\/www.enriqueigoa.com\/en\/#\/schema\/logo\/image\/\"},\"sameAs\":[\"https:\/\/www.linkedin.com\/in\/enriqueigoa\/?originalSubdomain=es\",\"https:\/\/www.youtube.com\/channel\/UCTHPGgP1YEFhpnnNbbRhrQg\/videos?view=0&amp;amp;amp;amp;sort=p&amp;amp;amp;amp;flow=grid\"]}]}<\/script>\n<!-- \/ Yoast SEO plugin. -->","yoast_head_json":{"title":"Contact - Enrique Igoa. Composer and teacher","robots":{"index":"index","follow":"follow","max-snippet":"max-snippet:-1","max-image-preview":"max-image-preview:large","max-video-preview":"max-video-preview:-1"},"canonical":"https:\/\/www.enriqueigoa.com\/en\/contacto\/","og_locale":"es_ES","og_type":"article","og_title":"Contact - Enrique Igoa. Composer and teacher","og_description":"[vc_row][vc_column width=\u00bb1\/2&#8243;][vc_column_text uncode_shortcode_id=\u00bb162986&#8243;]For orders, commisions or other information, please contact in: Email: enigoa@telefonica.net Another contacts: Academia:\u00a0https:\/\/albeniz.academia.edu\/EnriqueIgoa[\/vc_column_text][uncode_socials][vc_column_text uncode_shortcode_id=\u00bb692633&#8243;] PUBLISHER Ediciones Quiroga [&hellip;]","og_url":"https:\/\/www.enriqueigoa.com\/en\/contacto\/","og_site_name":"Enrique Igoa. Composer and teacher","article_modified_time":"2022-01-19T10:41:27+00:00","twitter_card":"summary_large_image","twitter_misc":{"Tiempo de lectura":"1 minuto"},"schema":{"@context":"https:\/\/schema.org","@graph":[{"@type":"WebPage","@id":"https:\/\/www.enriqueigoa.com\/en\/contacto\/","url":"https:\/\/www.enriqueigoa.com\/en\/contacto\/","name":"Contact - Enrique Igoa. Composer and teacher","isPartOf":{"@id":"https:\/\/www.enriqueigoa.com\/en\/#website"},"datePublished":"2017-10-03T10:54:33+00:00","dateModified":"2022-01-19T10:41:27+00:00","breadcrumb":{"@id":"https:\/\/www.enriqueigoa.com\/en\/contacto\/#breadcrumb"},"inLanguage":"es","potentialAction":[{"@type":"ReadAction","target":["https:\/\/www.enriqueigoa.com\/en\/contacto\/"]}]},{"@type":"BreadcrumbList","@id":"https:\/\/www.enriqueigoa.com\/en\/contacto\/#breadcrumb","itemListElement":[{"@type":"ListItem","position":1,"name":"Portada","item":"https:\/\/www.enriqueigoa.com\/en\/"},{"@type":"ListItem","position":2,"name":"Contact"}]},{"@type":"WebSite","@id":"https:\/\/www.enriqueigoa.com\/en\/#website","url":"https:\/\/www.enriqueigoa.com\/en\/","name":"Enrique Igoa. Compositor y profesor","description":"Composer, Professor of Musical Analysis and Musical researcher","publisher":{"@id":"https:\/\/www.enriqueigoa.com\/en\/#organization"},"potentialAction":[{"@type":"SearchAction","target":{"@type":"EntryPoint","urlTemplate":"https:\/\/www.enriqueigoa.com\/en\/?s={search_term_string}"},"query-input":{"@type":"PropertyValueSpecification","valueRequired":true,"valueName":"search_term_string"}}],"inLanguage":"es"},{"@type":"Organization","@id":"https:\/\/www.enriqueigoa.com\/en\/#organization","name":"Enrique Igoa","url":"https:\/\/www.enriqueigoa.com\/en\/","logo":{"@type":"ImageObject","inLanguage":"es","@id":"https:\/\/www.enriqueigoa.com\/en\/#\/schema\/logo\/image\/","url":"https:\/\/www.enriqueigoa.com\/en\/wp-content\/uploads\/2017\/10\/bio0.jpg","contentUrl":"https:\/\/www.enriqueigoa.com\/en\/wp-content\/uploads\/2017\/10\/bio0.jpg","width":400,"height":400,"caption":"Enrique Igoa"},"image":{"@id":"https:\/\/www.enriqueigoa.com\/en\/#\/schema\/logo\/image\/"},"sameAs":["https:\/\/www.linkedin.com\/in\/enriqueigoa\/?originalSubdomain=es","https:\/\/www.youtube.com\/channel\/UCTHPGgP1YEFhpnnNbbRhrQg\/videos?view=0&amp;amp;amp;amp;sort=p&amp;amp;amp;amp;flow=grid"]}]}},"_links":{"self":[{"href":"https:\/\/www.enriqueigoa.com\/en\/wp-json\/wp\/v2\/pages\/47","targetHints":{"allow":["GET"]}}],"collection":[{"href":"https:\/\/www.enriqueigoa.com\/en\/wp-json\/wp\/v2\/pages"}],"about":[{"href":"https:\/\/www.enriqueigoa.com\/en\/wp-json\/wp\/v2\/types\/page"}],"author":[{"embeddable":true,"href":"https:\/\/www.enriqueigoa.com\/en\/wp-json\/wp\/v2\/users\/1"}],"replies":[{"embeddable":true,"href":"https:\/\/www.enriqueigoa.com\/en\/wp-json\/wp\/v2\/comments?post=47"}],"version-history":[{"count":26,"href":"https:\/\/www.enriqueigoa.com\/en\/wp-json\/wp\/v2\/pages\/47\/revisions"}],"predecessor-version":[{"id":912,"href":"https:\/\/www.enriqueigoa.com\/en\/wp-json\/wp\/v2\/pages\/47\/revisions\/912"}],"wp:attachment":[{"href":"https:\/\/www.enriqueigoa.com\/en\/wp-json\/wp\/v2\/media?parent=47"}],"curies":[{"name":"wp","href":"https:\/\/api.w.org\/{rel}","templated":true}]}}