{"id":473,"date":"2017-10-23T12:32:36","date_gmt":"2017-10-23T12:32:36","guid":{"rendered":"http:\/\/www.enriqueigoa.com\/prueba\/?page_id=473"},"modified":"2026-01-07T17:07:13","modified_gmt":"2026-01-07T17:07:13","slug":"obras-fuera-del-catalogo-numerico","status":"publish","type":"page","link":"https:\/\/www.enriqueigoa.com\/en\/obras-fuera-del-catalogo-numerico\/","title":{"rendered":"Works out of the numerical catalogue"},"content":{"rendered":"<div class=\"wpb-content-wrapper\"><p>[vc_row row_height_percent=\u00bb0&#8243; overlay_alpha=\u00bb50&#8243; gutter_size=\u00bb3&#8243; column_width_percent=\u00bb100&#8243; shift_y=\u00bb0&#8243; z_index=\u00bb0&#8243; uncode_shortcode_id=\u00bb187841&#8243;][vc_column column_width_percent=\u00bb100&#8243; position_vertical=\u00bbmiddle\u00bb align_horizontal=\u00bbalign_center\u00bb gutter_size=\u00bb3&#8243; overlay_alpha=\u00bb50&#8243; shift_x=\u00bb0&#8243; shift_y=\u00bb0&#8243; shift_y_down=\u00bb0&#8243; z_index=\u00bb0&#8243; medium_width=\u00bb0&#8243; mobile_width=\u00bb0&#8243; uncode_shortcode_id=\u00bb879426&#8243;][vc_column_text uncode_shortcode_id=\u00bb111492&#8243;]<\/p>\n<p style=\"text-align: center;\"><em>Image: partiture OP.38c SUITE (Tango escondido)<\/em><\/p>\n<p>&nbsp;<\/p>\n<div style=\"line-height: 140%; text-align: justify;\"><\/div>\n<p>[\/vc_column_text][vc_row_inner][vc_column_inner width=\u00bb1\/3&#8243;][vc_column_text uncode_shortcode_id=\u00bb412516&#8243;]<strong>SONATA DE JUVENTUD <\/strong>Piano (Madrid, 2008; revisi\u00f3n de la <em>Balada n\u00ba 1 <\/em>de 1972) (Madrid, 2008)<\/p>\n<p><span style=\"color: #222222;\"><em>Lasting time: <\/em><strong>9\u2019 12\u2019\u2019<br \/>\n<\/strong><a class=\"cursor-init\" href=\"https:\/\/www.enriqueigoa.com\/archivos\/IMSLP997767-PMLP1556700-IGOA,_E._-_Sonata_de_juventud.pdf\" target=\"_blank\" rel=\"noopener\"><em>Edition<\/em><\/a><strong><br \/>\n<\/strong><\/span><\/p>\n<p><span style=\"color: #222222;\">&#8230;&#8230;&#8230;&#8230;&#8230;&#8230;&#8230;&#8230;&#8230;&#8230;&#8230;&#8230;&#8230;&#8230;&#8230;&#8230;&#8230;&#8230;<\/span><\/p>\n<p><strong>ALBORADA\u00a0<\/strong>Electronics or traditional Galician ensemble (Madrid, 1983, revision 1999)<\/p>\n<p><span style=\"color: #000000;\"><em>Lasting time: <\/em>7\u2019 30\u2019\u2019<\/span><\/p>\n<p><span style=\"color: #222222;\">&#8230;&#8230;&#8230;&#8230;&#8230;&#8230;&#8230;&#8230;&#8230;&#8230;&#8230;&#8230;&#8230;&#8230;&#8230;&#8230;&#8230;&#8230;<\/span><\/p>\n<p><strong>LAS LUMINARIAS\u00a0<\/strong>Arrangement of folk music (Madrid, 1988)<\/p>\n<p><span style=\"color: #000000;\"><em>Lasting time: <\/em><strong>3\u2019 09\u2019\u2019<\/strong><\/span><\/p>\n<p><span style=\"color: #222222;\">&#8230;&#8230;&#8230;&#8230;&#8230;&#8230;&#8230;&#8230;&#8230;&#8230;&#8230;&#8230;&#8230;&#8230;&#8230;&#8230;&#8230;&#8230;<\/span><\/p>\n<p><strong>THE THREE RAVENS\u00a0<\/strong>White 3-voice choir or mixed 5 voice choir (Madrid, 1996)<\/p>\n<p><span style=\"color: #000000;\"><em>Lasting time: <\/em><strong>3\u2019 40\u2019\u2019<\/strong><\/span><\/p>\n<p>&#8230;&#8230;&#8230;&#8230;&#8230;&#8230;&#8230;&#8230;&#8230;&#8230;&#8230;&#8230;&#8230;&#8230;&#8230;&#8230;&#8230;&#8230;<\/p>\n<p><strong>LAMENTO\u00a0<\/strong>Voice and instrumental ensemble (Madrid, 1996) * Texto del autor<\/p>\n<p><em>Lasting time: <\/em><strong>3\u2019 12\u2019\u2019<\/strong><\/p>\n<p>&#8230;&#8230;&#8230;&#8230;&#8230;&#8230;&#8230;&#8230;&#8230;&#8230;&#8230;&#8230;&#8230;&#8230;&#8230;&#8230;&#8230;&#8230;<\/p>\n<p><strong>AVE MAR\u00cdA\u00a0<\/strong>(Bach &#8211; Gounod) Arrangement for 3-voice choir &amp; organ (Madrid, 2008)<\/p>\n<p><span style=\"color: #000000;\"><em>Lasting time: <\/em><strong>3\u2019 15\u2019\u2019<br \/>\n<\/strong><em>First perform.: Coro Stella splendens \u2013 Cond. and organ : Enrique Igoa \u2013 <\/em><em>Iglesia de San Jorge <\/em><em>(Madrid) \u2013 21.6.2008<\/em><\/span><span style=\"color: #222222;\"><span style=\"color: #bf2424;\"><br \/>\n<em><a class=\"cursor-init\" href=\"https:\/\/imslp.org\/wiki\/Special:ReverseLookup\/59497\" target=\"_blank\" rel=\"noopener noreferrer\">Edition: IMSLP\u00a0<\/a><\/em><br \/>\n<em><a class=\"cursor-init\" href=\"https:\/\/imslp.org\/wiki\/Special:ReverseLookup\/555427\" target=\"_blank\" rel=\"noopener noreferrer\">Edition: IMSLP (vocal parts)<\/a><\/em><br \/>\n<\/span><\/span>[\/vc_column_text][vc_single_image media=\u00bb1039&#8243; media_width_percent=\u00bb100&#8243; uncode_shortcode_id=\u00bb850148&#8243;][vc_column_text uncode_shortcode_id=\u00bb107552&#8243;]&#8230;&#8230;&#8230;&#8230;&#8230;&#8230;&#8230;&#8230;&#8230;&#8230;&#8230;&#8230;&#8230;&#8230;&#8230;&#8230;&#8230;&#8230;<\/p>\n<p><strong>CUADERNO DE CAMPO<\/strong> Piano (Madrid \u2013 Bari, 2009). Commission of Fundaci\u00f3n M\u00fasica Abierta bound for children with right hemiparesis.<\/p>\n<p><em><span style=\"color: #000000;\">Lasting time: <strong>19\u2019 40\u2019\u2019<\/strong><\/span><\/em><br \/>\n<em><span style=\"color: #000000;\">Partial first performances:<\/span><\/em><br \/>\n<em><span style=\"color: #000000;\">\u201cDanza\u201d, work selected for the Festive Piano Composition Contest in Dallas, Texas (USA), 2018<\/span><\/em><br \/>\n<em><span style=\"color: #000000;\">First perform.: Dallas, Texas, 22.12.2019 &#8211; Pianist: Felicity Mazur-Park<\/span><\/em><br \/>\n<em><span style=\"color: #000000;\">\u201cLlueve en silencio\u201d. Presentation of the yearly program of Grupo Cosmos 21 \u2013 Carlos Gal\u00e1n (p.) \u2013 Madrid, Sala Manuel de Falla de la SGAE, 5.10.2021<\/span><\/em>[\/vc_column_text][vc_single_image media=\u00bb1044&#8243; media_width_percent=\u00bb100&#8243; uncode_shortcode_id=\u00bb523748&#8243;][\/vc_column_inner][vc_column_inner width=\u00bb1\/3&#8243;][vc_column_text uncode_shortcode_id=\u00bb117639&#8243;]<strong>7 CANCIONES POPULARES de M. de Falla\u00a0<\/strong>Transcription for instrumental ensemble (Madrid, 2011).<\/p>\n<p><em><span style=\"color: #000000;\">Organic: fl., cl., sax., vl., vc., p.<\/span><\/em><br \/>\n<em><span style=\"color: #000000;\">Lasting time: <strong>14\u2019 21\u2019\u2019<br \/>\n<\/strong>Commission: Grupo Cosmos 21 como homenaje a Leopoldo Honta\u00f1\u00f3n.<\/span><\/em><br \/>\n<em><span style=\"color: #000000;\">First perform.: Grupos Cosmos 21 \u2013 Cond.: Carlos Gal\u00e1n \u2013 Auditorio de\u00a0Tres Cantos &#8211; 29.10.2011<br \/>\nRecording: Festival de Tres Cantos \u2013 CD<\/span><\/em>[\/vc_column_text][vc_single_image media=\u00bb1127&#8243; media_width_percent=\u00bb100&#8243; uncode_shortcode_id=\u00bb209625&#8243;][vc_column_text uncode_shortcode_id=\u00bb589502&#8243;]&#8230;&#8230;&#8230;&#8230;&#8230;&#8230;&#8230;&#8230;&#8230;&#8230;&#8230;&#8230;&#8230;&#8230;&#8230;&#8230;&#8230;.<\/p>\n<p><strong>DAMUNT DE T\u00da NOM\u00c9S LES FLORS de F. Mompou\u00a0<\/strong>Transcription for solo piano (Madrid, 2013)<\/p>\n<p><em><span style=\"color: #000000;\">Commission: Luis Fernando P\u00e9rez Herrero<\/span><\/em><br \/>\n<em><span style=\"color: #000000;\">Lasting time: <strong>4\u2019 41\u2019\u2019<br \/>\n<\/strong>First perform.: Luis Fernando P\u00e9rez &#8211; Temporada de la Sociedad<br \/>\nFilarm\u00f3nica Palau de la M\u00fasica \u2013 Valencia\u00a0 31.3.2015<\/span><\/em>[\/vc_column_text][vc_column_text uncode_shortcode_id=\u00bb154042&#8243;]<span style=\"color: #222222;\">&#8230;&#8230;&#8230;&#8230;&#8230;&#8230;&#8230;&#8230;&#8230;&#8230;&#8230;&#8230;&#8230;&#8230;&#8230;<\/span><\/p>\n<p><strong>ABIDE WITH ME\u00a0<\/strong>(W.H. Monk) Arrangement for mixed choir and organ (Madrid, 2016)<\/p>\n<p><em><span style=\"color: #000000;\">Lasting time:\u00a0<strong>3\u2019 27\u2019\u2019<\/strong><\/span><\/em><br \/>\n<em><span style=\"color: #000000;\"><a class=\"cursor-init\" style=\"color: #000000;\" href=\"https:\/\/imslp.org\/wiki\/Special:ReverseLookup\/467616\" target=\"_blank\" rel=\"noopener noreferrer\">Edition:\u00a0IMSLP<\/a><\/span><\/em>[\/vc_column_text][vc_single_image media=\u00bb1172&#8243; media_width_percent=\u00bb100&#8243; uncode_shortcode_id=\u00bb134629&#8243;][vc_column_text uncode_shortcode_id=\u00bb770370&#8243;]<strong>MEMORIAS DE LA ILUSTRACI\u00d3N <\/strong>Arranging of Sonatas 87 and 42 of Antonio Soler for instrumental ensemble (Madrid, 2018)<\/p>\n<p><span style=\"color: #000000;\"><em>Organic: fl., cl., alto sax., vl. vc, p.<\/em><\/span><br \/>\n<span style=\"color: #000000;\"><em>Lasting time: <strong>5\u2019 24\u2019\u2019<br \/>\n<\/strong>First perf.: Grupos Cosmos 21 \u2013 Dir.: Carlos Gal\u00e1n\u00a0\u00a0 \u2013 Monographic Concert for Enrique Igoa \u2013 Centro Cultural Nicol\u00e1s Salmer\u00f3n \u2013\u00a0Madrid \u2013 24.10.2018<br \/>\n<a class=\"cursor-init\" href=\"https:\/\/imslp.org\/wiki\/Memorias_de_la_Ilustraci%C3%B3n_(Igoa%2C_Enrique)\" target=\"_blank\" rel=\"noopener\">Edition IMSLP<\/a><br \/>\n<\/em><\/span><\/p>\n<p>&#8230;&#8230;&#8230;&#8230;&#8230;&#8230;&#8230;&#8230;&#8230;&#8230;&#8230;&#8230;&#8230;&#8230;&#8230;&#8230;&#8230;&#8230;<\/p>\n<p><strong>AVE MAR\u00cdA<\/strong> (Bach \u2013 Gounod) Arrangement for clarinet, violin, violoncello and piano from Ave Maria for chorus and organ (Madrid, 2019)<br \/>\nWork selected by Ensemble Sound Riot (2019)<\/p>\n<p><em><span style=\"color: #000000;\">Lasting time:<strong> 3\u2019 15\u2019\u2019<\/strong><\/span><\/em><br \/>\n<em><span style=\"color: #000000;\">First perf.: Ensemble Sound Riot (Emily Tyndall, cl.; Liz Kitts, vl.; Maggie Chafee, vc.; Amber Thruman, p.) \u2013 Christ Church Cathedral, Nashville, Tennessee (USA) \u2013 29.3.2019<\/span><\/em>[\/vc_column_text][\/vc_column_inner][vc_column_inner width=\u00bb1\/3&#8243;][vc_column_text uncode_shortcode_id=\u00bb126248&#8243;]<strong>MODOS Y RITMOS<\/strong> Lesson of Musical Language. Voice and piano (Madrid, 2019)<\/p>\n<p><span style=\"color: #000000;\"><em>Lasting time:<\/em> <strong>2\u2019 45\u2019\u2019<\/strong><\/span><br \/>\n<span style=\"color: #000000;\"><em>Edition:<\/em> El lenguaje de los compositores actuales. Ed. M\u00fasica Did\u00e1ctica, 2019<\/span><\/p>\n<p>&#8230;&#8230;&#8230;&#8230;&#8230;&#8230;&#8230;&#8230;&#8230;&#8230;&#8230;&#8230;&#8230;&#8230;&#8230;&#8230;&#8230;&#8230;<\/p>\n<p><strong>LAINOA MENDIAN <\/strong>Instrumental ensemble (Mor\u00f3n de la Frontera [Sevilla], Denia [Alicante], Sombreu-Mi\u00f1o [Coru\u00f1a], 2021; revisi\u00f3n: 2025)<br \/>\nDedicated to my grandson Ignacio<\/p>\n<p><span style=\"color: #000000;\"><em>Lasting time: <strong>5\u2019 02\u2019\u2019<\/strong><\/em><\/span>[\/vc_column_text][vc_single_image media=\u00bb1144&#8243; media_width_percent=\u00bb100&#8243; uncode_shortcode_id=\u00bb974674&#8243;][vc_column_text uncode_shortcode_id=\u00bb633380&#8243;]&#8230;&#8230;&#8230;&#8230;&#8230;&#8230;&#8230;&#8230;&#8230;&#8230;&#8230;&#8230;&#8230;&#8230;&#8230;&#8230;&#8230;&#8230;&#8230;<\/p>\n<p><strong>MEMORIAS DE LA ILUSTRACI\u00d3N<\/strong> Transcription of the Sonatas 87 y 42 from Antonio Soler for string Orchestra or string quintet (Madrid, 2021)<br \/>\n<span style=\"color: #000000;\"><em>Lasting time: <strong>6\u2019 16\u2019<br \/>\n<\/strong><a class=\"cursor-init\" href=\"https:\/\/imslp.org\/wiki\/Memorias_de_la_Ilustraci%C3%B3n_(Igoa%2C_Enrique)\" target=\"_blank\" rel=\"noopener\">Edition IMSLP<\/a><strong><br \/>\n<\/strong><\/em><\/span><\/p>\n<p>&#8230;&#8230;&#8230;&#8230;&#8230;&#8230;&#8230;&#8230;&#8230;&#8230;&#8230;&#8230;&#8230;&#8230;&#8230;&#8230;&#8230;&#8230;&#8230;<\/p>\n<p><strong>SOROEN ESNATZEA <\/strong>Instrumental ensemble (Madrid, 2023)<br \/>\n<em>Dedicated to my grandson \u00c1lvaro<\/em><br \/>\n<span style=\"color: #000000;\"><em>Lasting time: <\/em><strong>4\u2019 05\u2019\u2019<\/strong><\/span>[\/vc_column_text][vc_single_image media=\u00bb1145&#8243; media_width_percent=\u00bb100&#8243; uncode_shortcode_id=\u00bb377238&#8243;][vc_column_text uncode_shortcode_id=\u00bb160514&#8243;]&#8230;&#8230;&#8230;&#8230;&#8230;&#8230;&#8230;&#8230;&#8230;&#8230;&#8230;&#8230;&#8230;&#8230;&#8230;&#8230;&#8230;..<\/p>\n<p><strong>AMAZING GRACE\u00a0<\/strong>Coro a cuatro voces y \u00f3rgano (2025)<\/p>\n<p><span style=\"color: #000000;\"><em>lasting time: <\/em><\/span><strong><span style=\"color: #000000;\"><em>3\u2019 48\u2019\u2019<\/em><\/span><br \/>\n<\/strong><a class=\"cursor-init\" href=\"https:\/\/imslp.org\/wiki\/Amazing_grace_(Igoa%2C_Enrique)\" target=\"_blank\" rel=\"noopener\">Edition IMSLP<\/a>[\/vc_column_text][vc_single_image media=\u00bb1158&#8243; media_width_percent=\u00bb100&#8243; uncode_shortcode_id=\u00bb154693&#8243;][\/vc_column_inner][\/vc_row_inner][\/vc_column][\/vc_row]<\/p>\n<\/div>","protected":false},"excerpt":{"rendered":"<p>[vc_row row_height_percent=\u00bb0&#8243; overlay_alpha=\u00bb50&#8243; gutter_size=\u00bb3&#8243; column_width_percent=\u00bb100&#8243; shift_y=\u00bb0&#8243; z_index=\u00bb0&#8243; uncode_shortcode_id=\u00bb187841&#8243;][vc_column column_width_percent=\u00bb100&#8243; position_vertical=\u00bbmiddle\u00bb align_horizontal=\u00bbalign_center\u00bb gutter_size=\u00bb3&#8243; overlay_alpha=\u00bb50&#8243; shift_x=\u00bb0&#8243; shift_y=\u00bb0&#8243; shift_y_down=\u00bb0&#8243; z_index=\u00bb0&#8243; medium_width=\u00bb0&#8243; mobile_width=\u00bb0&#8243; uncode_shortcode_id=\u00bb879426&#8243;][vc_column_text [&hellip;]<\/p>\n","protected":false},"author":1,"featured_media":420,"parent":0,"menu_order":0,"comment_status":"closed","ping_status":"closed","template":"","meta":{"footnotes":""},"class_list":["post-473","page","type-page","status-publish","has-post-thumbnail","hentry"],"yoast_head":"<!-- This site is optimized with the Yoast SEO plugin v26.7 - https:\/\/yoast.com\/wordpress\/plugins\/seo\/ -->\n<title>Works out of the numerical catalogue - Enrique Igoa. Composer and teacher<\/title>\n<meta name=\"robots\" content=\"index, follow, max-snippet:-1, max-image-preview:large, max-video-preview:-1\" \/>\n<link rel=\"canonical\" href=\"https:\/\/www.enriqueigoa.com\/en\/obras-fuera-del-catalogo-numerico\/\" \/>\n<meta property=\"og:locale\" content=\"es_ES\" \/>\n<meta property=\"og:type\" content=\"article\" \/>\n<meta property=\"og:title\" content=\"Works out of the numerical catalogue - Enrique Igoa. Composer and teacher\" \/>\n<meta property=\"og:description\" content=\"[vc_row row_height_percent=\u00bb0&#8243; overlay_alpha=\u00bb50&#8243; gutter_size=\u00bb3&#8243; column_width_percent=\u00bb100&#8243; shift_y=\u00bb0&#8243; z_index=\u00bb0&#8243; uncode_shortcode_id=\u00bb187841&#8243;][vc_column column_width_percent=\u00bb100&#8243; position_vertical=\u00bbmiddle\u00bb align_horizontal=\u00bbalign_center\u00bb gutter_size=\u00bb3&#8243; overlay_alpha=\u00bb50&#8243; shift_x=\u00bb0&#8243; shift_y=\u00bb0&#8243; shift_y_down=\u00bb0&#8243; z_index=\u00bb0&#8243; medium_width=\u00bb0&#8243; mobile_width=\u00bb0&#8243; uncode_shortcode_id=\u00bb879426&#8243;][vc_column_text [&hellip;]\" \/>\n<meta property=\"og:url\" content=\"https:\/\/www.enriqueigoa.com\/en\/obras-fuera-del-catalogo-numerico\/\" \/>\n<meta property=\"og:site_name\" content=\"Enrique Igoa. Composer and teacher\" \/>\n<meta property=\"article:modified_time\" content=\"2026-01-07T17:07:13+00:00\" \/>\n<meta property=\"og:image\" content=\"https:\/\/www.enriqueigoa.com\/en\/wp-content\/uploads\/2017\/10\/cabecera_suite-op.jpg\" \/>\n\t<meta property=\"og:image:width\" content=\"2000\" \/>\n\t<meta property=\"og:image:height\" content=\"813\" \/>\n\t<meta property=\"og:image:type\" content=\"image\/jpeg\" \/>\n<meta name=\"twitter:card\" content=\"summary_large_image\" \/>\n<meta name=\"twitter:label1\" content=\"Tiempo de lectura\" \/>\n\t<meta name=\"twitter:data1\" content=\"3 minutos\" \/>\n<script type=\"application\/ld+json\" class=\"yoast-schema-graph\">{\"@context\":\"https:\/\/schema.org\",\"@graph\":[{\"@type\":\"WebPage\",\"@id\":\"https:\/\/www.enriqueigoa.com\/en\/obras-fuera-del-catalogo-numerico\/\",\"url\":\"https:\/\/www.enriqueigoa.com\/en\/obras-fuera-del-catalogo-numerico\/\",\"name\":\"Works out of the numerical catalogue - Enrique Igoa. Composer and teacher\",\"isPartOf\":{\"@id\":\"https:\/\/www.enriqueigoa.com\/en\/#website\"},\"primaryImageOfPage\":{\"@id\":\"https:\/\/www.enriqueigoa.com\/en\/obras-fuera-del-catalogo-numerico\/#primaryimage\"},\"image\":{\"@id\":\"https:\/\/www.enriqueigoa.com\/en\/obras-fuera-del-catalogo-numerico\/#primaryimage\"},\"thumbnailUrl\":\"https:\/\/www.enriqueigoa.com\/en\/wp-content\/uploads\/2017\/10\/cabecera_suite-op.jpg\",\"datePublished\":\"2017-10-23T12:32:36+00:00\",\"dateModified\":\"2026-01-07T17:07:13+00:00\",\"breadcrumb\":{\"@id\":\"https:\/\/www.enriqueigoa.com\/en\/obras-fuera-del-catalogo-numerico\/#breadcrumb\"},\"inLanguage\":\"es\",\"potentialAction\":[{\"@type\":\"ReadAction\",\"target\":[\"https:\/\/www.enriqueigoa.com\/en\/obras-fuera-del-catalogo-numerico\/\"]}]},{\"@type\":\"ImageObject\",\"inLanguage\":\"es\",\"@id\":\"https:\/\/www.enriqueigoa.com\/en\/obras-fuera-del-catalogo-numerico\/#primaryimage\",\"url\":\"https:\/\/www.enriqueigoa.com\/en\/wp-content\/uploads\/2017\/10\/cabecera_suite-op.jpg\",\"contentUrl\":\"https:\/\/www.enriqueigoa.com\/en\/wp-content\/uploads\/2017\/10\/cabecera_suite-op.jpg\",\"width\":2000,\"height\":813},{\"@type\":\"BreadcrumbList\",\"@id\":\"https:\/\/www.enriqueigoa.com\/en\/obras-fuera-del-catalogo-numerico\/#breadcrumb\",\"itemListElement\":[{\"@type\":\"ListItem\",\"position\":1,\"name\":\"Portada\",\"item\":\"https:\/\/www.enriqueigoa.com\/en\/\"},{\"@type\":\"ListItem\",\"position\":2,\"name\":\"Works out of the numerical catalogue\"}]},{\"@type\":\"WebSite\",\"@id\":\"https:\/\/www.enriqueigoa.com\/en\/#website\",\"url\":\"https:\/\/www.enriqueigoa.com\/en\/\",\"name\":\"Enrique Igoa. Compositor y profesor\",\"description\":\"Composer, Professor of Musical Analysis and Musical researcher\",\"publisher\":{\"@id\":\"https:\/\/www.enriqueigoa.com\/en\/#organization\"},\"potentialAction\":[{\"@type\":\"SearchAction\",\"target\":{\"@type\":\"EntryPoint\",\"urlTemplate\":\"https:\/\/www.enriqueigoa.com\/en\/?s={search_term_string}\"},\"query-input\":{\"@type\":\"PropertyValueSpecification\",\"valueRequired\":true,\"valueName\":\"search_term_string\"}}],\"inLanguage\":\"es\"},{\"@type\":\"Organization\",\"@id\":\"https:\/\/www.enriqueigoa.com\/en\/#organization\",\"name\":\"Enrique Igoa\",\"url\":\"https:\/\/www.enriqueigoa.com\/en\/\",\"logo\":{\"@type\":\"ImageObject\",\"inLanguage\":\"es\",\"@id\":\"https:\/\/www.enriqueigoa.com\/en\/#\/schema\/logo\/image\/\",\"url\":\"https:\/\/www.enriqueigoa.com\/en\/wp-content\/uploads\/2017\/10\/bio0.jpg\",\"contentUrl\":\"https:\/\/www.enriqueigoa.com\/en\/wp-content\/uploads\/2017\/10\/bio0.jpg\",\"width\":400,\"height\":400,\"caption\":\"Enrique Igoa\"},\"image\":{\"@id\":\"https:\/\/www.enriqueigoa.com\/en\/#\/schema\/logo\/image\/\"},\"sameAs\":[\"https:\/\/www.linkedin.com\/in\/enriqueigoa\/?originalSubdomain=es\",\"https:\/\/www.youtube.com\/channel\/UCTHPGgP1YEFhpnnNbbRhrQg\/videos?view=0&amp;amp;amp;amp;sort=p&amp;amp;amp;amp;flow=grid\"]}]}<\/script>\n<!-- \/ Yoast SEO plugin. -->","yoast_head_json":{"title":"Works out of the numerical catalogue - Enrique Igoa. Composer and teacher","robots":{"index":"index","follow":"follow","max-snippet":"max-snippet:-1","max-image-preview":"max-image-preview:large","max-video-preview":"max-video-preview:-1"},"canonical":"https:\/\/www.enriqueigoa.com\/en\/obras-fuera-del-catalogo-numerico\/","og_locale":"es_ES","og_type":"article","og_title":"Works out of the numerical catalogue - Enrique Igoa. Composer and teacher","og_description":"[vc_row row_height_percent=\u00bb0&#8243; overlay_alpha=\u00bb50&#8243; gutter_size=\u00bb3&#8243; column_width_percent=\u00bb100&#8243; shift_y=\u00bb0&#8243; z_index=\u00bb0&#8243; uncode_shortcode_id=\u00bb187841&#8243;][vc_column column_width_percent=\u00bb100&#8243; position_vertical=\u00bbmiddle\u00bb align_horizontal=\u00bbalign_center\u00bb gutter_size=\u00bb3&#8243; overlay_alpha=\u00bb50&#8243; shift_x=\u00bb0&#8243; shift_y=\u00bb0&#8243; shift_y_down=\u00bb0&#8243; z_index=\u00bb0&#8243; medium_width=\u00bb0&#8243; mobile_width=\u00bb0&#8243; uncode_shortcode_id=\u00bb879426&#8243;][vc_column_text [&hellip;]","og_url":"https:\/\/www.enriqueigoa.com\/en\/obras-fuera-del-catalogo-numerico\/","og_site_name":"Enrique Igoa. Composer and teacher","article_modified_time":"2026-01-07T17:07:13+00:00","og_image":[{"width":2000,"height":813,"url":"https:\/\/www.enriqueigoa.com\/en\/wp-content\/uploads\/2017\/10\/cabecera_suite-op.jpg","type":"image\/jpeg"}],"twitter_card":"summary_large_image","twitter_misc":{"Tiempo de lectura":"3 minutos"},"schema":{"@context":"https:\/\/schema.org","@graph":[{"@type":"WebPage","@id":"https:\/\/www.enriqueigoa.com\/en\/obras-fuera-del-catalogo-numerico\/","url":"https:\/\/www.enriqueigoa.com\/en\/obras-fuera-del-catalogo-numerico\/","name":"Works out of the numerical catalogue - Enrique Igoa. Composer and teacher","isPartOf":{"@id":"https:\/\/www.enriqueigoa.com\/en\/#website"},"primaryImageOfPage":{"@id":"https:\/\/www.enriqueigoa.com\/en\/obras-fuera-del-catalogo-numerico\/#primaryimage"},"image":{"@id":"https:\/\/www.enriqueigoa.com\/en\/obras-fuera-del-catalogo-numerico\/#primaryimage"},"thumbnailUrl":"https:\/\/www.enriqueigoa.com\/en\/wp-content\/uploads\/2017\/10\/cabecera_suite-op.jpg","datePublished":"2017-10-23T12:32:36+00:00","dateModified":"2026-01-07T17:07:13+00:00","breadcrumb":{"@id":"https:\/\/www.enriqueigoa.com\/en\/obras-fuera-del-catalogo-numerico\/#breadcrumb"},"inLanguage":"es","potentialAction":[{"@type":"ReadAction","target":["https:\/\/www.enriqueigoa.com\/en\/obras-fuera-del-catalogo-numerico\/"]}]},{"@type":"ImageObject","inLanguage":"es","@id":"https:\/\/www.enriqueigoa.com\/en\/obras-fuera-del-catalogo-numerico\/#primaryimage","url":"https:\/\/www.enriqueigoa.com\/en\/wp-content\/uploads\/2017\/10\/cabecera_suite-op.jpg","contentUrl":"https:\/\/www.enriqueigoa.com\/en\/wp-content\/uploads\/2017\/10\/cabecera_suite-op.jpg","width":2000,"height":813},{"@type":"BreadcrumbList","@id":"https:\/\/www.enriqueigoa.com\/en\/obras-fuera-del-catalogo-numerico\/#breadcrumb","itemListElement":[{"@type":"ListItem","position":1,"name":"Portada","item":"https:\/\/www.enriqueigoa.com\/en\/"},{"@type":"ListItem","position":2,"name":"Works out of the numerical catalogue"}]},{"@type":"WebSite","@id":"https:\/\/www.enriqueigoa.com\/en\/#website","url":"https:\/\/www.enriqueigoa.com\/en\/","name":"Enrique Igoa. Compositor y profesor","description":"Composer, Professor of Musical Analysis and Musical researcher","publisher":{"@id":"https:\/\/www.enriqueigoa.com\/en\/#organization"},"potentialAction":[{"@type":"SearchAction","target":{"@type":"EntryPoint","urlTemplate":"https:\/\/www.enriqueigoa.com\/en\/?s={search_term_string}"},"query-input":{"@type":"PropertyValueSpecification","valueRequired":true,"valueName":"search_term_string"}}],"inLanguage":"es"},{"@type":"Organization","@id":"https:\/\/www.enriqueigoa.com\/en\/#organization","name":"Enrique Igoa","url":"https:\/\/www.enriqueigoa.com\/en\/","logo":{"@type":"ImageObject","inLanguage":"es","@id":"https:\/\/www.enriqueigoa.com\/en\/#\/schema\/logo\/image\/","url":"https:\/\/www.enriqueigoa.com\/en\/wp-content\/uploads\/2017\/10\/bio0.jpg","contentUrl":"https:\/\/www.enriqueigoa.com\/en\/wp-content\/uploads\/2017\/10\/bio0.jpg","width":400,"height":400,"caption":"Enrique Igoa"},"image":{"@id":"https:\/\/www.enriqueigoa.com\/en\/#\/schema\/logo\/image\/"},"sameAs":["https:\/\/www.linkedin.com\/in\/enriqueigoa\/?originalSubdomain=es","https:\/\/www.youtube.com\/channel\/UCTHPGgP1YEFhpnnNbbRhrQg\/videos?view=0&amp;amp;amp;amp;sort=p&amp;amp;amp;amp;flow=grid"]}]}},"_links":{"self":[{"href":"https:\/\/www.enriqueigoa.com\/en\/wp-json\/wp\/v2\/pages\/473","targetHints":{"allow":["GET"]}}],"collection":[{"href":"https:\/\/www.enriqueigoa.com\/en\/wp-json\/wp\/v2\/pages"}],"about":[{"href":"https:\/\/www.enriqueigoa.com\/en\/wp-json\/wp\/v2\/types\/page"}],"author":[{"embeddable":true,"href":"https:\/\/www.enriqueigoa.com\/en\/wp-json\/wp\/v2\/users\/1"}],"replies":[{"embeddable":true,"href":"https:\/\/www.enriqueigoa.com\/en\/wp-json\/wp\/v2\/comments?post=473"}],"version-history":[{"count":42,"href":"https:\/\/www.enriqueigoa.com\/en\/wp-json\/wp\/v2\/pages\/473\/revisions"}],"predecessor-version":[{"id":1179,"href":"https:\/\/www.enriqueigoa.com\/en\/wp-json\/wp\/v2\/pages\/473\/revisions\/1179"}],"wp:featuredmedia":[{"embeddable":true,"href":"https:\/\/www.enriqueigoa.com\/en\/wp-json\/wp\/v2\/media\/420"}],"wp:attachment":[{"href":"https:\/\/www.enriqueigoa.com\/en\/wp-json\/wp\/v2\/media?parent=473"}],"curies":[{"name":"wp","href":"https:\/\/api.w.org\/{rel}","templated":true}]}}