{"id":52,"date":"2017-10-03T11:03:23","date_gmt":"2017-10-03T11:03:23","guid":{"rendered":"http:\/\/www.enriqueigoa.com\/prueba\/?page_id=52"},"modified":"2026-01-05T10:00:10","modified_gmt":"2026-01-05T10:00:10","slug":"cursos-y-conferencias","status":"publish","type":"page","link":"https:\/\/www.enriqueigoa.com\/en\/cursos-y-conferencias\/","title":{"rendered":"Courses and Lectures"},"content":{"rendered":"<div class=\"wpb-content-wrapper\"><p>[vc_row][vc_column column_width_percent=\u00bb100&#8243; gutter_size=\u00bb3&#8243; override_padding=\u00bbyes\u00bb column_padding=\u00bb2&#8243; overlay_alpha=\u00bb50&#8243; shift_x=\u00bb0&#8243; shift_y=\u00bb0&#8243; shift_y_down=\u00bb0&#8243; z_index=\u00bb0&#8243; medium_width=\u00bb0&#8243; mobile_width=\u00bb0&#8243; width=\u00bb1\/3&#8243; uncode_shortcode_id=\u00bb657240&#8243;][vc_column_text uncode_shortcode_id=\u00bb485526&#8243;]<\/p>\n<h4><span style=\"color: #bc2c00;\"><strong>Courses and Auditions<\/strong><\/span><\/h4>\n<ol>\n<li><strong>Course<\/strong> for improvement in musical education (Professors Centre, Le\u00f3n, 1985-86).<\/li>\n<li><strong>Seminar<\/strong> of Musical Acoustics and Contemporary Music (Le\u00f3n, 1985-86).<\/li>\n<li><strong>Courses<\/strong> of Musical Acoustics (Le\u00f3n, 1986-87; Oviedo, 1987; Astorga, 1992; Salamanca, 1997).<\/li>\n<li><strong>Courses<\/strong> in Universidad de Alcal\u00e1 de Henares:<\/li>\n<\/ol>\n<p>4.1. <em>Musical Analysis in 1875-1918 period and Acoustics of new sounds of this period <\/em>(1990).<br \/>\n4.2. <em>Last works for piano of\u00a0 F. Liszt<\/em> (1991).<br \/>\n4.3. <em>Musical Analysis and Philosophy: commentaries around \u201cPhilosophy of Music\u201d of\u00a0 J.D. Garc\u00eda Bacca <\/em>(1993).<br \/>\n4.4. <em>Beethoven: aesthetic approach through his piano sonatas <\/em>(1994).<br \/>\n4.5. <em>Introduction to the 3rd course of Analysis of Contemporary Music imparted by Arturo Tamayo. Boulez: \u201cLe Marteau sans ma\u00eetre\u201d and \u201cTombeau\u201d from \u201cPli selon pli\u201d <\/em>(1994).<br \/>\n4.6. <em>Methods of musical analysis in action: functional analysis, modal analysis, set theory, structural analysis <\/em>(1995).<br \/>\n4.7. <em>Analysis of sonatas n\u00ba 1, 13, 20 and 21 of Beethoven<\/em> (2003).<br \/>\n4.8. <em>Analysis in Intermediate Degree<\/em> (2005).<br \/>\n4.9. <em>The Iberian sonata from XVIII century: An essential repertory<\/em>. (2009).<br \/>\n4.10. <em>Analytical approach to the chamber music <\/em>(2011).<\/p>\n<ol start=\"5\">\n<li><strong>Annual cycles of musical auditions<\/strong> in Universidad de Alcal\u00e1 de Henares: <em>History of Music <\/em>(1994);<em> The opera in images <\/em>(1995); <em>The opera and its environment <\/em>(1996); <em>The opera<\/em> <em>of the Teatro Real<\/em> (1997-98); <em>Four centuries of opera <\/em>(1998-99); <em>The opera and its time <\/em>(1999-2000); <em>Music in scene: opera and film I <\/em>(2000-2001);<em> Music in scene: opera and film II<\/em> (2001-2002); <em>Music in scene: opera and film III<\/em> (2002-2003).<\/li>\n<li><strong>Auditions and analysis<\/strong> in the Conservatorio Arturo Soria:<em> Wozzeck <\/em>(Berg); <em>Metastaseis<\/em> (Xenakis);<em> Gruppen <\/em>(Stockhausen);<em> Die Soldaten <\/em>(Zimmermann);<em> Salome<\/em> (R.Strauss);<em> The Rake\u2019s Progress <\/em>(Stravinsky); <em>Le marteau sans ma\u00eetre<\/em> (Boulez); <em>Ionisation<\/em> and <em>Arcana<\/em> (Var\u00e8se); <em>The Bassarids <\/em>(H.W. Henze).<\/li>\n<li><strong>Auditions and analysis<\/strong> in the Real Conservatorio Superior de M\u00fasica de Madrid: <em>Ancient Voices of Children<\/em> (G. Crumb); <em>Symphony no. 5<\/em> (Bruckner); <em>Wozzeck<\/em> (Berg); <em>Turangal\u00eela Symphony <\/em>(Messiaen); <em>Oedipus Rex<\/em> (Stravinsky); <em>Die Soldaten<\/em> (Zimmermann).<\/li>\n<li><strong>Courses<\/strong> in Conservatorio Superior de Salamanca: course of Musical Analysis until XIX century (1997); course of Musical Analysis in the XX century (1998).<\/li>\n<li><em>Didactics of closeness and analysis to the music of XX century applied to secondary school <\/em>(Service of Pedagogic Renovation \u201cLas Acacias\u201d, Comunidad de Madrid, 1998).<\/li>\n<li><strong>Course<\/strong> of Musical Analysis (Conservatorio de Puertollano, 1999).<\/li>\n<li><strong>Course<\/strong> of Musical Analysis of XX century (Cons. Prof. de Cuenca, 2001).<\/li>\n<li><strong>Course<\/strong> of Musical Analysis of XX century (Cons. Superior de Sevilla, 2001).<\/li>\n<li><strong>Course<\/strong> of Musical Analysis of XX century (Cons. de Le\u00f3n, 2002).<\/li>\n<li><strong>Course<\/strong> <em>History of sacred music<\/em> for the C.A.P. de El Escorial (2003).<\/li>\n<li><strong>Course<\/strong> of Musical Analysis of XX century (Cons. de Calahorra, 2004).<\/li>\n<li><strong>Course<\/strong> of Musical Analysis of second half of XX century (Cons. Prof. de Palencia, 2004).<\/li>\n<li><strong>Course<\/strong> of Musical Analysis of XVIII and XIX century (Cons. Elem. de Calahorra, 2005).<\/li>\n<li><strong>Course:<\/strong> <em>Poetics and musical Forms<\/em> (Cons. Superior de Salamanca, 2005, 2006, 2007).<\/li>\n<li><strong>Course<\/strong> of Musical Analysis of second half of XX century (Cons. Prof. de Logro\u00f1o, 2005).<\/li>\n<li><strong>Course<\/strong> of Musical Analysis (Cons. Prof. de Melilla, 2006).<\/li>\n<li><strong>Course<\/strong> of Musical Analysis of Romantic Music, organised in Fundaci\u00f3n Universidad de Verano de Castilla y Le\u00f3n (Segovia, 2006).<\/li>\n<li><strong>Courses:<\/strong> <em>The Iberian Sonata in XVIII century (from D. Scarlatti to Mateo Alb\u00e9niz)<\/em> and <em>The Spanish Music in XX century (from Isaac Alb\u00e9niz to Francisco Guerrero)<\/em>, in an Erasmus interchange between teachers, imparted in \u2018Conservatorio di Musica de Bari\u2019 (2009).<\/li>\n<li><strong>Courses:<\/strong> <em>Methodology of sonata<\/em>, <em>The iberian sonata in XVIII century (from D. Scarlatti to Mateo Alb\u00e9niz)<\/em> and <em>The Spanish Music in XX century (from Isaac Alb\u00e9niz to Francisco Guerrero)<\/em>, in an Erasmus interchange between teachers, imparted in \u2018Istituto Superiore di Studi Musicali di Caltanissetta\u2019, Sicily, Italy (2013).<\/li>\n<li><strong>Course:<\/strong> <em>Methodology of Analysis applied to Chamber Music<\/em>, in Regional Centre for Renovation and Innovation \u201cLas Acacias\u201d (2014).<\/li>\n<li><strong>Course:<\/strong> <em>The Music of XX and XXI centuries: Analysis and incorporation to programmes in conservatories<\/em>, in Regional Centre for Renovation and Innovation \u201cLas Acacias\u201d (2015).<\/li>\n<\/ol>\n<p>[\/vc_column_text][\/vc_column][vc_column column_width_percent=\u00bb100&#8243; gutter_size=\u00bb3&#8243; override_padding=\u00bbyes\u00bb column_padding=\u00bb2&#8243; overlay_alpha=\u00bb50&#8243; shift_x=\u00bb0&#8243; shift_y=\u00bb0&#8243; shift_y_down=\u00bb0&#8243; z_index=\u00bb0&#8243; medium_width=\u00bb0&#8243; mobile_width=\u00bb0&#8243; width=\u00bb1\/3&#8243; uncode_shortcode_id=\u00bb190155&#8243;][vc_column_text uncode_shortcode_id=\u00bb514296&#8243;]<\/p>\n<h4><span style=\"color: #bc2c00;\">Lectures, Master Classes and Communications<\/span><\/h4>\n<p>1. <strong>Lecture<\/strong> about the opera <em>Wozzeck<\/em> from Alban Berg, for the Association of Friends of the Opera of Madrid (1994).<\/p>\n<p>2. <strong>Lecture<\/strong> in the Hochschule f\u00fcr Musik (Cologne) and in the Beethovenshaus (Bonn): <em>Anmerkungen f\u00fcr ein Konzert [Notes for a Concert]<\/em>, with analysis of works from J.L. Turina, M. Dimbwadyo and Enrique Igoa before a concert of M\u00aa Luz Rivera (1998).<\/p>\n<p>3. <strong>Lecture<\/strong> about <em>Formal, harmonic and dramatic features in <\/em>Falstaff (Interdisciplinary Conference about G. Verdi, 2001).<\/p>\n<p>4. <strong>Lecture<\/strong> about <em>Il trovatore<\/em> for the Joven Orquesta Nacional de Espa\u00f1a. Conservatorio Jes\u00fas de Monasterio de Santander (2001).<\/p>\n<p>5. <strong>Lecture<\/strong> about symphonic poems of Franck and Liszt in the congress <em>Word and Music <\/em>held at the Universidad Complutense de Madrid (2001).<\/p>\n<p>6. <strong>Lecture<\/strong> about <em>The opera in XX century<\/em>. Escuela Municipal de M\u00fasica de Talavera de la Reina (2002).<\/p>\n<p>7.<strong> Lecture<\/strong> about the opera <em>Winterm\u00e4rchen<\/em> of Philippe Boesmans in the Universidad de Alcal\u00e1 de Henares (2003).<\/p>\n<p>8. <strong>Lecture<\/strong> about <em>Musical Analysis and performing<\/em>. Conservatorio Profesional de Logro\u00f1o (2004).<\/p>\n<p>9. <strong>Lecture<\/strong> about the opera <em>L\u2019elisir d\u2019amore<\/em> of Donizetti in the Universidad de Alcal\u00e1 de Henares (2005).<\/p>\n<p>10. <strong>Lecture<\/strong> about the opera <em>Jen\u016ffa<\/em> of Leo\u0161 Jana\u010dek in the Universidad de Alcal\u00e1 de Henares (2005).<\/p>\n<p>11.<strong> Lecture<\/strong> about <em>The opera in the XX century<\/em>. Escuela Municipal de M\u00fasica de Majadahonda (2005).<\/p>\n<p>12. <strong>Lecture<\/strong> and presentation of his book <em>El legado musical de \u00c1ngel Barja. La m\u00fasica instrumental [The musical legacy of \u00c1ngel Barja. The instrumental music]<\/em> in the \u201c\u00c1ngel Barja Memorial\u201d, Conservatorio Profesional de Le\u00f3n (2006) and Conservatorio Elemental de Astorga (2006).<\/p>\n<p>13.<strong> Lecture<\/strong> commemorative at 20 years of the death of \u00c1ngel Barja. Conservatorio Profesional de Le\u00f3n (2007).<\/p>\n<p>14.<strong> Lecture<\/strong> about <em>Analysis and audition: relationship and examples in the work of Francisco Guerrero<\/em>, for the Course of Music and Heritage organised by the V Festival de M\u00fasica Espa\u00f1ola de C\u00e1diz (2007).<\/p>\n<p>15.<strong> Lecture<\/strong> about the Viennese School for the course <em>European Cities: Vienna<\/em>, organised by the Universidad Complutense de Madrid (2008).<\/p>\n<p>16.<strong> Lecture<\/strong> about the music of the family Halffter: Analysis of<em> Dos sonatas de El Escorial <\/em>of R. Halffter and <em>Debla<\/em> &amp; <em>Cadencia<\/em> of C. Halffter, and paper about the contemporary opera (<em>Q. Don Quijote en Barcelona<\/em> of J.L. Turina) en the frame of the IV Conference of Contemporary Music of the Conservatorio Profesional \u201c\u00c1ngel Barrios\u201d de Granada (2009).<\/p>\n<p>17.<strong> Lecture<\/strong> about Benjamin Britten for the course <em>European Cities: London<\/em>, organised by the Universidad Complutense de Madrid (2009).<\/p>\n<p>18. <strong>Lecture<\/strong> about \u201cGy\u00f6rgy Ligeti: from micropoliphony to evocation\u201d (<em>Lux Aeterna<\/em>, <em>Kammerkonzert<\/em>, <em>\u00c9tude nr.1<\/em>) for the Conservatorio Profesional \u201c\u00c1ngel Barrios\u201d de Granada (2010).<\/p>\n<p>19. <strong>Lecture<\/strong> about the music in New York for the Universidad Complutense de Madrid (2010), in the frame of the course <em>Multilingualism and multiculturalism in the North American urban area: New York<\/em>.<\/p>\n<p>20. <strong>Lecture<\/strong> about <em>Internal Rhythm and Biologic Time. A creative Counterpoint<\/em>. Course \u201cFrom the Rhythm\u201d. Casa encendida, Madrid (2012).<\/p>\n<p>21. <strong>Lecture<\/strong>-introduction of his edition of <em>20 Sonatas<\/em> of Antonio Soler. Real Conservatorio Superior de M\u00fasica de Madrid (2012).<\/p>\n<p>22. <strong>Papers:<\/strong> <em>Presentation of the edition of 20 Sonatas of A. Soler<\/em> and <em>The question of form in the sonatas of A. Soler<\/em>. International Symposium \u201cNew Perspectives on the Keyboard Works of Antonio Soler\u201d. FIMTE 2012 (Festival Internacional de M\u00fasica de Tecla Espa\u00f1ola). Moj\u00e1car, Almer\u00eda, 2012.<\/p>\n<p>23. <strong>Lecture<\/strong>-introduction of his edition of <em>20 Sonatas<\/em> of Antonio Soler. Conservatorio Profesional Teresa Berganza (2013). Conservatorio Profesional Joaqu\u00edn Turina (2013). Centro Integrado de M\u00fasica \u201cAntonio Soler\u201d de El Escorial (2013). Conservatorio Profesional \u201cAdolfo Salazar\u201d (2014). Conservatorio Profesional Arturo Soria (2014). Teatre Principal de Olot, invited by Institut de Cultura d\u2019Olot, Gerona (2014).<\/p>\n<p>24. <strong>Master class:<\/strong> <em>The question of form in the sonatas of A. Soler<\/em>, for the Master in Hispanic and Hispanic American Music at the Universidad Complutense de Madrid (2014).<\/p>\n<p>25. <strong>Comnunication:<\/strong> <em>Approach to the analysis of symphonic music <\/em>for the course of Musical Analysis at the Universidad Aut\u00f3noma de Madrid in Campo de Criptana (2-4 of July, 2014).<\/p>\n<p>[\/vc_column_text][\/vc_column][vc_column column_width_percent=\u00bb100&#8243; gutter_size=\u00bb3&#8243; override_padding=\u00bbyes\u00bb column_padding=\u00bb2&#8243; overlay_alpha=\u00bb50&#8243; shift_x=\u00bb0&#8243; shift_y=\u00bb0&#8243; shift_y_down=\u00bb0&#8243; z_index=\u00bb0&#8243; medium_width=\u00bb0&#8243; mobile_width=\u00bb0&#8243; width=\u00bb1\/3&#8243; uncode_shortcode_id=\u00bb114893&#8243;][vc_column_text uncode_shortcode_id=\u00bb843915&#8243;]26<strong>. Master class:<\/strong> <em>The analysis in the Access test to the Conservatorio Superior<\/em>. Conservatorio Jacinto Guerrero de Toledo (2015).<\/p>\n<p>27.<strong> Master class:<\/strong> <em>Methodology of the sonata<\/em>, for the Master in Hispanic and Hispanic American Music at the Universidad Complutense de Madrid (2015).<\/p>\n<p>28.<strong> Lecture:<\/strong> <em>Musical Theory and creation: mutual contributions <\/em>for the course Analysis II organized by Universidad Aut\u00f3noma in Campo de Criptana (2015).<\/p>\n<p>29.<strong>\u00a0Lecture:<\/strong> <em>The musical Baroque<\/em>. Museo del Prado de Madrid (2015).<\/p>\n<p>30.<strong> Lecture:<\/strong> <em>El Quijote in Music<\/em>. C.C. Nicol\u00e1s Salmer\u00f3n (19.10.2016).<\/p>\n<p>31.<strong> Lecture:<\/strong> <em>Panoramics of Iberian sonata for keyboard in the 18th century<\/em>. Conservatorio Superior de M\u00fasica de Vigo (8.3.2018).<\/p>\n<p>32.<strong> Lecture &amp; audition:<\/strong> <em>Die Soldaten<\/em>, de B.A. Zimmermann. Real Conservatorio Superior de M\u00fasica de Madrid (4.5.2018).<\/p>\n<p>33.<strong> Lecture &amp; audition:<\/strong> <em>Vienna in the 20th century: a presentation<\/em>. Bookstore <em>Los libros salvajes<\/em>, Villaviciosa de Od\u00f3n (14.12.2018).<\/p>\n<p>34. <strong>Master class<\/strong> Panorama of the Iberian sonata for keyboard in the 18th century. Centro Superior Katarina Gurska, 9.3.2019, Master Playing Spanish Music.<\/p>\n<p>35. <strong>Lecture<\/strong> The Music for Organ in Spain after the Civil War. XXIII Academia Fray Joseph de Echevarr\u00eda. Carri\u00f3n de los Condes, Palencia (25.7.2019).<\/p>\n<p>36. <strong>Comnunication<\/strong> Documentation and methodology of the sonatas of Soler. Research meeting about 18th century Spanish Music de m\u00fasica. Universidad Aut\u00f3noma de Madrid (27.11.2019).<\/p>\n<p>37.<strong> Comnunication<\/strong> Medicin and Music: an approach. IV Meeting of the Spanish Society of Allergology and Immunity. Hospital La Paz (13.12.2019).<span style=\"color: #bf2424;\"> <a style=\"color: #bf2424;\" href=\"https:\/\/enriqueigoa.com\/documents\/Musica_y_Medicina-IV_Reunion_Alergia_y_Humanidades.pdf\" target=\"_blank\" rel=\"noopener noreferrer\">See<\/a><\/span><\/p>\n<p>38.<strong> Lecture<\/strong> Survival and modernity of Beethoven. Conservatorio Profesional de Albacete (26.2.2020).<\/p>\n<p>39. <strong>Lecture<\/strong> <em>New theories about the Sonata Form.<\/em> Opening lectura of the 1st Cycle of Webinars of the SATMUS. Europe\/America (30.1.2021).<\/p>\n<p>40. <strong>Comnunication <\/strong><em>Las dos Sonatas de El Escorial de Rodolfo Halffter. Una mirada actualizada<\/em>. International Congress \u201cAn\u00e1lisis de M\u00fasica espa\u00f1olas y de obras de inspiraci\u00f3n hisp\u00e1nica (1833-1939): lenguajes, fuentes de inspiraci\u00f3n, procedimientos compositivos, arquetipos\u201d, organized by the University of Montpellier and the University of Oviedo (29.10.2021).<\/p>\n<p>41.<strong> Seminars<\/strong> Universidad Alfonso X el Sabio: <em>La m\u00fasica ib\u00e9rica para tecla en el siglo XVIII: una panor\u00e1mica<\/em>. (15.12.2022); <em>Sistema arm\u00f3nico-funcional<\/em> (23.3.2023); <em>Teor\u00eda de la sonata<\/em> (13.4.2023).<\/p>\n<p>42. <strong>Communication<\/strong> <em>Pedagog\u00eda actualizada de la sonata: I Congreso Internacional de la SATMUS.<\/em> Universidad Aut\u00f3noma de Madrid (20.4.2023).<\/p>\n<p>43.<strong> Master class<\/strong> <em>Creaci\u00f3n y an\u00e1lisis a la luz de la ret\u00f3rica.<\/em> Centro Superior Katarina Gurska (21.10.2023).<\/p>\n<p>44. <strong>Research workshop<\/strong> for the master\u2019s thesis. VIU &#8211; Valencia International University. (Session 1: 23.01.2025. Session 2: 6.02.2025).<\/p>\n<p>45. <strong>Masterclasses<\/strong> in the Conservatorio Superior de Navarra. Session I: Ret\u00f3rica y m\u00fasica en el Barroco (28.2.2025). Session II: Teor\u00eda de los t\u00f3picos (14.3.2025). Session III: An\u00e1lisis multidisciplinar (28.3.2025).<\/p>\n<p>46. <strong>Communication<\/strong> Ret\u00f3rica actualizada: II Congreso Internacional. T\u00f3picos y m\u00fasica hispana (siglos XVIII-XXI). Universidad Complutense de Madrid (30.5.2025).<\/p>\n<p>47. <strong>Communication<\/strong> Una nueva aproximaci\u00f3n al Preludio de Tristan und Isolde: I Congreso de Teor\u00eda, An\u00e1lisis y Did\u00e1ctica musical. Universidad de La Serena, Santiago de Chile (4.6.2025).<\/p>\n<p>48. <strong>Masterclass<\/strong> for the Musical Analysis course of the Universidad Internacional Men\u00e9ndez Pelayo (UIMP) in Cuenca: Teor\u00eda y creaci\u00f3n musical. Aportaciones mutuas (29.7.2025).<\/p>\n<p>49.<strong> Seminar<\/strong> An\u00e1lisis e interpretaci\u00f3n. Session I: Ret\u00f3rica y m\u00fasica en el Barroco (4.11.2025). Session II: Teor\u00eda de los t\u00f3picos (5.11.2025). Conservatorio Profesional Eliseo Pinedo de Logro\u00f1o (4.11-5.11.2025).[\/vc_column_text][\/vc_column][\/vc_row]<\/p>\n<\/div>","protected":false},"excerpt":{"rendered":"<p>[vc_row][vc_column column_width_percent=\u00bb100&#8243; gutter_size=\u00bb3&#8243; override_padding=\u00bbyes\u00bb column_padding=\u00bb2&#8243; overlay_alpha=\u00bb50&#8243; shift_x=\u00bb0&#8243; shift_y=\u00bb0&#8243; shift_y_down=\u00bb0&#8243; z_index=\u00bb0&#8243; medium_width=\u00bb0&#8243; mobile_width=\u00bb0&#8243; width=\u00bb1\/3&#8243; uncode_shortcode_id=\u00bb657240&#8243;][vc_column_text uncode_shortcode_id=\u00bb485526&#8243;] Courses and Auditions Course for [&hellip;]<\/p>\n","protected":false},"author":1,"featured_media":0,"parent":0,"menu_order":0,"comment_status":"closed","ping_status":"closed","template":"","meta":{"footnotes":""},"class_list":["post-52","page","type-page","status-publish","hentry"],"yoast_head":"<!-- This site is optimized with the Yoast SEO plugin v26.7 - https:\/\/yoast.com\/wordpress\/plugins\/seo\/ -->\n<title>Courses and Lectures - Enrique Igoa. Composer and teacher<\/title>\n<meta name=\"robots\" content=\"index, follow, max-snippet:-1, max-image-preview:large, max-video-preview:-1\" \/>\n<link rel=\"canonical\" href=\"https:\/\/www.enriqueigoa.com\/en\/cursos-y-conferencias\/\" \/>\n<meta property=\"og:locale\" content=\"es_ES\" \/>\n<meta property=\"og:type\" content=\"article\" \/>\n<meta property=\"og:title\" content=\"Courses and Lectures - Enrique Igoa. Composer and teacher\" \/>\n<meta property=\"og:description\" content=\"[vc_row][vc_column column_width_percent=\u00bb100&#8243; gutter_size=\u00bb3&#8243; override_padding=\u00bbyes\u00bb column_padding=\u00bb2&#8243; overlay_alpha=\u00bb50&#8243; shift_x=\u00bb0&#8243; shift_y=\u00bb0&#8243; shift_y_down=\u00bb0&#8243; z_index=\u00bb0&#8243; medium_width=\u00bb0&#8243; mobile_width=\u00bb0&#8243; width=\u00bb1\/3&#8243; uncode_shortcode_id=\u00bb657240&#8243;][vc_column_text uncode_shortcode_id=\u00bb485526&#8243;] Courses and Auditions Course for [&hellip;]\" \/>\n<meta property=\"og:url\" content=\"https:\/\/www.enriqueigoa.com\/en\/cursos-y-conferencias\/\" \/>\n<meta property=\"og:site_name\" content=\"Enrique Igoa. Composer and teacher\" \/>\n<meta property=\"article:modified_time\" content=\"2026-01-05T10:00:10+00:00\" \/>\n<meta name=\"twitter:card\" content=\"summary_large_image\" \/>\n<meta name=\"twitter:label1\" content=\"Tiempo de lectura\" \/>\n\t<meta name=\"twitter:data1\" content=\"8 minutos\" \/>\n<script type=\"application\/ld+json\" class=\"yoast-schema-graph\">{\"@context\":\"https:\/\/schema.org\",\"@graph\":[{\"@type\":\"WebPage\",\"@id\":\"https:\/\/www.enriqueigoa.com\/en\/cursos-y-conferencias\/\",\"url\":\"https:\/\/www.enriqueigoa.com\/en\/cursos-y-conferencias\/\",\"name\":\"Courses and Lectures - Enrique Igoa. Composer and teacher\",\"isPartOf\":{\"@id\":\"https:\/\/www.enriqueigoa.com\/en\/#website\"},\"datePublished\":\"2017-10-03T11:03:23+00:00\",\"dateModified\":\"2026-01-05T10:00:10+00:00\",\"breadcrumb\":{\"@id\":\"https:\/\/www.enriqueigoa.com\/en\/cursos-y-conferencias\/#breadcrumb\"},\"inLanguage\":\"es\",\"potentialAction\":[{\"@type\":\"ReadAction\",\"target\":[\"https:\/\/www.enriqueigoa.com\/en\/cursos-y-conferencias\/\"]}]},{\"@type\":\"BreadcrumbList\",\"@id\":\"https:\/\/www.enriqueigoa.com\/en\/cursos-y-conferencias\/#breadcrumb\",\"itemListElement\":[{\"@type\":\"ListItem\",\"position\":1,\"name\":\"Portada\",\"item\":\"https:\/\/www.enriqueigoa.com\/en\/\"},{\"@type\":\"ListItem\",\"position\":2,\"name\":\"Courses and Lectures\"}]},{\"@type\":\"WebSite\",\"@id\":\"https:\/\/www.enriqueigoa.com\/en\/#website\",\"url\":\"https:\/\/www.enriqueigoa.com\/en\/\",\"name\":\"Enrique Igoa. Compositor y profesor\",\"description\":\"Composer, Professor of Musical Analysis and Musical researcher\",\"publisher\":{\"@id\":\"https:\/\/www.enriqueigoa.com\/en\/#organization\"},\"potentialAction\":[{\"@type\":\"SearchAction\",\"target\":{\"@type\":\"EntryPoint\",\"urlTemplate\":\"https:\/\/www.enriqueigoa.com\/en\/?s={search_term_string}\"},\"query-input\":{\"@type\":\"PropertyValueSpecification\",\"valueRequired\":true,\"valueName\":\"search_term_string\"}}],\"inLanguage\":\"es\"},{\"@type\":\"Organization\",\"@id\":\"https:\/\/www.enriqueigoa.com\/en\/#organization\",\"name\":\"Enrique Igoa\",\"url\":\"https:\/\/www.enriqueigoa.com\/en\/\",\"logo\":{\"@type\":\"ImageObject\",\"inLanguage\":\"es\",\"@id\":\"https:\/\/www.enriqueigoa.com\/en\/#\/schema\/logo\/image\/\",\"url\":\"https:\/\/www.enriqueigoa.com\/en\/wp-content\/uploads\/2017\/10\/bio0.jpg\",\"contentUrl\":\"https:\/\/www.enriqueigoa.com\/en\/wp-content\/uploads\/2017\/10\/bio0.jpg\",\"width\":400,\"height\":400,\"caption\":\"Enrique Igoa\"},\"image\":{\"@id\":\"https:\/\/www.enriqueigoa.com\/en\/#\/schema\/logo\/image\/\"},\"sameAs\":[\"https:\/\/www.linkedin.com\/in\/enriqueigoa\/?originalSubdomain=es\",\"https:\/\/www.youtube.com\/channel\/UCTHPGgP1YEFhpnnNbbRhrQg\/videos?view=0&amp;amp;amp;amp;sort=p&amp;amp;amp;amp;flow=grid\"]}]}<\/script>\n<!-- \/ Yoast SEO plugin. -->","yoast_head_json":{"title":"Courses and Lectures - Enrique Igoa. Composer and teacher","robots":{"index":"index","follow":"follow","max-snippet":"max-snippet:-1","max-image-preview":"max-image-preview:large","max-video-preview":"max-video-preview:-1"},"canonical":"https:\/\/www.enriqueigoa.com\/en\/cursos-y-conferencias\/","og_locale":"es_ES","og_type":"article","og_title":"Courses and Lectures - Enrique Igoa. Composer and teacher","og_description":"[vc_row][vc_column column_width_percent=\u00bb100&#8243; gutter_size=\u00bb3&#8243; override_padding=\u00bbyes\u00bb column_padding=\u00bb2&#8243; overlay_alpha=\u00bb50&#8243; shift_x=\u00bb0&#8243; shift_y=\u00bb0&#8243; shift_y_down=\u00bb0&#8243; z_index=\u00bb0&#8243; medium_width=\u00bb0&#8243; mobile_width=\u00bb0&#8243; width=\u00bb1\/3&#8243; uncode_shortcode_id=\u00bb657240&#8243;][vc_column_text uncode_shortcode_id=\u00bb485526&#8243;] Courses and Auditions Course for [&hellip;]","og_url":"https:\/\/www.enriqueigoa.com\/en\/cursos-y-conferencias\/","og_site_name":"Enrique Igoa. Composer and teacher","article_modified_time":"2026-01-05T10:00:10+00:00","twitter_card":"summary_large_image","twitter_misc":{"Tiempo de lectura":"8 minutos"},"schema":{"@context":"https:\/\/schema.org","@graph":[{"@type":"WebPage","@id":"https:\/\/www.enriqueigoa.com\/en\/cursos-y-conferencias\/","url":"https:\/\/www.enriqueigoa.com\/en\/cursos-y-conferencias\/","name":"Courses and Lectures - Enrique Igoa. Composer and teacher","isPartOf":{"@id":"https:\/\/www.enriqueigoa.com\/en\/#website"},"datePublished":"2017-10-03T11:03:23+00:00","dateModified":"2026-01-05T10:00:10+00:00","breadcrumb":{"@id":"https:\/\/www.enriqueigoa.com\/en\/cursos-y-conferencias\/#breadcrumb"},"inLanguage":"es","potentialAction":[{"@type":"ReadAction","target":["https:\/\/www.enriqueigoa.com\/en\/cursos-y-conferencias\/"]}]},{"@type":"BreadcrumbList","@id":"https:\/\/www.enriqueigoa.com\/en\/cursos-y-conferencias\/#breadcrumb","itemListElement":[{"@type":"ListItem","position":1,"name":"Portada","item":"https:\/\/www.enriqueigoa.com\/en\/"},{"@type":"ListItem","position":2,"name":"Courses and Lectures"}]},{"@type":"WebSite","@id":"https:\/\/www.enriqueigoa.com\/en\/#website","url":"https:\/\/www.enriqueigoa.com\/en\/","name":"Enrique Igoa. Compositor y profesor","description":"Composer, Professor of Musical Analysis and Musical researcher","publisher":{"@id":"https:\/\/www.enriqueigoa.com\/en\/#organization"},"potentialAction":[{"@type":"SearchAction","target":{"@type":"EntryPoint","urlTemplate":"https:\/\/www.enriqueigoa.com\/en\/?s={search_term_string}"},"query-input":{"@type":"PropertyValueSpecification","valueRequired":true,"valueName":"search_term_string"}}],"inLanguage":"es"},{"@type":"Organization","@id":"https:\/\/www.enriqueigoa.com\/en\/#organization","name":"Enrique Igoa","url":"https:\/\/www.enriqueigoa.com\/en\/","logo":{"@type":"ImageObject","inLanguage":"es","@id":"https:\/\/www.enriqueigoa.com\/en\/#\/schema\/logo\/image\/","url":"https:\/\/www.enriqueigoa.com\/en\/wp-content\/uploads\/2017\/10\/bio0.jpg","contentUrl":"https:\/\/www.enriqueigoa.com\/en\/wp-content\/uploads\/2017\/10\/bio0.jpg","width":400,"height":400,"caption":"Enrique Igoa"},"image":{"@id":"https:\/\/www.enriqueigoa.com\/en\/#\/schema\/logo\/image\/"},"sameAs":["https:\/\/www.linkedin.com\/in\/enriqueigoa\/?originalSubdomain=es","https:\/\/www.youtube.com\/channel\/UCTHPGgP1YEFhpnnNbbRhrQg\/videos?view=0&amp;amp;amp;amp;sort=p&amp;amp;amp;amp;flow=grid"]}]}},"_links":{"self":[{"href":"https:\/\/www.enriqueigoa.com\/en\/wp-json\/wp\/v2\/pages\/52","targetHints":{"allow":["GET"]}}],"collection":[{"href":"https:\/\/www.enriqueigoa.com\/en\/wp-json\/wp\/v2\/pages"}],"about":[{"href":"https:\/\/www.enriqueigoa.com\/en\/wp-json\/wp\/v2\/types\/page"}],"author":[{"embeddable":true,"href":"https:\/\/www.enriqueigoa.com\/en\/wp-json\/wp\/v2\/users\/1"}],"replies":[{"embeddable":true,"href":"https:\/\/www.enriqueigoa.com\/en\/wp-json\/wp\/v2\/comments?post=52"}],"version-history":[{"count":31,"href":"https:\/\/www.enriqueigoa.com\/en\/wp-json\/wp\/v2\/pages\/52\/revisions"}],"predecessor-version":[{"id":1139,"href":"https:\/\/www.enriqueigoa.com\/en\/wp-json\/wp\/v2\/pages\/52\/revisions\/1139"}],"wp:attachment":[{"href":"https:\/\/www.enriqueigoa.com\/en\/wp-json\/wp\/v2\/media?parent=52"}],"curies":[{"name":"wp","href":"https:\/\/api.w.org\/{rel}","templated":true}]}}